{"id":1008,"date":"2024-04-23T07:42:41","date_gmt":"2024-04-23T05:42:41","guid":{"rendered":"https:\/\/energieberatung-seeland.ch\/?page_id=1008"},"modified":"2024-04-23T09:15:09","modified_gmt":"2024-04-23T07:15:09","slug":"schulung-energetischer-massnahmennachweis-emn-fuer-gemeinden","status":"publish","type":"page","link":"https:\/\/energieberatung-seeland.ch\/de_de\/schulung-energetischer-massnahmennachweis-emn-fuer-gemeinden\/","title":{"rendered":"Schulung Energetischer Massnahmennachweis (EMN) f\u00fcr Gemeinden"},"content":{"rendered":"\n<p>Gerne laden wir Euch als kommunale Verantwortliche f\u00fcr die Bauverwaltung zu einer Schulung zum Thema: \u00abKantonales Energiegesetz (KEnG 2023) und Energetische Massnahmennachweise\u00bb ein.<br><br>Die Neuerungen (Heizungsersatz \/ gGEE) des Kantonalen Energiegesetzes werden noch einmal kurz erkl\u00e4rt und der neue Prozess im kommunalen Baugesuchs-Ablauf erl\u00e4utert.<br><br>Aufbauend auf den gesetzlichen Grundlagen des Kantons wird anhand einigen konkreten Beispiele erl\u00e4utert, wie die jeweiligen Nachweise (Einzelbauteil- &amp; Systemnachweis) gepr\u00fcft werden.<\/p>\n\n\n\n<p>Die Schulung findet vor Ort statt:<\/p>\n\n\n\n<ul class=\"wp-block-list\">\n<li>Dienstag 04.06.2024 von 14:00 bis ca. 16:00<br>City Hotel Biel<br>Aarbergstrasse 29, 2503 Biel<\/li>\n<\/ul>\n\n\n\n<p>Um Anmeldung wird gebeten bis zum: <strong>21.05.2024<\/strong> unter <a href=\"mailto:info@energieberatung-seeland.ch\">info@energieberatung-seeland.ch<\/a> mit Betreff: \u00abAnmeldung Schulung EMN 04.06.\u00bb<br><br>M\u00f6chten Sie, dass wir im Rahmen dieser Veranstaltung zus\u00e4tzlich auf Ihre spezifischen Fragestellungen eingehen, k\u00f6nnen Sie sich gerne im Vorfeld direkt bei uns melden.<br><br>Bei sonstigen Fragen oder Unklarheiten stehen wir Euch gern zur Verf\u00fcgung.<\/p>\n\n\n\n<iframe src=\"https:\/\/www.google.com\/maps\/embed?pb=!1m18!1m12!1m3!1d2714.389203152358!2d7.236842576280773!3d47.13064052072378!2m3!1f0!2f0!3f0!3m2!1i1024!2i768!4f13.1!3m3!1m2!1s0x478e195af7017623%3A0x4be5c219b7e0b2df!2sCity%20Hotel%20Biel%20Bienne!5e0!3m2!1sen!2sus!4v1713852873984!5m2!1sen!2sus\" width=\"600\" height=\"450\" style=\"border:0;\" allowfullscreen=\"\" loading=\"lazy\" referrerpolicy=\"no-referrer-when-downgrade\"><\/iframe>\n\n\n\n<p><\/p>\n\n\n\n<p><\/p>\n","protected":false},"excerpt":{"rendered":"<p>Gerne laden wir Euch als kommunale Verantwortliche f\u00fcr die Bauverwaltung zu einer Schulung zum Thema: \u00abKantonales Energiegesetz (KEnG 2023) und Energetische Massnahmennachweise\u00bb ein. Die Neuerungen (Heizungsersatz \/ gGEE) des Kantonalen Energiegesetzes werden noch einmal kurz erkl\u00e4rt und der neue Prozess im kommunalen Baugesuchs-Ablauf erl\u00e4utert. Aufbauend auf den gesetzlichen Grundlagen des Kantons wird anhand einigen konkreten [&hellip;]<\/p>\n","protected":false},"author":2,"featured_media":0,"parent":0,"menu_order":0,"comment_status":"closed","ping_status":"closed","template":"","meta":{"_uag_custom_page_level_css":"","site-sidebar-layout":"default","site-content-layout":"","ast-site-content-layout":"default","site-content-style":"default","site-sidebar-style":"default","ast-global-header-display":"","ast-banner-title-visibility":"","ast-main-header-display":"","ast-hfb-above-header-display":"","ast-hfb-below-header-display":"","ast-hfb-mobile-header-display":"","site-post-title":"","ast-breadcrumbs-content":"","ast-featured-img":"","footer-sml-layout":"","ast-disable-related-posts":"","theme-transparent-header-meta":"","adv-header-id-meta":"","stick-header-meta":"","header-above-stick-meta":"","header-main-stick-meta":"","header-below-stick-meta":"","astra-migrate-meta-layouts":"set","ast-page-background-enabled":"default","ast-page-background-meta":{"desktop":{"background-color":"var(--ast-global-color-4)","background-image":"","background-repeat":"repeat","background-position":"center center","background-size":"auto","background-attachment":"scroll","background-type":"","background-media":"","overlay-type":"","overlay-color":"","overlay-opacity":"","overlay-gradient":""},"tablet":{"background-color":"","background-image":"","background-repeat":"repeat","background-position":"center center","background-size":"auto","background-attachment":"scroll","background-type":"","background-media":"","overlay-type":"","overlay-color":"","overlay-opacity":"","overlay-gradient":""},"mobile":{"background-color":"","background-image":"","background-repeat":"repeat","background-position":"center center","background-size":"auto","background-attachment":"scroll","background-type":"","background-media":"","overlay-type":"","overlay-color":"","overlay-opacity":"","overlay-gradient":""}},"ast-content-background-meta":{"desktop":{"background-color":"var(--ast-global-color-5)","background-image":"","background-repeat":"repeat","background-position":"center center","background-size":"auto","background-attachment":"scroll","background-type":"","background-media":"","overlay-type":"","overlay-color":"","overlay-opacity":"","overlay-gradient":""},"tablet":{"background-color":"var(--ast-global-color-5)","background-image":"","background-repeat":"repeat","background-position":"center center","background-size":"auto","background-attachment":"scroll","background-type":"","background-media":"","overlay-type":"","overlay-color":"","overlay-opacity":"","overlay-gradient":""},"mobile":{"background-color":"var(--ast-global-color-5)","background-image":"","background-repeat":"repeat","background-position":"center center","background-size":"auto","background-attachment":"scroll","background-type":"","background-media":"","overlay-type":"","overlay-color":"","overlay-opacity":"","overlay-gradient":""}},"footnotes":""},"class_list":["post-1008","page","type-page","status-publish","hentry"],"uagb_featured_image_src":{"full":false,"thumbnail":false,"medium":false,"medium_large":false,"large":false,"1536x1536":false,"2048x2048":false,"trp-custom-language-flag":false},"uagb_author_info":{"display_name":"Beat Bachmann","author_link":"https:\/\/energieberatung-seeland.ch\/de_de\/author\/lehnherre\/"},"uagb_comment_info":0,"uagb_excerpt":"Gerne laden wir Euch als kommunale Verantwortliche f\u00fcr die Bauverwaltung zu einer Schulung zum Thema: \u00abKantonales Energiegesetz (KEnG 2023) und Energetische Massnahmennachweise\u00bb ein. Die Neuerungen (Heizungsersatz \/ gGEE) des Kantonalen Energiegesetzes werden noch einmal kurz erkl\u00e4rt und der neue Prozess im kommunalen Baugesuchs-Ablauf erl\u00e4utert. Aufbauend auf den gesetzlichen Grundlagen des Kantons wird anhand einigen konkreten&hellip;","_links":{"self":[{"href":"https:\/\/energieberatung-seeland.ch\/de_de\/wp-json\/wp\/v2\/pages\/1008","targetHints":{"allow":["GET"]}}],"collection":[{"href":"https:\/\/energieberatung-seeland.ch\/de_de\/wp-json\/wp\/v2\/pages"}],"about":[{"href":"https:\/\/energieberatung-seeland.ch\/de_de\/wp-json\/wp\/v2\/types\/page"}],"author":[{"embeddable":true,"href":"https:\/\/energieberatung-seeland.ch\/de_de\/wp-json\/wp\/v2\/users\/2"}],"replies":[{"embeddable":true,"href":"https:\/\/energieberatung-seeland.ch\/de_de\/wp-json\/wp\/v2\/comments?post=1008"}],"version-history":[{"count":9,"href":"https:\/\/energieberatung-seeland.ch\/de_de\/wp-json\/wp\/v2\/pages\/1008\/revisions"}],"predecessor-version":[{"id":1032,"href":"https:\/\/energieberatung-seeland.ch\/de_de\/wp-json\/wp\/v2\/pages\/1008\/revisions\/1032"}],"wp:attachment":[{"href":"https:\/\/energieberatung-seeland.ch\/de_de\/wp-json\/wp\/v2\/media?parent=1008"}],"curies":[{"name":"wp","href":"https:\/\/api.w.org\/{rel}","templated":true}]}}