{"id":1075,"date":"2024-05-03T14:00:05","date_gmt":"2024-05-03T12:00:05","guid":{"rendered":"https:\/\/energieberatung-seeland.ch\/?page_id=1075"},"modified":"2024-05-08T10:24:49","modified_gmt":"2024-05-08T08:24:49","slug":"infoveranstaltung-photovoltaik-und-solarthermie","status":"publish","type":"page","link":"https:\/\/energieberatung-seeland.ch\/de_de\/infoveranstaltung-photovoltaik-und-solarthermie\/","title":{"rendered":"Infoveranstaltung Photovoltaik und Solarthermie"},"content":{"rendered":"\n<p><strong>Donnerstag, 16. Mai 2024, 19:00 &#8211; 21:00 im Rathaussaal B\u00fcren a.A. (Hauptgasse 10)<\/strong><\/p>\n\n\n\n<p>Die Nutzung der Solarenergie zur Erzeugung von Elektrizit\u00e4t und W\u00e4rme hat sich durchgesetzt und wurde aufgrund der steigenden Energiepreise und der g\u00fcnstigeren Preise der Komponenten stetig attraktiver. Um positive Umsetzungsbeispiele und Ratschl\u00e4ge f\u00fcr eine erfolgreiche Umsetzung zu erhalten, organisiert die Energiekommission diesen Informationsanlass zum Thema Solarenergie.<\/p>\n\n\n\n<p>Lassen Sie sich durch die Praxiserfahrung der Referenten inspirieren und nutzen Sie den Infoanlass, um den ersten Schritt zu machen, um zuk\u00fcnftig selbst erneuerbare Energie zu erzeugen.<\/p>\n\n\n\n<p><strong>Themen der Veranstaltung<\/strong>:<\/p>\n\n\n\n<ul class=\"wp-block-list\">\n<li><strong>F\u00f6rderprogramme, gesetzliche Vorgaben<\/strong><br>Beat Bachmann, Energieberater \/ \u00d6ffentliche Energieberatung Seeland<\/li>\n\n\n\n<li><strong>Solarthermie<\/strong><br>Josef Jenni, Solarthermie Experte \/ Jenni Energietechnik AG<\/li>\n\n\n\n<li><strong>Planung Photovoltaik<\/strong><br>J\u00f6rg Rothenb\u00fchler, PV-Gutachter \/ Emch + Berger Revelio AG<\/li>\n\n\n\n<li><strong>Aus der Praxis<\/strong><br>Romeo Menduni, Sales Engineer Helion, Martin Weber, Experte Heizungsmacher<\/li>\n<\/ul>\n","protected":false},"excerpt":{"rendered":"<p>Donnerstag, 16. Mai 2024, 19:00 &#8211; 21:00 im Rathaussaal B\u00fcren a.A. (Hauptgasse 10) Die Nutzung der Solarenergie zur Erzeugung von Elektrizit\u00e4t und W\u00e4rme hat sich durchgesetzt und wurde aufgrund der steigenden Energiepreise und der g\u00fcnstigeren Preise der Komponenten stetig attraktiver. Um positive Umsetzungsbeispiele und Ratschl\u00e4ge f\u00fcr eine erfolgreiche Umsetzung zu erhalten, organisiert die Energiekommission diesen [&hellip;]<\/p>\n","protected":false},"author":2,"featured_media":0,"parent":0,"menu_order":0,"comment_status":"closed","ping_status":"closed","template":"","meta":{"_uag_custom_page_level_css":"","site-sidebar-layout":"default","site-content-layout":"","ast-site-content-layout":"default","site-content-style":"default","site-sidebar-style":"default","ast-global-header-display":"","ast-banner-title-visibility":"","ast-main-header-display":"","ast-hfb-above-header-display":"","ast-hfb-below-header-display":"","ast-hfb-mobile-header-display":"","site-post-title":"","ast-breadcrumbs-content":"","ast-featured-img":"","footer-sml-layout":"","ast-disable-related-posts":"","theme-transparent-header-meta":"","adv-header-id-meta":"","stick-header-meta":"","header-above-stick-meta":"","header-main-stick-meta":"","header-below-stick-meta":"","astra-migrate-meta-layouts":"set","ast-page-background-enabled":"default","ast-page-background-meta":{"desktop":{"background-color":"var(--ast-global-color-4)","background-image":"","background-repeat":"repeat","background-position":"center center","background-size":"auto","background-attachment":"scroll","background-type":"","background-media":"","overlay-type":"","overlay-color":"","overlay-opacity":"","overlay-gradient":""},"tablet":{"background-color":"","background-image":"","background-repeat":"repeat","background-position":"center center","background-size":"auto","background-attachment":"scroll","background-type":"","background-media":"","overlay-type":"","overlay-color":"","overlay-opacity":"","overlay-gradient":""},"mobile":{"background-color":"","background-image":"","background-repeat":"repeat","background-position":"center center","background-size":"auto","background-attachment":"scroll","background-type":"","background-media":"","overlay-type":"","overlay-color":"","overlay-opacity":"","overlay-gradient":""}},"ast-content-background-meta":{"desktop":{"background-color":"var(--ast-global-color-5)","background-image":"","background-repeat":"repeat","background-position":"center center","background-size":"auto","background-attachment":"scroll","background-type":"","background-media":"","overlay-type":"","overlay-color":"","overlay-opacity":"","overlay-gradient":""},"tablet":{"background-color":"var(--ast-global-color-5)","background-image":"","background-repeat":"repeat","background-position":"center center","background-size":"auto","background-attachment":"scroll","background-type":"","background-media":"","overlay-type":"","overlay-color":"","overlay-opacity":"","overlay-gradient":""},"mobile":{"background-color":"var(--ast-global-color-5)","background-image":"","background-repeat":"repeat","background-position":"center center","background-size":"auto","background-attachment":"scroll","background-type":"","background-media":"","overlay-type":"","overlay-color":"","overlay-opacity":"","overlay-gradient":""}},"footnotes":""},"class_list":["post-1075","page","type-page","status-publish","hentry"],"uagb_featured_image_src":{"full":false,"thumbnail":false,"medium":false,"medium_large":false,"large":false,"1536x1536":false,"2048x2048":false,"trp-custom-language-flag":false},"uagb_author_info":{"display_name":"Beat Bachmann","author_link":"https:\/\/energieberatung-seeland.ch\/de_de\/author\/lehnherre\/"},"uagb_comment_info":0,"uagb_excerpt":"Donnerstag, 16. Mai 2024, 19:00 &#8211; 21:00 im Rathaussaal B\u00fcren a.A. (Hauptgasse 10) Die Nutzung der Solarenergie zur Erzeugung von Elektrizit\u00e4t und W\u00e4rme hat sich durchgesetzt und wurde aufgrund der steigenden Energiepreise und der g\u00fcnstigeren Preise der Komponenten stetig attraktiver. Um positive Umsetzungsbeispiele und Ratschl\u00e4ge f\u00fcr eine erfolgreiche Umsetzung zu erhalten, organisiert die Energiekommission diesen&hellip;","_links":{"self":[{"href":"https:\/\/energieberatung-seeland.ch\/de_de\/wp-json\/wp\/v2\/pages\/1075","targetHints":{"allow":["GET"]}}],"collection":[{"href":"https:\/\/energieberatung-seeland.ch\/de_de\/wp-json\/wp\/v2\/pages"}],"about":[{"href":"https:\/\/energieberatung-seeland.ch\/de_de\/wp-json\/wp\/v2\/types\/page"}],"author":[{"embeddable":true,"href":"https:\/\/energieberatung-seeland.ch\/de_de\/wp-json\/wp\/v2\/users\/2"}],"replies":[{"embeddable":true,"href":"https:\/\/energieberatung-seeland.ch\/de_de\/wp-json\/wp\/v2\/comments?post=1075"}],"version-history":[{"count":3,"href":"https:\/\/energieberatung-seeland.ch\/de_de\/wp-json\/wp\/v2\/pages\/1075\/revisions"}],"predecessor-version":[{"id":1081,"href":"https:\/\/energieberatung-seeland.ch\/de_de\/wp-json\/wp\/v2\/pages\/1075\/revisions\/1081"}],"wp:attachment":[{"href":"https:\/\/energieberatung-seeland.ch\/de_de\/wp-json\/wp\/v2\/media?parent=1075"}],"curies":[{"name":"wp","href":"https:\/\/api.w.org\/{rel}","templated":true}]}}