{"id":1086,"date":"2024-05-16T08:33:47","date_gmt":"2024-05-16T06:33:47","guid":{"rendered":"https:\/\/energieberatung-seeland.ch\/?page_id=1086"},"modified":"2024-05-16T08:58:47","modified_gmt":"2024-05-16T06:58:47","slug":"generalversammlung-hev-biel-und-umgebung-am-29-05-2024","status":"publish","type":"page","link":"https:\/\/energieberatung-seeland.ch\/de_de\/generalversammlung-hev-biel-und-umgebung-am-29-05-2024\/","title":{"rendered":"Generalversammlung HEV Biel und Umgebung am 29.05.2024"},"content":{"rendered":"\n<p>Die diesj\u00e4hrige ordentliche Generalversammlung des Hauseigent\u00fcmerverbands Biel und Umgebung findet statt:<\/p>\n\n\n\n<ul class=\"wp-block-list\">\n<li><strong>Mittwoch, 29. Mai 2024 um 19:00 Uhr<\/strong><\/li>\n\n\n\n<li><strong>Aula des BFB am Robert-Walser-Platz 9, 2501 Biel<\/strong><\/li>\n<\/ul>\n\n\n\n<p><br><strong>Traktanden:<\/strong><br>1. Begr\u00fcssung durch die Pr\u00e4sidentin<br>2. Wahl der Stimmenz\u00e4hler<br>3. Protokoll der Generalversammlung vom 22.05.2023<br>4. Genehmigung Jahresbericht der Pr\u00e4sidentin<br>5. Jahresrechnung, Revisorenbericht; Genehmigung Jahresbericht und Entlastung des Vorstandes<br>6. Budget 2025 und Festsetzung der Mitgliederbeitr\u00e4ge<br>7. Antr\u00e4ge von Mitgliedern<br>8. Verschiedenes<\/p>\n\n\n\n<p>Die Jahresrechnung kann bei der Gesch\u00e4ftsstelle am Bahnhofplatz 1 in Biel eingesehen werden.<\/p>\n\n\n\n<p><strong>2. Teil: &#8222;Wirtschaftliche Energiel\u00f6sungen: W\u00e4rmepumpen und Photovoltaik&#8220;<\/strong><br>Zweisprachiges Referat: Herr Beat Bachmann und Herr Romain Schindelholz, \u00d6ffentliche Energieberatung Seeland<br><br>Im Anschluss an das Referat wird lhnen vom HEV Biel und Umgebung ein Ap\u00e9ro offeriert.<\/p>\n\n\n\n<p><\/p>\n","protected":false},"excerpt":{"rendered":"<p>Die diesj\u00e4hrige ordentliche Generalversammlung des Hauseigent\u00fcmerverbands Biel und Umgebung findet statt: Traktanden:1. Begr\u00fcssung durch die Pr\u00e4sidentin2. Wahl der Stimmenz\u00e4hler3. Protokoll der Generalversammlung vom 22.05.20234. Genehmigung Jahresbericht der Pr\u00e4sidentin5. Jahresrechnung, Revisorenbericht; Genehmigung Jahresbericht und Entlastung des Vorstandes6. Budget 2025 und Festsetzung der Mitgliederbeitr\u00e4ge7. Antr\u00e4ge von Mitgliedern8. Verschiedenes Die Jahresrechnung kann bei der Gesch\u00e4ftsstelle am Bahnhofplatz 1 [&hellip;]<\/p>\n","protected":false},"author":2,"featured_media":0,"parent":0,"menu_order":0,"comment_status":"closed","ping_status":"closed","template":"","meta":{"_uag_custom_page_level_css":"","site-sidebar-layout":"default","site-content-layout":"","ast-site-content-layout":"default","site-content-style":"default","site-sidebar-style":"default","ast-global-header-display":"","ast-banner-title-visibility":"","ast-main-header-display":"","ast-hfb-above-header-display":"","ast-hfb-below-header-display":"","ast-hfb-mobile-header-display":"","site-post-title":"","ast-breadcrumbs-content":"","ast-featured-img":"","footer-sml-layout":"","ast-disable-related-posts":"","theme-transparent-header-meta":"","adv-header-id-meta":"","stick-header-meta":"","header-above-stick-meta":"","header-main-stick-meta":"","header-below-stick-meta":"","astra-migrate-meta-layouts":"set","ast-page-background-enabled":"default","ast-page-background-meta":{"desktop":{"background-color":"var(--ast-global-color-4)","background-image":"","background-repeat":"repeat","background-position":"center center","background-size":"auto","background-attachment":"scroll","background-type":"","background-media":"","overlay-type":"","overlay-color":"","overlay-opacity":"","overlay-gradient":""},"tablet":{"background-color":"","background-image":"","background-repeat":"repeat","background-position":"center center","background-size":"auto","background-attachment":"scroll","background-type":"","background-media":"","overlay-type":"","overlay-color":"","overlay-opacity":"","overlay-gradient":""},"mobile":{"background-color":"","background-image":"","background-repeat":"repeat","background-position":"center center","background-size":"auto","background-attachment":"scroll","background-type":"","background-media":"","overlay-type":"","overlay-color":"","overlay-opacity":"","overlay-gradient":""}},"ast-content-background-meta":{"desktop":{"background-color":"var(--ast-global-color-5)","background-image":"","background-repeat":"repeat","background-position":"center center","background-size":"auto","background-attachment":"scroll","background-type":"","background-media":"","overlay-type":"","overlay-color":"","overlay-opacity":"","overlay-gradient":""},"tablet":{"background-color":"var(--ast-global-color-5)","background-image":"","background-repeat":"repeat","background-position":"center center","background-size":"auto","background-attachment":"scroll","background-type":"","background-media":"","overlay-type":"","overlay-color":"","overlay-opacity":"","overlay-gradient":""},"mobile":{"background-color":"var(--ast-global-color-5)","background-image":"","background-repeat":"repeat","background-position":"center center","background-size":"auto","background-attachment":"scroll","background-type":"","background-media":"","overlay-type":"","overlay-color":"","overlay-opacity":"","overlay-gradient":""}},"footnotes":""},"class_list":["post-1086","page","type-page","status-publish","hentry"],"uagb_featured_image_src":{"full":false,"thumbnail":false,"medium":false,"medium_large":false,"large":false,"1536x1536":false,"2048x2048":false,"trp-custom-language-flag":false},"uagb_author_info":{"display_name":"Beat Bachmann","author_link":"https:\/\/energieberatung-seeland.ch\/de_de\/author\/lehnherre\/"},"uagb_comment_info":0,"uagb_excerpt":"Die diesj\u00e4hrige ordentliche Generalversammlung des Hauseigent\u00fcmerverbands Biel und Umgebung findet statt: Traktanden:1. Begr\u00fcssung durch die Pr\u00e4sidentin2. Wahl der Stimmenz\u00e4hler3. Protokoll der Generalversammlung vom 22.05.20234. Genehmigung Jahresbericht der Pr\u00e4sidentin5. Jahresrechnung, Revisorenbericht; Genehmigung Jahresbericht und Entlastung des Vorstandes6. Budget 2025 und Festsetzung der Mitgliederbeitr\u00e4ge7. Antr\u00e4ge von Mitgliedern8. Verschiedenes Die Jahresrechnung kann bei der Gesch\u00e4ftsstelle am Bahnhofplatz 1&hellip;","_links":{"self":[{"href":"https:\/\/energieberatung-seeland.ch\/de_de\/wp-json\/wp\/v2\/pages\/1086","targetHints":{"allow":["GET"]}}],"collection":[{"href":"https:\/\/energieberatung-seeland.ch\/de_de\/wp-json\/wp\/v2\/pages"}],"about":[{"href":"https:\/\/energieberatung-seeland.ch\/de_de\/wp-json\/wp\/v2\/types\/page"}],"author":[{"embeddable":true,"href":"https:\/\/energieberatung-seeland.ch\/de_de\/wp-json\/wp\/v2\/users\/2"}],"replies":[{"embeddable":true,"href":"https:\/\/energieberatung-seeland.ch\/de_de\/wp-json\/wp\/v2\/comments?post=1086"}],"version-history":[{"count":5,"href":"https:\/\/energieberatung-seeland.ch\/de_de\/wp-json\/wp\/v2\/pages\/1086\/revisions"}],"predecessor-version":[{"id":1097,"href":"https:\/\/energieberatung-seeland.ch\/de_de\/wp-json\/wp\/v2\/pages\/1086\/revisions\/1097"}],"wp:attachment":[{"href":"https:\/\/energieberatung-seeland.ch\/de_de\/wp-json\/wp\/v2\/media?parent=1086"}],"curies":[{"name":"wp","href":"https:\/\/api.w.org\/{rel}","templated":true}]}}