{"id":1120,"date":"2024-06-06T11:24:08","date_gmt":"2024-06-06T09:24:08","guid":{"rendered":"https:\/\/energieberatung-seeland.ch\/?page_id=1120"},"modified":"2024-06-07T07:09:12","modified_gmt":"2024-06-07T05:09:12","slug":"rueckblick-schulung-fuer-gemeinden","status":"publish","type":"page","link":"https:\/\/energieberatung-seeland.ch\/de_de\/rueckblick-schulung-fuer-gemeinden\/","title":{"rendered":"R\u00fcckblick Schulung zum Energetischen Massnahmenachweis"},"content":{"rendered":"\n<p>Am 23.05.2024 fand die Schulung zum Energetischen Massnahenachweis (EMN) f\u00fcr Fachpersonen, Planende und Ausstellende von EMN statt, und jene f\u00fcr die Seel\u00e4nder Gemeinden am 4. Juni 2024 &#8211; mit vollem Erfolg! Insgesamt 50 Personen haben an der Schulung und dem Erfahrungsaustausch teilgenommen, von einander gelernt und diskutiert. <br><br><strong>Schulung f\u00fcr Fachpersonen:<\/strong><br>Aufbauend auf den gesetzlichen Grundlagen des Kantons wurden die Anforderungen, die notwendigen Unterlagen und das korrekte Erstellen des jeweiligen Nachweises erl\u00e4utert und anhand einiger konkreter Beispiele aufgezeigt.<br><br><strong>Schulung f\u00fcr kommunale Verantwortliche der Bauverwaltung:<\/strong><br>Die Neuerungen (Heizungsersatz \/ gewichtete Gesamtenergieeffizienz) des Kantonalen Energiegesetzes wurden noch einmal kurz erkl\u00e4rt und der neue Prozess im kommunalen Baugesuchsablauf erl\u00e4utert. Aufbauend auf den gesetzlichen Grundlagen des Kantons wurde anhand einiger konkreter Beispiele erl\u00e4utert, wie die jeweiligen Nachweise (Einzelbauteil- &amp; Systemnachweis) gepr\u00fcft werden.<br><br>An beiden Veranstaltungen war auch eine Vertreterin des Kantons vor Ort, um Fragen zu beantworten.<\/p>\n\n\n\n<div class=\"wp-block-uagb-image uagb-block-2daf08a7 wp-block-uagb-image--layout-default wp-block-uagb-image--effect-static wp-block-uagb-image--align-none\"><figure class=\"wp-block-uagb-image__figure\"><img loading=\"lazy\" decoding=\"async\" srcset=\"https:\/\/energieberatung-seeland.ch\/wp-content\/uploads\/2024\/06\/EMN-Gemeinden-1024x491.png ,https:\/\/energieberatung-seeland.ch\/wp-content\/uploads\/2024\/06\/EMN-Gemeinden.png 780w, https:\/\/energieberatung-seeland.ch\/wp-content\/uploads\/2024\/06\/EMN-Gemeinden.png 360w\" sizes=\"auto, (max-width: 480px) 150px\" src=\"https:\/\/energieberatung-seeland.ch\/wp-content\/uploads\/2024\/06\/EMN-Gemeinden-1024x491.png\" alt=\"\" class=\"uag-image-1117\" width=\"1024\" height=\"491\" title=\"EMN-Gemeinden\" loading=\"lazy\" role=\"img\"\/><\/figure><\/div>\n\n\n\n<p><em>Bild: Schulung f\u00fcr Gemeinden vom 4. Juni 2024 zum Thema &#8222;Kantonales Energiegesetz &amp; Energetischer Massnahmenachweis&#8220;<\/em><\/p>\n","protected":false},"excerpt":{"rendered":"<p>Am 23.05.2024 fand die Schulung zum Energetischen Massnahenachweis (EMN) f\u00fcr Fachpersonen, Planende und Ausstellende von EMN statt, und jene f\u00fcr die Seel\u00e4nder Gemeinden am 4. Juni 2024 &#8211; mit vollem Erfolg! Insgesamt 50 Personen haben an der Schulung und dem Erfahrungsaustausch teilgenommen, von einander gelernt und diskutiert. Schulung f\u00fcr Fachpersonen:Aufbauend auf den gesetzlichen Grundlagen des [&hellip;]<\/p>\n","protected":false},"author":2,"featured_media":0,"parent":0,"menu_order":0,"comment_status":"closed","ping_status":"closed","template":"","meta":{"_uag_custom_page_level_css":"","site-sidebar-layout":"default","site-content-layout":"","ast-site-content-layout":"default","site-content-style":"default","site-sidebar-style":"default","ast-global-header-display":"","ast-banner-title-visibility":"","ast-main-header-display":"","ast-hfb-above-header-display":"","ast-hfb-below-header-display":"","ast-hfb-mobile-header-display":"","site-post-title":"","ast-breadcrumbs-content":"","ast-featured-img":"","footer-sml-layout":"","ast-disable-related-posts":"","theme-transparent-header-meta":"","adv-header-id-meta":"","stick-header-meta":"","header-above-stick-meta":"","header-main-stick-meta":"","header-below-stick-meta":"","astra-migrate-meta-layouts":"set","ast-page-background-enabled":"default","ast-page-background-meta":{"desktop":{"background-color":"var(--ast-global-color-4)","background-image":"","background-repeat":"repeat","background-position":"center center","background-size":"auto","background-attachment":"scroll","background-type":"","background-media":"","overlay-type":"","overlay-color":"","overlay-opacity":"","overlay-gradient":""},"tablet":{"background-color":"","background-image":"","background-repeat":"repeat","background-position":"center center","background-size":"auto","background-attachment":"scroll","background-type":"","background-media":"","overlay-type":"","overlay-color":"","overlay-opacity":"","overlay-gradient":""},"mobile":{"background-color":"","background-image":"","background-repeat":"repeat","background-position":"center center","background-size":"auto","background-attachment":"scroll","background-type":"","background-media":"","overlay-type":"","overlay-color":"","overlay-opacity":"","overlay-gradient":""}},"ast-content-background-meta":{"desktop":{"background-color":"var(--ast-global-color-5)","background-image":"","background-repeat":"repeat","background-position":"center center","background-size":"auto","background-attachment":"scroll","background-type":"","background-media":"","overlay-type":"","overlay-color":"","overlay-opacity":"","overlay-gradient":""},"tablet":{"background-color":"var(--ast-global-color-5)","background-image":"","background-repeat":"repeat","background-position":"center center","background-size":"auto","background-attachment":"scroll","background-type":"","background-media":"","overlay-type":"","overlay-color":"","overlay-opacity":"","overlay-gradient":""},"mobile":{"background-color":"var(--ast-global-color-5)","background-image":"","background-repeat":"repeat","background-position":"center center","background-size":"auto","background-attachment":"scroll","background-type":"","background-media":"","overlay-type":"","overlay-color":"","overlay-opacity":"","overlay-gradient":""}},"footnotes":""},"class_list":["post-1120","page","type-page","status-publish","hentry"],"uagb_featured_image_src":{"full":false,"thumbnail":false,"medium":false,"medium_large":false,"large":false,"1536x1536":false,"2048x2048":false,"trp-custom-language-flag":false},"uagb_author_info":{"display_name":"Beat Bachmann","author_link":"https:\/\/energieberatung-seeland.ch\/de_de\/author\/lehnherre\/"},"uagb_comment_info":0,"uagb_excerpt":"Am 23.05.2024 fand die Schulung zum Energetischen Massnahenachweis (EMN) f\u00fcr Fachpersonen, Planende und Ausstellende von EMN statt, und jene f\u00fcr die Seel\u00e4nder Gemeinden am 4. Juni 2024 &#8211; mit vollem Erfolg! Insgesamt 50 Personen haben an der Schulung und dem Erfahrungsaustausch teilgenommen, von einander gelernt und diskutiert. Schulung f\u00fcr Fachpersonen:Aufbauend auf den gesetzlichen Grundlagen des&hellip;","_links":{"self":[{"href":"https:\/\/energieberatung-seeland.ch\/de_de\/wp-json\/wp\/v2\/pages\/1120","targetHints":{"allow":["GET"]}}],"collection":[{"href":"https:\/\/energieberatung-seeland.ch\/de_de\/wp-json\/wp\/v2\/pages"}],"about":[{"href":"https:\/\/energieberatung-seeland.ch\/de_de\/wp-json\/wp\/v2\/types\/page"}],"author":[{"embeddable":true,"href":"https:\/\/energieberatung-seeland.ch\/de_de\/wp-json\/wp\/v2\/users\/2"}],"replies":[{"embeddable":true,"href":"https:\/\/energieberatung-seeland.ch\/de_de\/wp-json\/wp\/v2\/comments?post=1120"}],"version-history":[{"count":5,"href":"https:\/\/energieberatung-seeland.ch\/de_de\/wp-json\/wp\/v2\/pages\/1120\/revisions"}],"predecessor-version":[{"id":1132,"href":"https:\/\/energieberatung-seeland.ch\/de_de\/wp-json\/wp\/v2\/pages\/1120\/revisions\/1132"}],"wp:attachment":[{"href":"https:\/\/energieberatung-seeland.ch\/de_de\/wp-json\/wp\/v2\/media?parent=1120"}],"curies":[{"name":"wp","href":"https:\/\/api.w.org\/{rel}","templated":true}]}}