{"id":1194,"date":"2024-09-02T09:47:36","date_gmt":"2024-09-02T07:47:36","guid":{"rendered":"https:\/\/energieberatung-seeland.ch\/?page_id=1194"},"modified":"2024-09-02T09:47:41","modified_gmt":"2024-09-02T07:47:41","slug":"unterstuetzung-der-gemeinden-bei-ihren-klimastrategien-energie-und-klimadatenplattform-des-kanton-bern","status":"publish","type":"page","link":"https:\/\/energieberatung-seeland.ch\/de_de\/unterstuetzung-der-gemeinden-bei-ihren-klimastrategien-energie-und-klimadatenplattform-des-kanton-bern\/","title":{"rendered":"Unterst\u00fctzung der Gemeinden bei ihren Klimastrategien: Energie- und Klimadatenplattform des Kanton Bern"},"content":{"rendered":"\n<p>Der Kanton Bern unterst\u00fctzt Gemeinden auf dem Weg zur Klimaneutralit\u00e4t bis 2050. Die <a href=\"https:\/\/www.weu.be.ch\/de\/start\/themen\/energie\/energiedatenplattform.html\" target=\"_blank\" rel=\"noreferrer noopener\">Energie- und Klimadatenplattform<\/a> dient den Gemeinden als Monitoring-Instrument. Darin lassen sich Energie- und Klimadaten auf Gemeindeebene darstellen und Erfolge auf dem Weg zur Klimaneutralit\u00e4t sichtbar machen. Zudem unterst\u00fctzt der Kanton neu kommunale Klimastrategien auch finanziell.<\/p>\n\n\n\n<p><strong>Der Kanton Bern unterst\u00fctzt die Berner Gemeinden einerseits in Form von Daten mit der neuen Energie- und Klimadatenplattform, und andererseits finanziell in Form einer Unterst\u00fctzung von 50% der Kosten bis CHF 20&#8217;000 f\u00fcr die Erstellung einer Klimastrategie.<\/strong> <\/p>\n\n\n\n<p>Mit der Energie- und Klimadatenplattform werden die Energie- und Klimadaten auf Gemeindeebene mittels kantonalen Erhebungen und Modelldaten abgebildet. Innerhalb dieser Plattform k\u00f6nnen via dem <a href=\"https:\/\/www.energis.apps.be.ch\/home\" target=\"_blank\" rel=\"noreferrer noopener\">Klimadashboard <\/a>Emissionswerte aus den Bereichen W\u00e4rme, Verkehr, Industrie und Landwirtschaft pro Gemeinde dargestellt werden.<\/p>\n\n\n\n<p>Basierend auf den vom Kanton zur Verf\u00fcgung gestellten Daten k\u00f6nnen die Gemeinden Klimastrategien erarbeiten, welche vom Kanton finanziell unterst\u00fctzt werden. Dabei gilt es, konkrete Massnahmen zur Reduktion der Treibhausgasemissionen zu erarbeiten und die Anpassung an den Klimawandel zu definieren.<\/p>\n\n\n\n<p>Weitere Informationen finden Sie <a href=\"https:\/\/www.be.ch\/de\/start\/dienstleistungen\/medien\/medienmitteilungen.html?newsID=e283272c-bfcf-4bca-bdab-71f5d907ed98\" target=\"_blank\" rel=\"noreferrer noopener\">hier<\/a>.<\/p>\n\n\n\n<p> <\/p>\n","protected":false},"excerpt":{"rendered":"<p>Der Kanton Bern unterst\u00fctzt Gemeinden auf dem Weg zur Klimaneutralit\u00e4t bis 2050. Die Energie- und Klimadatenplattform dient den Gemeinden als Monitoring-Instrument. Darin lassen sich Energie- und Klimadaten auf Gemeindeebene darstellen und Erfolge auf dem Weg zur Klimaneutralit\u00e4t sichtbar machen. Zudem unterst\u00fctzt der Kanton neu kommunale Klimastrategien auch finanziell. Der Kanton Bern unterst\u00fctzt die Berner Gemeinden [&hellip;]<\/p>\n","protected":false},"author":2,"featured_media":0,"parent":0,"menu_order":0,"comment_status":"closed","ping_status":"closed","template":"","meta":{"_uag_custom_page_level_css":"","site-sidebar-layout":"default","site-content-layout":"","ast-site-content-layout":"default","site-content-style":"default","site-sidebar-style":"default","ast-global-header-display":"","ast-banner-title-visibility":"","ast-main-header-display":"","ast-hfb-above-header-display":"","ast-hfb-below-header-display":"","ast-hfb-mobile-header-display":"","site-post-title":"","ast-breadcrumbs-content":"","ast-featured-img":"","footer-sml-layout":"","ast-disable-related-posts":"","theme-transparent-header-meta":"","adv-header-id-meta":"","stick-header-meta":"","header-above-stick-meta":"","header-main-stick-meta":"","header-below-stick-meta":"","astra-migrate-meta-layouts":"set","ast-page-background-enabled":"default","ast-page-background-meta":{"desktop":{"background-color":"var(--ast-global-color-4)","background-image":"","background-repeat":"repeat","background-position":"center center","background-size":"auto","background-attachment":"scroll","background-type":"","background-media":"","overlay-type":"","overlay-color":"","overlay-opacity":"","overlay-gradient":""},"tablet":{"background-color":"","background-image":"","background-repeat":"repeat","background-position":"center center","background-size":"auto","background-attachment":"scroll","background-type":"","background-media":"","overlay-type":"","overlay-color":"","overlay-opacity":"","overlay-gradient":""},"mobile":{"background-color":"","background-image":"","background-repeat":"repeat","background-position":"center center","background-size":"auto","background-attachment":"scroll","background-type":"","background-media":"","overlay-type":"","overlay-color":"","overlay-opacity":"","overlay-gradient":""}},"ast-content-background-meta":{"desktop":{"background-color":"var(--ast-global-color-5)","background-image":"","background-repeat":"repeat","background-position":"center center","background-size":"auto","background-attachment":"scroll","background-type":"","background-media":"","overlay-type":"","overlay-color":"","overlay-opacity":"","overlay-gradient":""},"tablet":{"background-color":"var(--ast-global-color-5)","background-image":"","background-repeat":"repeat","background-position":"center center","background-size":"auto","background-attachment":"scroll","background-type":"","background-media":"","overlay-type":"","overlay-color":"","overlay-opacity":"","overlay-gradient":""},"mobile":{"background-color":"var(--ast-global-color-5)","background-image":"","background-repeat":"repeat","background-position":"center center","background-size":"auto","background-attachment":"scroll","background-type":"","background-media":"","overlay-type":"","overlay-color":"","overlay-opacity":"","overlay-gradient":""}},"footnotes":""},"class_list":["post-1194","page","type-page","status-publish","hentry"],"uagb_featured_image_src":{"full":false,"thumbnail":false,"medium":false,"medium_large":false,"large":false,"1536x1536":false,"2048x2048":false,"trp-custom-language-flag":false},"uagb_author_info":{"display_name":"Beat Bachmann","author_link":"https:\/\/energieberatung-seeland.ch\/de_de\/author\/lehnherre\/"},"uagb_comment_info":0,"uagb_excerpt":"Der Kanton Bern unterst\u00fctzt Gemeinden auf dem Weg zur Klimaneutralit\u00e4t bis 2050. Die Energie- und Klimadatenplattform dient den Gemeinden als Monitoring-Instrument. Darin lassen sich Energie- und Klimadaten auf Gemeindeebene darstellen und Erfolge auf dem Weg zur Klimaneutralit\u00e4t sichtbar machen. Zudem unterst\u00fctzt der Kanton neu kommunale Klimastrategien auch finanziell. Der Kanton Bern unterst\u00fctzt die Berner Gemeinden&hellip;","_links":{"self":[{"href":"https:\/\/energieberatung-seeland.ch\/de_de\/wp-json\/wp\/v2\/pages\/1194","targetHints":{"allow":["GET"]}}],"collection":[{"href":"https:\/\/energieberatung-seeland.ch\/de_de\/wp-json\/wp\/v2\/pages"}],"about":[{"href":"https:\/\/energieberatung-seeland.ch\/de_de\/wp-json\/wp\/v2\/types\/page"}],"author":[{"embeddable":true,"href":"https:\/\/energieberatung-seeland.ch\/de_de\/wp-json\/wp\/v2\/users\/2"}],"replies":[{"embeddable":true,"href":"https:\/\/energieberatung-seeland.ch\/de_de\/wp-json\/wp\/v2\/comments?post=1194"}],"version-history":[{"count":1,"href":"https:\/\/energieberatung-seeland.ch\/de_de\/wp-json\/wp\/v2\/pages\/1194\/revisions"}],"predecessor-version":[{"id":1196,"href":"https:\/\/energieberatung-seeland.ch\/de_de\/wp-json\/wp\/v2\/pages\/1194\/revisions\/1196"}],"wp:attachment":[{"href":"https:\/\/energieberatung-seeland.ch\/de_de\/wp-json\/wp\/v2\/media?parent=1194"}],"curies":[{"name":"wp","href":"https:\/\/api.w.org\/{rel}","templated":true}]}}