{"id":1229,"date":"2024-10-29T15:23:14","date_gmt":"2024-10-29T14:23:14","guid":{"rendered":"https:\/\/energieberatung-seeland.ch\/?page_id=1229"},"modified":"2025-01-07T10:19:56","modified_gmt":"2025-01-07T09:19:56","slug":"gut-zu-wissen","status":"publish","type":"page","link":"https:\/\/energieberatung-seeland.ch\/de_de\/gut-zu-wissen\/","title":{"rendered":"Gut zu wissen"},"content":{"rendered":"\n<p>Hier werden die wichtigsten gesetzlichen Bestimmungen des Bundes oder des Kanton Bern rund um das Thema Energie aufgef\u00fchrt.<\/p>\n\n\n\n<h2 class=\"wp-block-heading\"><strong>Ersatzpflicht Elektroheizungen per 31.12.2031<\/strong><\/h2>\n\n\n\n<p>Per Ende des Jahres 2031 m\u00fcssen alle bestehenden Elektroheizungen zur Geb\u00e4udebeheizung ersetzt worden sein. Dies betrifft ebenfalls <strong>Infrarotheizungen <\/strong>und <strong>mobile Heizger\u00e4te<\/strong> zum einstecken, sofern diese als Hauptheizung verwendet werden. Erlaubt sind demnach beispielsweise elektrische Zusatzheizungen im Bad oder solche in einzelnen R\u00e4umen, die nicht als Hauptheizung verwendet werden. Verboten sind:<\/p>\n\n\n\n<ul class=\"wp-block-list\">\n<li>Elektrospeicherheizungen zentral<\/li>\n\n\n\n<li>Elektrospeicherheizungen dezentral (einzelne \u00d6fen in jedem Raum)<\/li>\n\n\n\n<li>Elektro-Widerstandsheizung im Fussboden<\/li>\n\n\n\n<li>Mobile Elektro\u00f6fen, die als Hauptheizung dienen<\/li>\n<\/ul>\n\n\n\n<p>Dieses Gesetz trat am 01.01.2012 in Kraft, mit einer \u00dcbergangsfrist von 20 Jahren. Ebenso verboten ist die Neuinstallation solcher Ger\u00e4te. Die gesetzliche Grundlage ist geregelt in Art. 40 KEnG und Art. 72 KEnG<\/p>\n\n\n\n<p>Verantwortlich f\u00fcr die Einhaltung der gesetzlichen Grundlagen ist der Eigent\u00fcmer \/ die Eigent\u00fcmerin.<\/p>\n\n\n\n<h2 class=\"wp-block-heading\">Erh\u00f6hung der F\u00f6rderbeitr\u00e4ge <\/h2>\n\n\n\n<p>Per 01.01.2025 wurden die F\u00f6rderbeitr\u00e4ge f\u00fcr den <strong>Ersatz von Elektroheizungen<\/strong> erh\u00f6ht &#8211; diese betragen nun gleich viel wie beim Ersatz von \u00d6l- oder Gasheizungen. Ebenfalls wurde der F\u00f6rderbeitrag f\u00fcr die <strong>Erstinstallation eines W\u00e4rmeverteilsystems<\/strong> (bei gleichzeitigem Heizungsersatz) deutlich erh\u00f6ht auf mindestens CHF 15&#8217;000.-. Weitere Infos zu den neuen F\u00f6rderbeitr\u00e4gen finden Sie in diesem <a href=\"https:\/\/energieberatung-seeland.ch\/anpassung-foerderbeitraege-kanton-bern\/\" data-type=\"page\" data-id=\"1417\">News-Post<\/a> oder im neuen <a href=\"https:\/\/www.weu.be.ch\/content\/dam\/weu\/dokumente\/aue\/de\/energiefoerderung\/aue-leitfaden-de.pdf\" target=\"_blank\" rel=\"noreferrer noopener\">&#8222;Leitfaden F\u00f6rderprogramm Kanton Bern&#8220;<\/a>.<\/p>\n\n\n\n<h2 class=\"wp-block-heading\">Ersatzpflicht bestehender zentraler Elektroboiler per 31.12.2042<\/h2>\n\n\n\n<p>Per Ende des Jahres 2042 m\u00fcssen alle bestehenden <strong>zentralen Elektroboiler <\/strong>ersetzt worden sein. Als zentraler Elektroboiler gilt beispielsweise jener in einem Einfamilienhaus oder ein im Keller stehender in einem Mehrfamilienhaus, der von mehreren Einheiten benutzt wird. <strong>Stockwerk-Elektroboiler<\/strong> sind von dieser Massnahme ausgenommen. Dieses Gesetz trat am 01.01.2023 in Kraft, mit einer \u00dcbergangsfrist von 20 Jahren. Die gesetzliche Grundlage ist geregelt in Art. T1-1 KEnG (\u00dcbergangsbestimmung). <\/p>\n\n\n\n<p>Befreit von der Ersatzpflicht sind zentrale Elektroboiler mit weniger als 100 Liter Inhalt oder solche, bei denen die Wassererw\u00e4rmung mit mindestens 50% erneuerbarem Strom aus Eigenerzeugung erfolgt. Die Befreiung ist in Art. 21a KEnV geregelt. <\/p>\n\n\n\n<p>Verantwortlich f\u00fcr die Einhaltung der gesetzlichen Grundlagen ist der Eigent\u00fcmer \/ die Eigent\u00fcmerin.<\/p>\n\n\n\n<h2 class=\"wp-block-heading\">Meldepflicht W\u00e4rmeerzeugerersatz<\/h2>\n\n\n\n<p>Jeder Ersatz eines W\u00e4rmeerzeugers ist meldepflichtig &#8211; unabh\u00e4ngig von Geb\u00e4udekategorie oder Heizsystem. Als Ersatz des W\u00e4rmeerzeugers z\u00e4hlt nicht nur der Ersatz des kompletten Heizsystems, sondern auch einzelnen Teilen davon. Dazu z\u00e4hlt der Ersatz von:<\/p>\n\n\n\n<ul class=\"wp-block-list\">\n<li>gesamter W\u00e4rmeerzeuger<\/li>\n\n\n\n<li>Kessel<\/li>\n\n\n\n<li>Brenner, wenn \u00e4lter als 10 Jahre<\/li>\n\n\n\n<li>Kamin<\/li>\n\n\n\n<li>\u00d6ltank<\/li>\n<\/ul>\n\n\n\n<p>Eine Meldung ersetzt eine gegebenenfalls erforderliche Baubewilligung nicht und erfolgt via &#8222;eBau&#8220; an die Standortgemeinde.<\/p>\n\n\n\n<p>Verantwortlich f\u00fcr die Einhaltung der gesetzlichen Grundlagen ist der Eigent\u00fcmer \/ die Eigent\u00fcmerin.<\/p>\n\n\n\n<h2 class=\"wp-block-heading\">Anforderungen W\u00e4rmeerzeugerersatz<\/h2>\n\n\n\n<p>An den Ersatz eines W\u00e4rmeerzeugers werden im Kanton Bern Anforderungen gestellt, sofern das Geb\u00e4ude \u00e4lter ist als 20 Jahre (ab Datum des Baubewilligung des Geb\u00e4udes). Von den Anforderungen befreit sind zudem Geb\u00e4ude, die in der GEAK-Kategorie &#8222;Gesamtenergieeffizienz&#8220; die Stufe D erreichen. <\/p>\n\n\n\n<p>Wollen Sie ihre alte Heizung durch ein erneuerbares System ersetzen, gibt es keine weiteren Anforderungen. Als erneuerbar gelten Holzheizungen, W\u00e4rmepumpen (Luft, Wasser oder Erdsonde) oder ein Fernw\u00e4rmeanschluss mit einem Anteil von mindestens 75% erneuerbarer Energie. F\u00fcr den Ersatz einer Elektro-, \u00d6l- oder Gasheizung durch ein erneuerbares System gibt es zudem einen <a href=\"https:\/\/energieberatung-seeland.ch\/foerdergelder\/\" data-type=\"page\" data-id=\"774\" target=\"_blank\" rel=\"noreferrer noopener\">F\u00f6rderbeitrag<\/a>.<\/p>\n\n\n\n<p>Wollen oder k\u00f6nnen Sie Ihre Heizung nicht durch ein erneuerbares System ersetzen gilt es, eine der untenstehenden <strong>12 Standardl\u00f6sungen<\/strong> umzusetzen. Als Hilfestellung dient die &#8222;<a href=\"https:\/\/energieberatung-seeland.ch\/wp-content\/uploads\/2024\/11\/Vollzugshilfe-Waermeerzeugerersatz.pdf\" target=\"_blank\" rel=\"noreferrer noopener\">Vollzugshilfe W\u00e4rmeerzeugerersatz<\/a>&#8220; mit genauen Umschreibungen der Anforderung.<\/p>\n\n\n\n<div class=\"wp-block-uagb-image uagb-block-e09148b8 wp-block-uagb-image--layout-default wp-block-uagb-image--effect-static wp-block-uagb-image--align-none\"><figure class=\"wp-block-uagb-image__figure\"><img loading=\"lazy\" decoding=\"async\" srcset=\"https:\/\/energieberatung-seeland.ch\/wp-content\/uploads\/2024\/10\/Standardloesungen-1024x388.png ,https:\/\/energieberatung-seeland.ch\/wp-content\/uploads\/2024\/10\/Standardloesungen.png 780w, https:\/\/energieberatung-seeland.ch\/wp-content\/uploads\/2024\/10\/Standardloesungen.png 360w\" sizes=\"auto, (max-width: 480px) 150px\" src=\"https:\/\/energieberatung-seeland.ch\/wp-content\/uploads\/2024\/10\/Standardloesungen-1024x388.png\" alt=\"\" class=\"uag-image-1238\" width=\"1134\" height=\"430\" title=\"Standardl\u00f6sungen\" loading=\"lazy\" role=\"img\"\/><\/figure><\/div>\n\n\n\n<p>Verantwortlich f\u00fcr die Einhaltung der gesetzlichen Grundlagen ist der Eigent\u00fcmer \/ die Eigent\u00fcmerin.<\/p>\n\n\n\n<h2 class=\"wp-block-heading\">Sanierungsvorhaben<\/h2>\n\n\n\n<p>Planen Sie eine energetische Sanierung Ihres Geb\u00e4udes? Dann ist es wichtig, vorg\u00e4ngig einen <strong>GEAK-Plus<\/strong> erstellen zu lassen und das <strong>F\u00f6rdergesuch vor Ausf\u00fchrung der Sanierung<\/strong> zu stellen &#8211; ansonsten kann ein allf\u00e4lliger F\u00f6rderbeitrag nicht ausbezahlt werden.<\/p>\n\n\n\n<p>Wichtig ist ebenfalls anzumerken, dass ein F\u00f6rdergeld f\u00fcr Sanierungsvorhaben \u00fcber den GEAK-Klassenaufstieg nur dann vorgesehen ist, wenn das Geb\u00e4ude nach der Sanierung nicht mehr fossil oder mittels einer Elektroheizung beheizt wird.<\/p>\n\n\n\n<p>F\u00fcr die Erstellung eines GEAK-Plus ist bereits ein F\u00f6rdergeld vom Kanton Bern vorgesehen &#8211; unabh\u00e4ngig davon, ob eine Sanierung ausgef\u00fchrt wird oder nicht. Das F\u00f6rdergeld betr\u00e4gt:<\/p>\n\n\n\n<ul class=\"wp-block-list\">\n<li>CHF 1&#8217;000.- f\u00fcr Ein- und Doppeleinfamilienh\u00e4user<\/li>\n\n\n\n<li>CHF 1&#8217;5000.- f\u00fcr Mehrfamilienh\u00e4user, Verwaltung, Schule, Restaurant etc.<\/li>\n<\/ul>\n\n\n\n<p><\/p>\n","protected":false},"excerpt":{"rendered":"<p>Hier werden die wichtigsten gesetzlichen Bestimmungen des Bundes oder des Kanton Bern rund um das Thema Energie aufgef\u00fchrt. Ersatzpflicht Elektroheizungen per 31.12.2031 Per Ende des Jahres 2031 m\u00fcssen alle bestehenden Elektroheizungen zur Geb\u00e4udebeheizung ersetzt worden sein. Dies betrifft ebenfalls Infrarotheizungen und mobile Heizger\u00e4te zum einstecken, sofern diese als Hauptheizung verwendet werden. Erlaubt sind demnach beispielsweise [&hellip;]<\/p>\n","protected":false},"author":2,"featured_media":0,"parent":0,"menu_order":0,"comment_status":"closed","ping_status":"closed","template":"","meta":{"_uag_custom_page_level_css":"","site-sidebar-layout":"default","site-content-layout":"","ast-site-content-layout":"default","site-content-style":"default","site-sidebar-style":"default","ast-global-header-display":"","ast-banner-title-visibility":"","ast-main-header-display":"","ast-hfb-above-header-display":"","ast-hfb-below-header-display":"","ast-hfb-mobile-header-display":"","site-post-title":"","ast-breadcrumbs-content":"","ast-featured-img":"","footer-sml-layout":"","ast-disable-related-posts":"","theme-transparent-header-meta":"","adv-header-id-meta":"","stick-header-meta":"","header-above-stick-meta":"","header-main-stick-meta":"","header-below-stick-meta":"","astra-migrate-meta-layouts":"set","ast-page-background-enabled":"default","ast-page-background-meta":{"desktop":{"background-color":"var(--ast-global-color-4)","background-image":"","background-repeat":"repeat","background-position":"center center","background-size":"auto","background-attachment":"scroll","background-type":"","background-media":"","overlay-type":"","overlay-color":"","overlay-opacity":"","overlay-gradient":""},"tablet":{"background-color":"","background-image":"","background-repeat":"repeat","background-position":"center center","background-size":"auto","background-attachment":"scroll","background-type":"","background-media":"","overlay-type":"","overlay-color":"","overlay-opacity":"","overlay-gradient":""},"mobile":{"background-color":"","background-image":"","background-repeat":"repeat","background-position":"center center","background-size":"auto","background-attachment":"scroll","background-type":"","background-media":"","overlay-type":"","overlay-color":"","overlay-opacity":"","overlay-gradient":""}},"ast-content-background-meta":{"desktop":{"background-color":"var(--ast-global-color-5)","background-image":"","background-repeat":"repeat","background-position":"center center","background-size":"auto","background-attachment":"scroll","background-type":"","background-media":"","overlay-type":"","overlay-color":"","overlay-opacity":"","overlay-gradient":""},"tablet":{"background-color":"var(--ast-global-color-5)","background-image":"","background-repeat":"repeat","background-position":"center center","background-size":"auto","background-attachment":"scroll","background-type":"","background-media":"","overlay-type":"","overlay-color":"","overlay-opacity":"","overlay-gradient":""},"mobile":{"background-color":"var(--ast-global-color-5)","background-image":"","background-repeat":"repeat","background-position":"center center","background-size":"auto","background-attachment":"scroll","background-type":"","background-media":"","overlay-type":"","overlay-color":"","overlay-opacity":"","overlay-gradient":""}},"footnotes":""},"class_list":["post-1229","page","type-page","status-publish","hentry"],"uagb_featured_image_src":{"full":false,"thumbnail":false,"medium":false,"medium_large":false,"large":false,"1536x1536":false,"2048x2048":false,"trp-custom-language-flag":false},"uagb_author_info":{"display_name":"Beat Bachmann","author_link":"https:\/\/energieberatung-seeland.ch\/de_de\/author\/lehnherre\/"},"uagb_comment_info":0,"uagb_excerpt":"Hier werden die wichtigsten gesetzlichen Bestimmungen des Bundes oder des Kanton Bern rund um das Thema Energie aufgef\u00fchrt. Ersatzpflicht Elektroheizungen per 31.12.2031 Per Ende des Jahres 2031 m\u00fcssen alle bestehenden Elektroheizungen zur Geb\u00e4udebeheizung ersetzt worden sein. Dies betrifft ebenfalls Infrarotheizungen und mobile Heizger\u00e4te zum einstecken, sofern diese als Hauptheizung verwendet werden. Erlaubt sind demnach beispielsweise&hellip;","_links":{"self":[{"href":"https:\/\/energieberatung-seeland.ch\/de_de\/wp-json\/wp\/v2\/pages\/1229","targetHints":{"allow":["GET"]}}],"collection":[{"href":"https:\/\/energieberatung-seeland.ch\/de_de\/wp-json\/wp\/v2\/pages"}],"about":[{"href":"https:\/\/energieberatung-seeland.ch\/de_de\/wp-json\/wp\/v2\/types\/page"}],"author":[{"embeddable":true,"href":"https:\/\/energieberatung-seeland.ch\/de_de\/wp-json\/wp\/v2\/users\/2"}],"replies":[{"embeddable":true,"href":"https:\/\/energieberatung-seeland.ch\/de_de\/wp-json\/wp\/v2\/comments?post=1229"}],"version-history":[{"count":12,"href":"https:\/\/energieberatung-seeland.ch\/de_de\/wp-json\/wp\/v2\/pages\/1229\/revisions"}],"predecessor-version":[{"id":1427,"href":"https:\/\/energieberatung-seeland.ch\/de_de\/wp-json\/wp\/v2\/pages\/1229\/revisions\/1427"}],"wp:attachment":[{"href":"https:\/\/energieberatung-seeland.ch\/de_de\/wp-json\/wp\/v2\/media?parent=1229"}],"curies":[{"name":"wp","href":"https:\/\/api.w.org\/{rel}","templated":true}]}}