{"id":1285,"date":"2024-11-18T08:59:38","date_gmt":"2024-11-18T07:59:38","guid":{"rendered":"https:\/\/energieberatung-seeland.ch\/?page_id=1285"},"modified":"2024-11-18T09:06:26","modified_gmt":"2024-11-18T08:06:26","slug":"hausbau-energie-messer-bern-2024","status":"publish","type":"page","link":"https:\/\/energieberatung-seeland.ch\/de_de\/hausbau-energie-messer-bern-2024\/","title":{"rendered":"Hausbau + Energie Messe Bern 2024"},"content":{"rendered":"\n<p>Vom 14. &#8211; 17. November 2024 fand die diesj\u00e4hrige Hausbau + Energie Messe in der BERNEXPO in Bern statt.<\/p>\n\n\n\n<p>Zahlreiche Ausstellende gaben Einblick in ihre Produkte und Dienstleistungen, die von W\u00e4rmepumpen, \u00fcber Solarl\u00f6sungen bis hin zu Saunas und Gartenm\u00f6beln (und vieles mehr) reichten. Zudem gab es spannende Vortr\u00e4ge, in denen hilfreiche Informationen vermittelt wurden.<\/p>\n\n\n\n<figure class=\"wp-block-image size-large\"><img fetchpriority=\"high\" decoding=\"async\" width=\"1024\" height=\"768\" src=\"https:\/\/energieberatung-seeland.ch\/wp-content\/uploads\/2024\/11\/20241114_095855-1024x768.jpg\" alt=\"\" class=\"wp-image-1286\" srcset=\"https:\/\/energieberatung-seeland.ch\/wp-content\/uploads\/2024\/11\/20241114_095855-1024x768.jpg 1024w, https:\/\/energieberatung-seeland.ch\/wp-content\/uploads\/2024\/11\/20241114_095855-300x225.jpg 300w, https:\/\/energieberatung-seeland.ch\/wp-content\/uploads\/2024\/11\/20241114_095855-768x576.jpg 768w, https:\/\/energieberatung-seeland.ch\/wp-content\/uploads\/2024\/11\/20241114_095855-1536x1152.jpg 1536w, https:\/\/energieberatung-seeland.ch\/wp-content\/uploads\/2024\/11\/20241114_095855-2048x1536.jpg 2048w, https:\/\/energieberatung-seeland.ch\/wp-content\/uploads\/2024\/11\/20241114_095855-16x12.jpg 16w\" sizes=\"(max-width: 1024px) 100vw, 1024px\" \/><\/figure>\n\n\n\n<p>Auch die 7 \u00f6ffentlichen Energieberatungsstellen des Kanton Bern als auch Vertreterinnen und Vertreter des Kantons waren vor Ort. Am Stand wurden fleissig Fragen zu verschiedensten Energiethemen beantwortet. <\/p>\n\n\n\n<p>Zus\u00e4tzlich zum Stand gab es ein Angebot zur Beratung direkt vor Ort, welche von den Energieberaterinnen und Energieberatern durchgef\u00fchrt wurden. <\/p>\n\n\n\n<figure class=\"wp-block-image size-large\"><img decoding=\"async\" width=\"1024\" height=\"768\" src=\"https:\/\/energieberatung-seeland.ch\/wp-content\/uploads\/2024\/11\/20241114_095048-1024x768.jpg\" alt=\"\" class=\"wp-image-1287\" srcset=\"https:\/\/energieberatung-seeland.ch\/wp-content\/uploads\/2024\/11\/20241114_095048-1024x768.jpg 1024w, https:\/\/energieberatung-seeland.ch\/wp-content\/uploads\/2024\/11\/20241114_095048-300x225.jpg 300w, https:\/\/energieberatung-seeland.ch\/wp-content\/uploads\/2024\/11\/20241114_095048-768x576.jpg 768w, https:\/\/energieberatung-seeland.ch\/wp-content\/uploads\/2024\/11\/20241114_095048-1536x1152.jpg 1536w, https:\/\/energieberatung-seeland.ch\/wp-content\/uploads\/2024\/11\/20241114_095048-2048x1536.jpg 2048w, https:\/\/energieberatung-seeland.ch\/wp-content\/uploads\/2024\/11\/20241114_095048-16x12.jpg 16w\" sizes=\"(max-width: 1024px) 100vw, 1024px\" \/><\/figure>\n\n\n\n<p>Haben Sie die Chance auf eine Beratung verpasst? Kein Problem &#8211; finden Sie Ihre <a href=\"https:\/\/www.weu.be.ch\/de\/start\/themen\/energie\/energieberatung.html\" target=\"_blank\" rel=\"noreferrer noopener\">zust\u00e4ndige Energieberatungsstelle<\/a> und lassen Sie sich telefonisch oder bei Ihnen zu Hause beraten.<\/p>\n\n\n\n<figure class=\"wp-block-image size-large\"><img decoding=\"async\" width=\"1024\" height=\"768\" src=\"https:\/\/energieberatung-seeland.ch\/wp-content\/uploads\/2024\/11\/20241114_095100-1024x768.jpg\" alt=\"\" class=\"wp-image-1288\" srcset=\"https:\/\/energieberatung-seeland.ch\/wp-content\/uploads\/2024\/11\/20241114_095100-1024x768.jpg 1024w, https:\/\/energieberatung-seeland.ch\/wp-content\/uploads\/2024\/11\/20241114_095100-300x225.jpg 300w, https:\/\/energieberatung-seeland.ch\/wp-content\/uploads\/2024\/11\/20241114_095100-768x576.jpg 768w, https:\/\/energieberatung-seeland.ch\/wp-content\/uploads\/2024\/11\/20241114_095100-1536x1152.jpg 1536w, https:\/\/energieberatung-seeland.ch\/wp-content\/uploads\/2024\/11\/20241114_095100-2048x1536.jpg 2048w, https:\/\/energieberatung-seeland.ch\/wp-content\/uploads\/2024\/11\/20241114_095100-16x12.jpg 16w\" sizes=\"(max-width: 1024px) 100vw, 1024px\" \/><\/figure>\n\n\n\n<p><\/p>\n","protected":false},"excerpt":{"rendered":"<p>Vom 14. &#8211; 17. November 2024 fand die diesj\u00e4hrige Hausbau + Energie Messe in der BERNEXPO in Bern statt. Zahlreiche Ausstellende gaben Einblick in ihre Produkte und Dienstleistungen, die von W\u00e4rmepumpen, \u00fcber Solarl\u00f6sungen bis hin zu Saunas und Gartenm\u00f6beln (und vieles mehr) reichten. Zudem gab es spannende Vortr\u00e4ge, in denen hilfreiche Informationen vermittelt wurden. Auch [&hellip;]<\/p>\n","protected":false},"author":2,"featured_media":0,"parent":0,"menu_order":0,"comment_status":"closed","ping_status":"closed","template":"","meta":{"_uag_custom_page_level_css":"","site-sidebar-layout":"default","site-content-layout":"","ast-site-content-layout":"default","site-content-style":"default","site-sidebar-style":"default","ast-global-header-display":"","ast-banner-title-visibility":"","ast-main-header-display":"","ast-hfb-above-header-display":"","ast-hfb-below-header-display":"","ast-hfb-mobile-header-display":"","site-post-title":"","ast-breadcrumbs-content":"","ast-featured-img":"","footer-sml-layout":"","ast-disable-related-posts":"","theme-transparent-header-meta":"","adv-header-id-meta":"","stick-header-meta":"","header-above-stick-meta":"","header-main-stick-meta":"","header-below-stick-meta":"","astra-migrate-meta-layouts":"set","ast-page-background-enabled":"default","ast-page-background-meta":{"desktop":{"background-color":"var(--ast-global-color-4)","background-image":"","background-repeat":"repeat","background-position":"center center","background-size":"auto","background-attachment":"scroll","background-type":"","background-media":"","overlay-type":"","overlay-color":"","overlay-opacity":"","overlay-gradient":""},"tablet":{"background-color":"","background-image":"","background-repeat":"repeat","background-position":"center center","background-size":"auto","background-attachment":"scroll","background-type":"","background-media":"","overlay-type":"","overlay-color":"","overlay-opacity":"","overlay-gradient":""},"mobile":{"background-color":"","background-image":"","background-repeat":"repeat","background-position":"center center","background-size":"auto","background-attachment":"scroll","background-type":"","background-media":"","overlay-type":"","overlay-color":"","overlay-opacity":"","overlay-gradient":""}},"ast-content-background-meta":{"desktop":{"background-color":"var(--ast-global-color-5)","background-image":"","background-repeat":"repeat","background-position":"center center","background-size":"auto","background-attachment":"scroll","background-type":"","background-media":"","overlay-type":"","overlay-color":"","overlay-opacity":"","overlay-gradient":""},"tablet":{"background-color":"var(--ast-global-color-5)","background-image":"","background-repeat":"repeat","background-position":"center center","background-size":"auto","background-attachment":"scroll","background-type":"","background-media":"","overlay-type":"","overlay-color":"","overlay-opacity":"","overlay-gradient":""},"mobile":{"background-color":"var(--ast-global-color-5)","background-image":"","background-repeat":"repeat","background-position":"center center","background-size":"auto","background-attachment":"scroll","background-type":"","background-media":"","overlay-type":"","overlay-color":"","overlay-opacity":"","overlay-gradient":""}},"footnotes":""},"class_list":["post-1285","page","type-page","status-publish","hentry"],"uagb_featured_image_src":{"full":false,"thumbnail":false,"medium":false,"medium_large":false,"large":false,"1536x1536":false,"2048x2048":false,"trp-custom-language-flag":false},"uagb_author_info":{"display_name":"Beat Bachmann","author_link":"https:\/\/energieberatung-seeland.ch\/de_de\/author\/lehnherre\/"},"uagb_comment_info":0,"uagb_excerpt":"Vom 14. &#8211; 17. November 2024 fand die diesj\u00e4hrige Hausbau + Energie Messe in der BERNEXPO in Bern statt. Zahlreiche Ausstellende gaben Einblick in ihre Produkte und Dienstleistungen, die von W\u00e4rmepumpen, \u00fcber Solarl\u00f6sungen bis hin zu Saunas und Gartenm\u00f6beln (und vieles mehr) reichten. Zudem gab es spannende Vortr\u00e4ge, in denen hilfreiche Informationen vermittelt wurden. Auch&hellip;","_links":{"self":[{"href":"https:\/\/energieberatung-seeland.ch\/de_de\/wp-json\/wp\/v2\/pages\/1285","targetHints":{"allow":["GET"]}}],"collection":[{"href":"https:\/\/energieberatung-seeland.ch\/de_de\/wp-json\/wp\/v2\/pages"}],"about":[{"href":"https:\/\/energieberatung-seeland.ch\/de_de\/wp-json\/wp\/v2\/types\/page"}],"author":[{"embeddable":true,"href":"https:\/\/energieberatung-seeland.ch\/de_de\/wp-json\/wp\/v2\/users\/2"}],"replies":[{"embeddable":true,"href":"https:\/\/energieberatung-seeland.ch\/de_de\/wp-json\/wp\/v2\/comments?post=1285"}],"version-history":[{"count":3,"href":"https:\/\/energieberatung-seeland.ch\/de_de\/wp-json\/wp\/v2\/pages\/1285\/revisions"}],"predecessor-version":[{"id":1296,"href":"https:\/\/energieberatung-seeland.ch\/de_de\/wp-json\/wp\/v2\/pages\/1285\/revisions\/1296"}],"wp:attachment":[{"href":"https:\/\/energieberatung-seeland.ch\/de_de\/wp-json\/wp\/v2\/media?parent=1285"}],"curies":[{"name":"wp","href":"https:\/\/api.w.org\/{rel}","templated":true}]}}