{"id":1329,"date":"2024-12-09T14:06:25","date_gmt":"2024-12-09T13:06:25","guid":{"rendered":"https:\/\/energieberatung-seeland.ch\/?page_id=1329"},"modified":"2024-12-18T14:28:55","modified_gmt":"2024-12-18T13:28:55","slug":"infos-zur-klimaveraenderung","status":"publish","type":"page","link":"https:\/\/energieberatung-seeland.ch\/de_de\/infos-zur-klimaveraenderung\/","title":{"rendered":"Infos zur Klimaver\u00e4nderung"},"content":{"rendered":"\n<p>In diesem Abschnitt werden verschiedene Links, ein Faktenblatt als auch weiterf\u00fchrende Dokumente zum Thema Klimaver\u00e4nderung gezeigt. <\/p>\n\n\n\n<ul class=\"wp-block-list\">\n<li><a href=\"https:\/\/www.ekdp.apps.be.ch\/home\" target=\"_blank\" rel=\"noreferrer noopener\">Energie- und Klimadatenplattform des Kanton Bern <\/a><\/li>\n\n\n\n<li>Berechnen Sie mit dem <a href=\"https:\/\/www.energieschweiz.ch\/programme\/umweltrechner-verkehr\/\" target=\"_blank\" rel=\"noreferrer noopener\">Umweltrechner von EnergieSchweiz<\/a> die Umweltauswirkungen verschiedener Verkehrsmittel<\/li>\n\n\n\n<li>Informieren Sie sich \u00fcber die <a href=\"https:\/\/eaternity.org\/\" target=\"_blank\" rel=\"noreferrer noopener\">Klimabilanz verschiedener Lebensmittel<\/a><\/li>\n\n\n\n<li>Bestellen Sie das Poster <a href=\"https:\/\/www.ayce.earth\/de\/\" target=\"_blank\" rel=\"noreferrer noopener\">&#8222;Alles, was du f\u00fcrs Klima essen kannst&#8220;<\/a><\/li>\n\n\n\n<li><a href=\"https:\/\/www.bafu.admin.ch\/bafu\/de\/home\/themen\/ernaehrung-wohnen-mobilitaet\/dossiers\/magazin-2022-4-dossier\/staedte-von-morgen-die-schwammstadt-als-antwort.html\" target=\"_blank\" rel=\"noreferrer noopener\">St\u00e4dte von Morgen: Die Schwammstadt als Antwort<\/a><\/li>\n<\/ul>\n\n\n\n<h5 class=\"wp-block-heading\">Unterst\u00fctzung der Gemeinden bei ihren Klimastrategien: Energie- und Klimadatenplattform des Kanton Bern<\/h5>\n\n\n\n<p>Der Kanton Bern unterst\u00fctzt Gemeinden auf dem Weg zur Klimaneutralit\u00e4t bis 2050. Die&nbsp;<a href=\"https:\/\/www.weu.be.ch\/de\/start\/themen\/energie\/energiedatenplattform.html\" target=\"_blank\" rel=\"noreferrer noopener\">Energie- und Klimadatenplattform<\/a>&nbsp;dient den Gemeinden als Monitoring-Instrument. Darin lassen sich Energie- und Klimadaten auf Gemeindeebene darstellen und Erfolge auf dem Weg zur Klimaneutralit\u00e4t sichtbar machen. Zudem unterst\u00fctzt der Kanton neu kommunale Klimastrategien auch finanziell.<\/p>\n\n\n\n<p><strong>Der Kanton Bern unterst\u00fctzt die Berner Gemeinden einerseits in Form von Daten mit der neuen Energie- und Klimadatenplattform, und andererseits finanziell in Form einer Unterst\u00fctzung von 50% der Kosten bis CHF 20\u2019000 f\u00fcr die Erstellung einer Klimastrategie.<\/strong><\/p>\n\n\n\n<p>Mit der Energie- und Klimadatenplattform werden die Energie- und Klimadaten auf Gemeindeebene mittels kantonalen Erhebungen und Modelldaten abgebildet. Innerhalb dieser Plattform k\u00f6nnen via dem&nbsp;<a href=\"https:\/\/www.energis.apps.be.ch\/home\" target=\"_blank\" rel=\"noreferrer noopener\">Klimadashboard&nbsp;<\/a>Emissionswerte aus den Bereichen W\u00e4rme, Verkehr, Industrie und Landwirtschaft pro Gemeinde dargestellt werden.<\/p>\n\n\n\n<p>Basierend auf den vom Kanton zur Verf\u00fcgung gestellten Daten k\u00f6nnen die Gemeinden Klimastrategien erarbeiten, welche vom Kanton finanziell unterst\u00fctzt werden. Dabei gilt es, konkrete Massnahmen zur Reduktion der Treibhausgasemissionen zu erarbeiten und die Anpassung an den Klimawandel zu definieren. Der <a href=\"https:\/\/energieberatung-seeland.ch\/wp-content\/uploads\/2024\/12\/BAFU_Wegweiser_Klimastrategie_DE_220512.pdf\" target=\"_blank\" rel=\"noreferrer noopener\">&#8222;Wegweiser Klimastrategie f\u00fcr Gemeinden&#8220;<\/a> dient dabei als Anleitung, aufgeteilt in acht Schritten.<\/p>\n\n\n\n<div class=\"wp-block-uagb-container uagb-block-3a07cc73 alignfull uagb-is-root-container\"><div class=\"uagb-container-inner-blocks-wrap\">\n<div class=\"wp-block-uagb-container uagb-block-8a817bdf\">\n<div class=\"wp-block-uagb-image uagb-block-43bac711 wp-block-uagb-image--layout-default wp-block-uagb-image--effect-static wp-block-uagb-image--align-none\"><figure class=\"wp-block-uagb-image__figure\"><a class=\"\" href=\"https:\/\/energieberatung-seeland.ch\/wp-content\/uploads\/2024\/12\/Klimaveraenderung-und-Treibhausgas-Fussabdruck.pdf\" target=\"_blank\" rel=\"noreferrer noopener\"><img loading=\"lazy\" decoding=\"async\" srcset=\"https:\/\/energieberatung-seeland.ch\/wp-content\/uploads\/2024\/12\/Klimaveraenderung-und-Treibhausgas-Fussabdruck_page-0001-724x1024.jpg ,https:\/\/energieberatung-seeland.ch\/wp-content\/uploads\/2024\/12\/Klimaveraenderung-und-Treibhausgas-Fussabdruck_page-0001-scaled.jpg 780w, https:\/\/energieberatung-seeland.ch\/wp-content\/uploads\/2024\/12\/Klimaveraenderung-und-Treibhausgas-Fussabdruck_page-0001-scaled.jpg 360w\" sizes=\"auto, (max-width: 480px) 150px\" src=\"https:\/\/energieberatung-seeland.ch\/wp-content\/uploads\/2024\/12\/Klimaveraenderung-und-Treibhausgas-Fussabdruck_page-0001-724x1024.jpg\" alt=\"\" class=\"uag-image-1330\" width=\"724\" height=\"1024\" title=\"Klimaver\u00e4nderung und Treibhausgas-Fussabdruck\" loading=\"lazy\" role=\"img\"\/><\/a><\/figure><\/div>\n<\/div>\n\n\n\n<div class=\"wp-block-uagb-container uagb-block-51a489b3\">\n<div class=\"wp-block-uagb-image uagb-block-a9f0c991 wp-block-uagb-image--layout-default wp-block-uagb-image--effect-static wp-block-uagb-image--align-none\"><figure class=\"wp-block-uagb-image__figure\"><a class=\"\" href=\"https:\/\/energieberatung-seeland.ch\/wp-content\/uploads\/2024\/12\/Klimareport_23_DE_online.pdf\" target=\"_blank\" rel=\"noreferrer noopener\"><img loading=\"lazy\" decoding=\"async\" srcset=\"https:\/\/energieberatung-seeland.ch\/wp-content\/uploads\/2024\/12\/Klimareport_23_DE_online-1_page-0001-724x1024.jpg ,https:\/\/energieberatung-seeland.ch\/wp-content\/uploads\/2024\/12\/Klimareport_23_DE_online-1_page-0001-scaled.jpg 780w, https:\/\/energieberatung-seeland.ch\/wp-content\/uploads\/2024\/12\/Klimareport_23_DE_online-1_page-0001-scaled.jpg 360w\" sizes=\"auto, (max-width: 480px) 150px\" src=\"https:\/\/energieberatung-seeland.ch\/wp-content\/uploads\/2024\/12\/Klimareport_23_DE_online-1_page-0001-724x1024.jpg\" alt=\"\" class=\"uag-image-1333\" width=\"724\" height=\"1024\" title=\"MeteoSchweiz_Klimareport\" loading=\"lazy\" role=\"img\"\/><\/a><\/figure><\/div>\n<\/div>\n\n\n\n<div class=\"wp-block-uagb-container uagb-block-2a4f58ce\">\n<div class=\"wp-block-uagb-image uagb-block-c2046f56 wp-block-uagb-image--layout-default wp-block-uagb-image--effect-static wp-block-uagb-image--align-none\"><figure class=\"wp-block-uagb-image__figure\"><a class=\"\" href=\"https:\/\/energieberatung-seeland.ch\/wp-content\/uploads\/2024\/12\/BAFU_Wegweiser_Klimastrategie_DE_220512.pdf\" target=\"_blank\" rel=\"noreferrer noopener\"><img loading=\"lazy\" decoding=\"async\" srcset=\"https:\/\/energieberatung-seeland.ch\/wp-content\/uploads\/2024\/12\/BAFU_Wegweiser_Klimastrategie_DE_220512-1_page-0001-724x1024.jpg ,https:\/\/energieberatung-seeland.ch\/wp-content\/uploads\/2024\/12\/BAFU_Wegweiser_Klimastrategie_DE_220512-1_page-0001-scaled.jpg 780w, https:\/\/energieberatung-seeland.ch\/wp-content\/uploads\/2024\/12\/BAFU_Wegweiser_Klimastrategie_DE_220512-1_page-0001-scaled.jpg 360w\" sizes=\"auto, (max-width: 480px) 150px\" src=\"https:\/\/energieberatung-seeland.ch\/wp-content\/uploads\/2024\/12\/BAFU_Wegweiser_Klimastrategie_DE_220512-1_page-0001-724x1024.jpg\" alt=\"\" class=\"uag-image-1335\" width=\"303\" height=\"429\" title=\"BAFU_Wegweiser_Klimastrategie\" loading=\"lazy\" role=\"img\"\/><\/a><\/figure><\/div>\n<\/div>\n<\/div><\/div>\n\n\n\n<div class=\"wp-block-uagb-container uagb-block-9fa36af3 alignfull uagb-is-root-container\"><div class=\"uagb-container-inner-blocks-wrap\">\n<div class=\"wp-block-uagb-container uagb-block-f6482c49\">\n<div class=\"wp-block-uagb-image uagb-block-eda773a4 wp-block-uagb-image--layout-default wp-block-uagb-image--effect-static wp-block-uagb-image--align-none\"><figure class=\"wp-block-uagb-image__figure\"><a class=\"\" href=\"https:\/\/energieberatung-seeland.ch\/wp-content\/uploads\/2024\/12\/UI-2307-D_Abschl_Pilotprogramm-Klima.pdf\" target=\"_blank\" rel=\"noreferrer noopener\"><img loading=\"lazy\" decoding=\"async\" srcset=\"https:\/\/energieberatung-seeland.ch\/wp-content\/uploads\/2024\/12\/UI-2307-D_Abschl_Pilotprogramm-Klima-1_page-0001-724x1024.jpg ,https:\/\/energieberatung-seeland.ch\/wp-content\/uploads\/2024\/12\/UI-2307-D_Abschl_Pilotprogramm-Klima-1_page-0001-scaled.jpg 780w, https:\/\/energieberatung-seeland.ch\/wp-content\/uploads\/2024\/12\/UI-2307-D_Abschl_Pilotprogramm-Klima-1_page-0001-scaled.jpg 360w\" sizes=\"auto, (max-width: 480px) 150px\" src=\"https:\/\/energieberatung-seeland.ch\/wp-content\/uploads\/2024\/12\/UI-2307-D_Abschl_Pilotprogramm-Klima-1_page-0001-724x1024.jpg\" alt=\"\" class=\"uag-image-1337\" width=\"303\" height=\"405\" title=\"BAFU_Pilotprogramm_Klima\" loading=\"lazy\" role=\"img\"\/><\/a><\/figure><\/div>\n<\/div>\n\n\n\n<div class=\"wp-block-uagb-container uagb-block-7d0a4ec4\">\n<div class=\"wp-block-uagb-image uagb-block-7cf4d626 wp-block-uagb-image--layout-default wp-block-uagb-image--effect-static wp-block-uagb-image--align-none\"><figure class=\"wp-block-uagb-image__figure\"><a class=\"\" href=\"https:\/\/energieberatung-seeland.ch\/wp-content\/uploads\/2024\/12\/de_BAFU_UZ_2013_Klimawandel_bf.pdf\" target=\"_blank\" rel=\"noreferrer noopener\"><img loading=\"lazy\" decoding=\"async\" srcset=\"https:\/\/energieberatung-seeland.ch\/wp-content\/uploads\/2024\/12\/de_BAFU_UZ_2013_Klimawandel_bf-1_page-0001-724x1024.jpg ,https:\/\/energieberatung-seeland.ch\/wp-content\/uploads\/2024\/12\/de_BAFU_UZ_2013_Klimawandel_bf-1_page-0001-scaled.jpg 780w, https:\/\/energieberatung-seeland.ch\/wp-content\/uploads\/2024\/12\/de_BAFU_UZ_2013_Klimawandel_bf-1_page-0001-scaled.jpg 360w\" sizes=\"auto, (max-width: 480px) 150px\" src=\"https:\/\/energieberatung-seeland.ch\/wp-content\/uploads\/2024\/12\/de_BAFU_UZ_2013_Klimawandel_bf-1_page-0001-724x1024.jpg\" alt=\"\" class=\"uag-image-1343\" width=\"303\" height=\"429\" title=\"BAFU_Klimawandel_in_der_Schweiz\" loading=\"lazy\" role=\"img\"\/><\/a><\/figure><\/div>\n<\/div>\n\n\n\n<div class=\"wp-block-uagb-container uagb-block-cbfde9bd\">\n<div class=\"wp-block-uagb-image uagb-block-b573c173 wp-block-uagb-image--layout-default wp-block-uagb-image--effect-static wp-block-uagb-image--align-none\"><figure class=\"wp-block-uagb-image__figure\"><a class=\"\" href=\"https:\/\/energieberatung-seeland.ch\/wp-content\/uploads\/2024\/12\/UW-2201-D_Starkniederschlaege.pdf\" target=\"_blank\" rel=\"noreferrer noopener\"><img loading=\"lazy\" decoding=\"async\" srcset=\"https:\/\/energieberatung-seeland.ch\/wp-content\/uploads\/2024\/12\/UW-2201-D_Starkniederschlaege-1_page-0001-724x1024.jpg ,https:\/\/energieberatung-seeland.ch\/wp-content\/uploads\/2024\/12\/UW-2201-D_Starkniederschlaege-1_page-0001-scaled.jpg 780w, https:\/\/energieberatung-seeland.ch\/wp-content\/uploads\/2024\/12\/UW-2201-D_Starkniederschlaege-1_page-0001-scaled.jpg 360w\" sizes=\"auto, (max-width: 480px) 150px\" src=\"https:\/\/energieberatung-seeland.ch\/wp-content\/uploads\/2024\/12\/UW-2201-D_Starkniederschlaege-1_page-0001-724x1024.jpg\" alt=\"\" class=\"uag-image-1341\" width=\"303\" height=\"420\" title=\"BAFU_Regenwasser_im_Siedlungsraum\" loading=\"lazy\" role=\"img\"\/><\/a><\/figure><\/div>\n<\/div>\n<\/div><\/div>\n\n\n\n<p><\/p>\n","protected":false},"excerpt":{"rendered":"<p>In diesem Abschnitt werden verschiedene Links, ein Faktenblatt als auch weiterf\u00fchrende Dokumente zum Thema Klimaver\u00e4nderung gezeigt. Unterst\u00fctzung der Gemeinden bei ihren Klimastrategien: Energie- und Klimadatenplattform des Kanton Bern Der Kanton Bern unterst\u00fctzt Gemeinden auf dem Weg zur Klimaneutralit\u00e4t bis 2050. Die&nbsp;Energie- und Klimadatenplattform&nbsp;dient den Gemeinden als Monitoring-Instrument. Darin lassen sich Energie- und Klimadaten auf Gemeindeebene [&hellip;]<\/p>\n","protected":false},"author":2,"featured_media":0,"parent":0,"menu_order":0,"comment_status":"closed","ping_status":"closed","template":"","meta":{"_uag_custom_page_level_css":"","site-sidebar-layout":"default","site-content-layout":"","ast-site-content-layout":"default","site-content-style":"default","site-sidebar-style":"default","ast-global-header-display":"","ast-banner-title-visibility":"","ast-main-header-display":"","ast-hfb-above-header-display":"","ast-hfb-below-header-display":"","ast-hfb-mobile-header-display":"","site-post-title":"","ast-breadcrumbs-content":"","ast-featured-img":"","footer-sml-layout":"","ast-disable-related-posts":"","theme-transparent-header-meta":"","adv-header-id-meta":"","stick-header-meta":"","header-above-stick-meta":"","header-main-stick-meta":"","header-below-stick-meta":"","astra-migrate-meta-layouts":"set","ast-page-background-enabled":"default","ast-page-background-meta":{"desktop":{"background-color":"var(--ast-global-color-4)","background-image":"","background-repeat":"repeat","background-position":"center center","background-size":"auto","background-attachment":"scroll","background-type":"","background-media":"","overlay-type":"","overlay-color":"","overlay-opacity":"","overlay-gradient":""},"tablet":{"background-color":"","background-image":"","background-repeat":"repeat","background-position":"center center","background-size":"auto","background-attachment":"scroll","background-type":"","background-media":"","overlay-type":"","overlay-color":"","overlay-opacity":"","overlay-gradient":""},"mobile":{"background-color":"","background-image":"","background-repeat":"repeat","background-position":"center center","background-size":"auto","background-attachment":"scroll","background-type":"","background-media":"","overlay-type":"","overlay-color":"","overlay-opacity":"","overlay-gradient":""}},"ast-content-background-meta":{"desktop":{"background-color":"var(--ast-global-color-5)","background-image":"","background-repeat":"repeat","background-position":"center center","background-size":"auto","background-attachment":"scroll","background-type":"","background-media":"","overlay-type":"","overlay-color":"","overlay-opacity":"","overlay-gradient":""},"tablet":{"background-color":"var(--ast-global-color-5)","background-image":"","background-repeat":"repeat","background-position":"center center","background-size":"auto","background-attachment":"scroll","background-type":"","background-media":"","overlay-type":"","overlay-color":"","overlay-opacity":"","overlay-gradient":""},"mobile":{"background-color":"var(--ast-global-color-5)","background-image":"","background-repeat":"repeat","background-position":"center center","background-size":"auto","background-attachment":"scroll","background-type":"","background-media":"","overlay-type":"","overlay-color":"","overlay-opacity":"","overlay-gradient":""}},"footnotes":""},"class_list":["post-1329","page","type-page","status-publish","hentry"],"uagb_featured_image_src":{"full":false,"thumbnail":false,"medium":false,"medium_large":false,"large":false,"1536x1536":false,"2048x2048":false,"trp-custom-language-flag":false},"uagb_author_info":{"display_name":"Beat Bachmann","author_link":"https:\/\/energieberatung-seeland.ch\/de_de\/author\/lehnherre\/"},"uagb_comment_info":0,"uagb_excerpt":"In diesem Abschnitt werden verschiedene Links, ein Faktenblatt als auch weiterf\u00fchrende Dokumente zum Thema Klimaver\u00e4nderung gezeigt. Unterst\u00fctzung der Gemeinden bei ihren Klimastrategien: Energie- und Klimadatenplattform des Kanton Bern Der Kanton Bern unterst\u00fctzt Gemeinden auf dem Weg zur Klimaneutralit\u00e4t bis 2050. Die&nbsp;Energie- und Klimadatenplattform&nbsp;dient den Gemeinden als Monitoring-Instrument. Darin lassen sich Energie- und Klimadaten auf Gemeindeebene&hellip;","_links":{"self":[{"href":"https:\/\/energieberatung-seeland.ch\/de_de\/wp-json\/wp\/v2\/pages\/1329","targetHints":{"allow":["GET"]}}],"collection":[{"href":"https:\/\/energieberatung-seeland.ch\/de_de\/wp-json\/wp\/v2\/pages"}],"about":[{"href":"https:\/\/energieberatung-seeland.ch\/de_de\/wp-json\/wp\/v2\/types\/page"}],"author":[{"embeddable":true,"href":"https:\/\/energieberatung-seeland.ch\/de_de\/wp-json\/wp\/v2\/users\/2"}],"replies":[{"embeddable":true,"href":"https:\/\/energieberatung-seeland.ch\/de_de\/wp-json\/wp\/v2\/comments?post=1329"}],"version-history":[{"count":6,"href":"https:\/\/energieberatung-seeland.ch\/de_de\/wp-json\/wp\/v2\/pages\/1329\/revisions"}],"predecessor-version":[{"id":1402,"href":"https:\/\/energieberatung-seeland.ch\/de_de\/wp-json\/wp\/v2\/pages\/1329\/revisions\/1402"}],"wp:attachment":[{"href":"https:\/\/energieberatung-seeland.ch\/de_de\/wp-json\/wp\/v2\/media?parent=1329"}],"curies":[{"name":"wp","href":"https:\/\/api.w.org\/{rel}","templated":true}]}}