{"id":1417,"date":"2025-01-06T15:31:15","date_gmt":"2025-01-06T14:31:15","guid":{"rendered":"https:\/\/energieberatung-seeland.ch\/?page_id=1417"},"modified":"2025-01-06T15:31:44","modified_gmt":"2025-01-06T14:31:44","slug":"anpassung-foerderbeitraege-kanton-bern","status":"publish","type":"page","link":"https:\/\/energieberatung-seeland.ch\/de_de\/anpassung-foerderbeitraege-kanton-bern\/","title":{"rendered":"Anpassung F\u00f6rderbeitr\u00e4ge Kanton Bern"},"content":{"rendered":"\n<p>Per <strong>01.01.2025<\/strong> wurden die F\u00f6rderbeitr\u00e4ge im Bereich Erneuerbare Energien und Energieeffizienz des Kanton Bern angepasst. Der neue &#8222;Leitfaden F\u00f6rderprogramm Kanton Bern&#8220; kann <a href=\"https:\/\/www.weu.be.ch\/content\/dam\/weu\/dokumente\/aue\/de\/energiefoerderung\/aue-leitfaden-de.pdf\" target=\"_blank\" rel=\"noreferrer noopener\">hier <\/a>heruntergeladen werden. In diesem finden sich alle Bedingungen, zus\u00e4tzliche Anforderungen oder Limitierungen der Beitr\u00e4ge.<\/p>\n\n\n\n<p>Unterstehend werden die wichtigsten \u00c4nderungen beschrieben:<\/p>\n\n\n\n<ul class=\"wp-block-list\">\n<li>Der Beitrag f\u00fcr die <strong>Erstinstallation eines W\u00e4rmeverteilsystems<\/strong> (von Bedeutung beim Ersatz von dezentralen Elektroheizungen oder Elektroheizungen, die im Fussboden verbaut sind) wurde deutlich erh\u00f6ht:\n<ul class=\"wp-block-list\">\n<li>Bis Ende 2024 betrug der Beitrag CHF 3&#8217;000.- (*EBF &lt; 100 m\u00b2) \/ CHF 6&#8217;000.- (*EBF &gt; 100 m\u00b2)<\/li>\n\n\n\n<li>Neu betr\u00e4gt dieser f\u00fcr Geb\u00e4ude mit *EBF &lt;250 m\u00b2 CHF 15&#8217;000.- und f\u00fcr solche mit *EBF >250 m\u00b2 CHF 60.-\/m\u00b2 EBF<\/li>\n<\/ul>\n<\/li>\n\n\n\n<li>Der Beitrag f\u00fcr den <strong>Ersatz von Elektroheizungen<\/strong> wurde erh\u00f6ht\n<ul class=\"wp-block-list\">\n<li>Bis Ende 2024 lag dieser tiefer im Vergleich zum Ersatz von \u00d6l- und Gasheizungen<\/li>\n\n\n\n<li>Neu wurde dieser den Beitr\u00e4gen f\u00fcr den Ersatz von \u00d6l- und Gasheizungen angepasst und betr\u00e4gt nun gleich viel <\/li>\n<\/ul>\n<\/li>\n\n\n\n<li>Der <strong>Ersatz von Elektroboilern<\/strong> wird nicht mehr gef\u00f6rdert.<\/li>\n\n\n\n<li>Die<strong> <\/strong>H\u00f6he des F\u00f6rderbeitrags f\u00fcr den Heizungsersatz wurde bisher auf die Leistung der bestehenden Heizung bezogen und quantifiziert. Neu ist die Leistung der neuen Heizung massgebend f\u00fcr die H\u00f6he des F\u00f6rderbeitrags.<\/li>\n\n\n\n<li>Der F\u00f6rderbeitrag f\u00fcr eine <strong>Wohnungsl\u00fcftung mit W\u00e4rmer\u00fcckgewinnung bei Geb\u00e4udesanierungen<\/strong> entf\u00e4llt.<\/li>\n\n\n\n<li>Die F\u00f6rderbeitr\u00e4ge beim <strong>GEAK-Klassenaufstieg<\/strong> (Geb\u00e4udesanierung) wurden leicht reduziert. Neu wird der <strong>Effizienzbonus <\/strong>nur noch auf die erreichte Klasse der Geb\u00e4udeh\u00fclleneffizienz bezogen (Klasse der Gesamtenergieeffizienz ist nicht mehr relevant f\u00fcr den Effizienzbonus). Gleichzeitig wurde der Effizienzbonus erh\u00f6ht.<\/li>\n<\/ul>\n\n\n\n<p><strong>*EBF: Energiebezugsfl\u00e4che gem\u00e4ss SIA 380<\/strong><br>Beziffert vereinfach formuliert die beheizte Fl\u00e4che inkl. Aussenbauteile. N\u00e4herungsweise betr\u00e4gt die EBF 1.15 * die beheizte Fl\u00e4che.<\/p>\n\n\n\n<p><\/p>\n","protected":false},"excerpt":{"rendered":"<p>Per 01.01.2025 wurden die F\u00f6rderbeitr\u00e4ge im Bereich Erneuerbare Energien und Energieeffizienz des Kanton Bern angepasst. Der neue &#8222;Leitfaden F\u00f6rderprogramm Kanton Bern&#8220; kann hier heruntergeladen werden. In diesem finden sich alle Bedingungen, zus\u00e4tzliche Anforderungen oder Limitierungen der Beitr\u00e4ge. Unterstehend werden die wichtigsten \u00c4nderungen beschrieben: *EBF: Energiebezugsfl\u00e4che gem\u00e4ss SIA 380Beziffert vereinfach formuliert die beheizte Fl\u00e4che inkl. Aussenbauteile. [&hellip;]<\/p>\n","protected":false},"author":2,"featured_media":0,"parent":0,"menu_order":0,"comment_status":"closed","ping_status":"closed","template":"","meta":{"_uag_custom_page_level_css":"","site-sidebar-layout":"default","site-content-layout":"","ast-site-content-layout":"default","site-content-style":"default","site-sidebar-style":"default","ast-global-header-display":"","ast-banner-title-visibility":"","ast-main-header-display":"","ast-hfb-above-header-display":"","ast-hfb-below-header-display":"","ast-hfb-mobile-header-display":"","site-post-title":"","ast-breadcrumbs-content":"","ast-featured-img":"","footer-sml-layout":"","ast-disable-related-posts":"","theme-transparent-header-meta":"","adv-header-id-meta":"","stick-header-meta":"","header-above-stick-meta":"","header-main-stick-meta":"","header-below-stick-meta":"","astra-migrate-meta-layouts":"set","ast-page-background-enabled":"default","ast-page-background-meta":{"desktop":{"background-color":"var(--ast-global-color-4)","background-image":"","background-repeat":"repeat","background-position":"center center","background-size":"auto","background-attachment":"scroll","background-type":"","background-media":"","overlay-type":"","overlay-color":"","overlay-opacity":"","overlay-gradient":""},"tablet":{"background-color":"","background-image":"","background-repeat":"repeat","background-position":"center center","background-size":"auto","background-attachment":"scroll","background-type":"","background-media":"","overlay-type":"","overlay-color":"","overlay-opacity":"","overlay-gradient":""},"mobile":{"background-color":"","background-image":"","background-repeat":"repeat","background-position":"center center","background-size":"auto","background-attachment":"scroll","background-type":"","background-media":"","overlay-type":"","overlay-color":"","overlay-opacity":"","overlay-gradient":""}},"ast-content-background-meta":{"desktop":{"background-color":"var(--ast-global-color-5)","background-image":"","background-repeat":"repeat","background-position":"center center","background-size":"auto","background-attachment":"scroll","background-type":"","background-media":"","overlay-type":"","overlay-color":"","overlay-opacity":"","overlay-gradient":""},"tablet":{"background-color":"var(--ast-global-color-5)","background-image":"","background-repeat":"repeat","background-position":"center center","background-size":"auto","background-attachment":"scroll","background-type":"","background-media":"","overlay-type":"","overlay-color":"","overlay-opacity":"","overlay-gradient":""},"mobile":{"background-color":"var(--ast-global-color-5)","background-image":"","background-repeat":"repeat","background-position":"center center","background-size":"auto","background-attachment":"scroll","background-type":"","background-media":"","overlay-type":"","overlay-color":"","overlay-opacity":"","overlay-gradient":""}},"footnotes":""},"class_list":["post-1417","page","type-page","status-publish","hentry"],"uagb_featured_image_src":{"full":false,"thumbnail":false,"medium":false,"medium_large":false,"large":false,"1536x1536":false,"2048x2048":false,"trp-custom-language-flag":false},"uagb_author_info":{"display_name":"Beat Bachmann","author_link":"https:\/\/energieberatung-seeland.ch\/de_de\/author\/lehnherre\/"},"uagb_comment_info":0,"uagb_excerpt":"Per 01.01.2025 wurden die F\u00f6rderbeitr\u00e4ge im Bereich Erneuerbare Energien und Energieeffizienz des Kanton Bern angepasst. Der neue &#8222;Leitfaden F\u00f6rderprogramm Kanton Bern&#8220; kann hier heruntergeladen werden. In diesem finden sich alle Bedingungen, zus\u00e4tzliche Anforderungen oder Limitierungen der Beitr\u00e4ge. Unterstehend werden die wichtigsten \u00c4nderungen beschrieben: *EBF: Energiebezugsfl\u00e4che gem\u00e4ss SIA 380Beziffert vereinfach formuliert die beheizte Fl\u00e4che inkl. Aussenbauteile.&hellip;","_links":{"self":[{"href":"https:\/\/energieberatung-seeland.ch\/de_de\/wp-json\/wp\/v2\/pages\/1417","targetHints":{"allow":["GET"]}}],"collection":[{"href":"https:\/\/energieberatung-seeland.ch\/de_de\/wp-json\/wp\/v2\/pages"}],"about":[{"href":"https:\/\/energieberatung-seeland.ch\/de_de\/wp-json\/wp\/v2\/types\/page"}],"author":[{"embeddable":true,"href":"https:\/\/energieberatung-seeland.ch\/de_de\/wp-json\/wp\/v2\/users\/2"}],"replies":[{"embeddable":true,"href":"https:\/\/energieberatung-seeland.ch\/de_de\/wp-json\/wp\/v2\/comments?post=1417"}],"version-history":[{"count":2,"href":"https:\/\/energieberatung-seeland.ch\/de_de\/wp-json\/wp\/v2\/pages\/1417\/revisions"}],"predecessor-version":[{"id":1420,"href":"https:\/\/energieberatung-seeland.ch\/de_de\/wp-json\/wp\/v2\/pages\/1417\/revisions\/1420"}],"wp:attachment":[{"href":"https:\/\/energieberatung-seeland.ch\/de_de\/wp-json\/wp\/v2\/media?parent=1417"}],"curies":[{"name":"wp","href":"https:\/\/api.w.org\/{rel}","templated":true}]}}