{"id":1525,"date":"2025-01-27T14:47:53","date_gmt":"2025-01-27T13:47:53","guid":{"rendered":"https:\/\/energieberatung-seeland.ch\/?page_id=1525"},"modified":"2025-01-27T14:47:55","modified_gmt":"2025-01-27T13:47:55","slug":"neues-beratungsangebot-vorabklaerung-des-nah-und-fernwaermepotentials","status":"publish","type":"page","link":"https:\/\/energieberatung-seeland.ch\/de_de\/neues-beratungsangebot-vorabklaerung-des-nah-und-fernwaermepotentials\/","title":{"rendered":"Neues Beratungsangebot: Vorabkl\u00e4rung des Nah- und Fernw\u00e4rmepotentials"},"content":{"rendered":"\n<p>Die \u00f6ffentliche Energieberatung Seeland hat ein neues Beratungsangebot f\u00fcr Gemeinden: <strong>Vorgehensberatung f\u00fcr den Heizungsersatz von gemeindeeigenen Geb\u00e4uden inkl. Vorabkl\u00e4rung des Nah- und Fernw\u00e4rmepotentials<\/strong>.<\/p>\n\n\n\n<p>Wir haben dazu ein neues Angebot erarbeitet, welches die Pr\u00fcfung der m\u00f6glichen Varianten und der Wirtschaftlichkeit von Heizungsersatzprojekten f\u00fcr gemeindeeigene Geb\u00e4ude umfasst. Diese Vorgehensberatung bietet Ihnen je nach Komplexit\u00e4t des Projektes eine mehr oder weniger ausf\u00fchrliche Checkliste sowie f\u00fcr die Vorstudien-Phase einen Kurzbericht mit den wichtigsten Eckpunkten (Grob-Kostensch\u00e4tzung &amp; -Terminplan, Planerleistungen usw.) f\u00fcr eine fundierte Projekt-Initiierung. <\/p>\n\n\n\n<p>Ebenfalls kl\u00e4ren wir, insbesondere bei gr\u00f6sseren Heizzentralen ab, ob aktuell oder in Zukunft ein <strong>relevantes Potential f\u00fcr die Initiierung eines Nah- oder Fernw\u00e4rmeverbundes<\/strong> vorhanden ist. Bitte kontaktieren Sie uns dazu jederzeit und wir besprechen gerne mit Ihnen zusammen die Details und das weitere Vorgehen.<\/p>\n\n\n\n<p><\/p>\n","protected":false},"excerpt":{"rendered":"<p>Die \u00f6ffentliche Energieberatung Seeland hat ein neues Beratungsangebot f\u00fcr Gemeinden: Vorgehensberatung f\u00fcr den Heizungsersatz von gemeindeeigenen Geb\u00e4uden inkl. Vorabkl\u00e4rung des Nah- und Fernw\u00e4rmepotentials. Wir haben dazu ein neues Angebot erarbeitet, welches die Pr\u00fcfung der m\u00f6glichen Varianten und der Wirtschaftlichkeit von Heizungsersatzprojekten f\u00fcr gemeindeeigene Geb\u00e4ude umfasst. Diese Vorgehensberatung bietet Ihnen je nach Komplexit\u00e4t des Projektes eine [&hellip;]<\/p>\n","protected":false},"author":2,"featured_media":0,"parent":0,"menu_order":0,"comment_status":"closed","ping_status":"closed","template":"","meta":{"_uag_custom_page_level_css":"","site-sidebar-layout":"default","site-content-layout":"","ast-site-content-layout":"default","site-content-style":"default","site-sidebar-style":"default","ast-global-header-display":"","ast-banner-title-visibility":"","ast-main-header-display":"","ast-hfb-above-header-display":"","ast-hfb-below-header-display":"","ast-hfb-mobile-header-display":"","site-post-title":"","ast-breadcrumbs-content":"","ast-featured-img":"","footer-sml-layout":"","ast-disable-related-posts":"","theme-transparent-header-meta":"","adv-header-id-meta":"","stick-header-meta":"","header-above-stick-meta":"","header-main-stick-meta":"","header-below-stick-meta":"","astra-migrate-meta-layouts":"set","ast-page-background-enabled":"default","ast-page-background-meta":{"desktop":{"background-color":"var(--ast-global-color-4)","background-image":"","background-repeat":"repeat","background-position":"center center","background-size":"auto","background-attachment":"scroll","background-type":"","background-media":"","overlay-type":"","overlay-color":"","overlay-opacity":"","overlay-gradient":""},"tablet":{"background-color":"","background-image":"","background-repeat":"repeat","background-position":"center center","background-size":"auto","background-attachment":"scroll","background-type":"","background-media":"","overlay-type":"","overlay-color":"","overlay-opacity":"","overlay-gradient":""},"mobile":{"background-color":"","background-image":"","background-repeat":"repeat","background-position":"center center","background-size":"auto","background-attachment":"scroll","background-type":"","background-media":"","overlay-type":"","overlay-color":"","overlay-opacity":"","overlay-gradient":""}},"ast-content-background-meta":{"desktop":{"background-color":"var(--ast-global-color-5)","background-image":"","background-repeat":"repeat","background-position":"center center","background-size":"auto","background-attachment":"scroll","background-type":"","background-media":"","overlay-type":"","overlay-color":"","overlay-opacity":"","overlay-gradient":""},"tablet":{"background-color":"var(--ast-global-color-5)","background-image":"","background-repeat":"repeat","background-position":"center center","background-size":"auto","background-attachment":"scroll","background-type":"","background-media":"","overlay-type":"","overlay-color":"","overlay-opacity":"","overlay-gradient":""},"mobile":{"background-color":"var(--ast-global-color-5)","background-image":"","background-repeat":"repeat","background-position":"center center","background-size":"auto","background-attachment":"scroll","background-type":"","background-media":"","overlay-type":"","overlay-color":"","overlay-opacity":"","overlay-gradient":""}},"footnotes":""},"class_list":["post-1525","page","type-page","status-publish","hentry"],"uagb_featured_image_src":{"full":false,"thumbnail":false,"medium":false,"medium_large":false,"large":false,"1536x1536":false,"2048x2048":false,"trp-custom-language-flag":false},"uagb_author_info":{"display_name":"Beat Bachmann","author_link":"https:\/\/energieberatung-seeland.ch\/de_de\/author\/lehnherre\/"},"uagb_comment_info":0,"uagb_excerpt":"Die \u00f6ffentliche Energieberatung Seeland hat ein neues Beratungsangebot f\u00fcr Gemeinden: Vorgehensberatung f\u00fcr den Heizungsersatz von gemeindeeigenen Geb\u00e4uden inkl. Vorabkl\u00e4rung des Nah- und Fernw\u00e4rmepotentials. Wir haben dazu ein neues Angebot erarbeitet, welches die Pr\u00fcfung der m\u00f6glichen Varianten und der Wirtschaftlichkeit von Heizungsersatzprojekten f\u00fcr gemeindeeigene Geb\u00e4ude umfasst. Diese Vorgehensberatung bietet Ihnen je nach Komplexit\u00e4t des Projektes eine&hellip;","_links":{"self":[{"href":"https:\/\/energieberatung-seeland.ch\/de_de\/wp-json\/wp\/v2\/pages\/1525","targetHints":{"allow":["GET"]}}],"collection":[{"href":"https:\/\/energieberatung-seeland.ch\/de_de\/wp-json\/wp\/v2\/pages"}],"about":[{"href":"https:\/\/energieberatung-seeland.ch\/de_de\/wp-json\/wp\/v2\/types\/page"}],"author":[{"embeddable":true,"href":"https:\/\/energieberatung-seeland.ch\/de_de\/wp-json\/wp\/v2\/users\/2"}],"replies":[{"embeddable":true,"href":"https:\/\/energieberatung-seeland.ch\/de_de\/wp-json\/wp\/v2\/comments?post=1525"}],"version-history":[{"count":1,"href":"https:\/\/energieberatung-seeland.ch\/de_de\/wp-json\/wp\/v2\/pages\/1525\/revisions"}],"predecessor-version":[{"id":1528,"href":"https:\/\/energieberatung-seeland.ch\/de_de\/wp-json\/wp\/v2\/pages\/1525\/revisions\/1528"}],"wp:attachment":[{"href":"https:\/\/energieberatung-seeland.ch\/de_de\/wp-json\/wp\/v2\/media?parent=1525"}],"curies":[{"name":"wp","href":"https:\/\/api.w.org\/{rel}","templated":true}]}}