{"id":1569,"date":"2025-03-24T11:43:53","date_gmt":"2025-03-24T10:43:53","guid":{"rendered":"https:\/\/energieberatung-seeland.ch\/?page_id=1569"},"modified":"2025-04-10T08:45:59","modified_gmt":"2025-04-10T06:45:59","slug":"energie-und-klimatalk-biel-vom-4-april-2025","status":"publish","type":"page","link":"https:\/\/energieberatung-seeland.ch\/de_de\/energie-und-klimatalk-biel-vom-4-april-2025\/","title":{"rendered":"Energie- und Klimatalk Biel vom 3. April 2025"},"content":{"rendered":"\n<p>Die Energiewende ist beschlossen \u2013 doch die Umsetzung stellt je nach Standort ganz unterschiedliche Herausforderungen an Geb\u00e4ude. Besonders in Altst\u00e4dten stellt sich die Frage: Wie lassen sich Energieeffizienz, nachhaltige W\u00e4rmeversorgung und erneuerbare Stromerzeugung mit dem Erhalt historischer Bausubstanz in Einklang bringen?<\/p>\n\n\n\n<p>Ein Beispiel ist Biel\/Bienne: Die charmante fast ein wenig versteckt liegende Altstadt besticht mit einzigartigen Bauwerken und Ensembles von kulturellem, historischem oder \u00e4sthetischem Wert. Diese Geb\u00e4ude sind Bau-Denkm\u00e4ler, die sorgf\u00e4ltig erhalten werden m\u00fcssen, damit sie auch in Zukunft attraktive Lebens- und Gesch\u00e4ftsr\u00e4ume bleiben.<\/p>\n\n\n\n<p>Doch wie gelingt der Balanceakt zwischen dem Schutz dieser wertvollen Bauwerke und der Umsetzung der energie- und klimapolitischen Ziele? Welche Massnahmen sind im Rahmen der \u00abGeb\u00e4udepolitik 2025+\u00bb erforderlich? <\/p>\n\n\n\n<p>Genau um diese Themen drehte sich der Abend vom 3. April mit anschliessendem Ap\u00e9ro, wobei auch wir einen Input zum Thema &#8222;Energieberatung f\u00fcr jeden Haustypen&#8220; halten konnten und die Energieberatung Seeland vorstellen durften.<\/p>\n\n\n\n<p>Sehen Sie sich hier alle Referate und Pr\u00e4sentationen (auf deutsch und franz\u00f6sisch) an:<\/p>\n\n\n\n<div class=\"wp-block-uagb-image uagb-block-d56631f4 wp-block-uagb-image--layout-default wp-block-uagb-image--effect-static wp-block-uagb-image--align-none\"><figure class=\"wp-block-uagb-image__figure\"><a class=\"\" href=\"https:\/\/www.weu.be.ch\/de\/start\/themen\/energie\/energie-klima-talk\/ekt25-biel-energiewende-altstadt.html\" target=\"_blank\" rel=\"noreferrer noopener\"><img loading=\"lazy\" decoding=\"async\" srcset=\"https:\/\/energieberatung-seeland.ch\/wp-content\/uploads\/2025\/03\/4c9d8143-4525-4645-9744-080-1024x307.webp ,https:\/\/energieberatung-seeland.ch\/wp-content\/uploads\/2025\/03\/4c9d8143-4525-4645-9744-080.webp 780w, https:\/\/energieberatung-seeland.ch\/wp-content\/uploads\/2025\/03\/4c9d8143-4525-4645-9744-080.webp 360w\" sizes=\"auto, (max-width: 480px) 150px\" src=\"https:\/\/energieberatung-seeland.ch\/wp-content\/uploads\/2025\/03\/4c9d8143-4525-4645-9744-080-1024x307.webp\" alt=\"\" class=\"uag-image-1570\" width=\"1300\" height=\"390\" title=\"4c9d8143-4525-4645-9744-080\" loading=\"lazy\" role=\"img\"\/><\/a><\/figure><\/div>\n\n\n\n<p><\/p>\n","protected":false},"excerpt":{"rendered":"<p>Die Energiewende ist beschlossen \u2013 doch die Umsetzung stellt je nach Standort ganz unterschiedliche Herausforderungen an Geb\u00e4ude. Besonders in Altst\u00e4dten stellt sich die Frage: Wie lassen sich Energieeffizienz, nachhaltige W\u00e4rmeversorgung und erneuerbare Stromerzeugung mit dem Erhalt historischer Bausubstanz in Einklang bringen? Ein Beispiel ist Biel\/Bienne: Die charmante fast ein wenig versteckt liegende Altstadt besticht mit [&hellip;]<\/p>\n","protected":false},"author":2,"featured_media":0,"parent":0,"menu_order":0,"comment_status":"closed","ping_status":"closed","template":"","meta":{"_uag_custom_page_level_css":"","site-sidebar-layout":"default","site-content-layout":"","ast-site-content-layout":"default","site-content-style":"default","site-sidebar-style":"default","ast-global-header-display":"","ast-banner-title-visibility":"","ast-main-header-display":"","ast-hfb-above-header-display":"","ast-hfb-below-header-display":"","ast-hfb-mobile-header-display":"","site-post-title":"","ast-breadcrumbs-content":"","ast-featured-img":"","footer-sml-layout":"","ast-disable-related-posts":"","theme-transparent-header-meta":"","adv-header-id-meta":"","stick-header-meta":"","header-above-stick-meta":"","header-main-stick-meta":"","header-below-stick-meta":"","astra-migrate-meta-layouts":"set","ast-page-background-enabled":"default","ast-page-background-meta":{"desktop":{"background-color":"var(--ast-global-color-4)","background-image":"","background-repeat":"repeat","background-position":"center center","background-size":"auto","background-attachment":"scroll","background-type":"","background-media":"","overlay-type":"","overlay-color":"","overlay-opacity":"","overlay-gradient":""},"tablet":{"background-color":"","background-image":"","background-repeat":"repeat","background-position":"center center","background-size":"auto","background-attachment":"scroll","background-type":"","background-media":"","overlay-type":"","overlay-color":"","overlay-opacity":"","overlay-gradient":""},"mobile":{"background-color":"","background-image":"","background-repeat":"repeat","background-position":"center center","background-size":"auto","background-attachment":"scroll","background-type":"","background-media":"","overlay-type":"","overlay-color":"","overlay-opacity":"","overlay-gradient":""}},"ast-content-background-meta":{"desktop":{"background-color":"var(--ast-global-color-5)","background-image":"","background-repeat":"repeat","background-position":"center center","background-size":"auto","background-attachment":"scroll","background-type":"","background-media":"","overlay-type":"","overlay-color":"","overlay-opacity":"","overlay-gradient":""},"tablet":{"background-color":"var(--ast-global-color-5)","background-image":"","background-repeat":"repeat","background-position":"center center","background-size":"auto","background-attachment":"scroll","background-type":"","background-media":"","overlay-type":"","overlay-color":"","overlay-opacity":"","overlay-gradient":""},"mobile":{"background-color":"var(--ast-global-color-5)","background-image":"","background-repeat":"repeat","background-position":"center center","background-size":"auto","background-attachment":"scroll","background-type":"","background-media":"","overlay-type":"","overlay-color":"","overlay-opacity":"","overlay-gradient":""}},"footnotes":""},"class_list":["post-1569","page","type-page","status-publish","hentry"],"uagb_featured_image_src":{"full":false,"thumbnail":false,"medium":false,"medium_large":false,"large":false,"1536x1536":false,"2048x2048":false,"trp-custom-language-flag":false},"uagb_author_info":{"display_name":"Beat Bachmann","author_link":"https:\/\/energieberatung-seeland.ch\/de_de\/author\/lehnherre\/"},"uagb_comment_info":0,"uagb_excerpt":"Die Energiewende ist beschlossen \u2013 doch die Umsetzung stellt je nach Standort ganz unterschiedliche Herausforderungen an Geb\u00e4ude. Besonders in Altst\u00e4dten stellt sich die Frage: Wie lassen sich Energieeffizienz, nachhaltige W\u00e4rmeversorgung und erneuerbare Stromerzeugung mit dem Erhalt historischer Bausubstanz in Einklang bringen? Ein Beispiel ist Biel\/Bienne: Die charmante fast ein wenig versteckt liegende Altstadt besticht mit&hellip;","_links":{"self":[{"href":"https:\/\/energieberatung-seeland.ch\/de_de\/wp-json\/wp\/v2\/pages\/1569","targetHints":{"allow":["GET"]}}],"collection":[{"href":"https:\/\/energieberatung-seeland.ch\/de_de\/wp-json\/wp\/v2\/pages"}],"about":[{"href":"https:\/\/energieberatung-seeland.ch\/de_de\/wp-json\/wp\/v2\/types\/page"}],"author":[{"embeddable":true,"href":"https:\/\/energieberatung-seeland.ch\/de_de\/wp-json\/wp\/v2\/users\/2"}],"replies":[{"embeddable":true,"href":"https:\/\/energieberatung-seeland.ch\/de_de\/wp-json\/wp\/v2\/comments?post=1569"}],"version-history":[{"count":3,"href":"https:\/\/energieberatung-seeland.ch\/de_de\/wp-json\/wp\/v2\/pages\/1569\/revisions"}],"predecessor-version":[{"id":1602,"href":"https:\/\/energieberatung-seeland.ch\/de_de\/wp-json\/wp\/v2\/pages\/1569\/revisions\/1602"}],"wp:attachment":[{"href":"https:\/\/energieberatung-seeland.ch\/de_de\/wp-json\/wp\/v2\/media?parent=1569"}],"curies":[{"name":"wp","href":"https:\/\/api.w.org\/{rel}","templated":true}]}}