{"id":1617,"date":"2025-06-04T13:45:08","date_gmt":"2025-06-04T11:45:08","guid":{"rendered":"https:\/\/energieberatung-seeland.ch\/?page_id=1617"},"modified":"2025-06-04T13:45:09","modified_gmt":"2025-06-04T11:45:09","slug":"energielabel-fuer-smartphones-und-tablets","status":"publish","type":"page","link":"https:\/\/energieberatung-seeland.ch\/de_de\/energielabel-fuer-smartphones-und-tablets\/","title":{"rendered":"Energielabel f\u00fcr Smartphones und Tablets"},"content":{"rendered":"\n<p>Die EU f\u00fchrt am 20. Juni 2025 ein <strong>Energielabel f\u00fcr Smartphones und Tablets <\/strong>ein. Bald sollen Stromverbrauch, Akkulaufzeit, Robustheit und Reparierbarkeit der Ger\u00e4te auf einen Blick sichtbar sein. Orientiert wurde sich dabei im Rahmen der \u00d6kodesign-Richtlinie an den Etiketten, die man schon von Elektroger\u00e4ten wie K\u00fchlschr\u00e4nken, Waschmaschinen und Fernsehern gibt.<\/p>\n\n\n\n<figure class=\"wp-block-image aligncenter size-full is-resized\"><img fetchpriority=\"high\" decoding=\"async\" width=\"413\" height=\"831\" src=\"https:\/\/energieberatung-seeland.ch\/wp-content\/uploads\/2025\/06\/EU-Label-Smartphones_1.png\" alt=\"\" class=\"wp-image-1618\" style=\"width:192px;height:auto\" srcset=\"https:\/\/energieberatung-seeland.ch\/wp-content\/uploads\/2025\/06\/EU-Label-Smartphones_1.png 413w, https:\/\/energieberatung-seeland.ch\/wp-content\/uploads\/2025\/06\/EU-Label-Smartphones_1-149x300.png 149w, https:\/\/energieberatung-seeland.ch\/wp-content\/uploads\/2025\/06\/EU-Label-Smartphones_1-6x12.png 6w\" sizes=\"(max-width: 413px) 100vw, 413px\" \/><\/figure>\n\n\n\n<p><strong>Eckdaten f\u00fcr einen schnellen \u00dcberblick<\/strong><\/p>\n\n\n\n<p>Die Effizienz wird wie bei den Elektrogrossger\u00e4ten, \u00fcber die bekannte Klassierung von A bis G eingestuft. Unter der <strong>Energieeffizienzklasse <\/strong>erscheint die Akkulaufzeit in Stunden und Minuten, die auf Herstellerangaben beruhen. F\u00fcr die Robustheit und die Reparierbarkeit wird eine grobe Angabe in den Klassen A bis E vorgesehen &#8211; wobei A der Bestwert ist.<br><br>In der untersten Zeile des Energielabels sind noch <strong>Anzahl der Ladezyklen<\/strong> sowie, wenn vorhanden, die <strong>IP-Zertifizierung<\/strong>. Der gew\u00fcnschte Standard f\u00fcr die Ladezyklen liegt bei 80% der Batteriekapazit\u00e4t nach 800 Durchl\u00e4ufen. Die IP-Zertifizierung gibt Auskunft dar\u00fcber, wie staub- und wasserdicht das Smartphone oder Tablet ist.<\/p>\n\n\n\n<p>Auch wenn die Schweiz kein EU-Mitglied ist, \u00fcbernimmt sie die Energielabel in der Regel und bei den ersten Smartphones kann man das Label schon finden. Bei Tablets gelten die neuen Vorgaben nur f\u00fcr iOS und Android Ger\u00e4te. Windows Tablets z\u00e4hlen in der EU zu den Laptops und daf\u00fcr gibt es noch kein Energielabel. <\/p>\n\n\n\n<p>Die EU erhofft sich von dem Energielabel besser informierte K\u00e4uferinnen und K\u00e4ufer, da durch die Informationen im Idealfall zu einem besseren Ger\u00e4t gegriffen wird. Durch l\u00e4ngere Nutzungszeit w\u00fcrden weniger Ressourcen verbraucht.<\/p>\n\n\n\n<p>Quellen: Europ\u00e4ische Union, Titelbild: Michelle Br\u00e4ndle<\/p>\n\n\n\n<p><\/p>\n","protected":false},"excerpt":{"rendered":"<p>Die EU f\u00fchrt am 20. Juni 2025 ein Energielabel f\u00fcr Smartphones und Tablets ein. Bald sollen Stromverbrauch, Akkulaufzeit, Robustheit und Reparierbarkeit der Ger\u00e4te auf einen Blick sichtbar sein. Orientiert wurde sich dabei im Rahmen der \u00d6kodesign-Richtlinie an den Etiketten, die man schon von Elektroger\u00e4ten wie K\u00fchlschr\u00e4nken, Waschmaschinen und Fernsehern gibt. Eckdaten f\u00fcr einen schnellen \u00dcberblick [&hellip;]<\/p>\n","protected":false},"author":3,"featured_media":1616,"parent":0,"menu_order":0,"comment_status":"closed","ping_status":"closed","template":"","meta":{"_uag_custom_page_level_css":"","site-sidebar-layout":"default","site-content-layout":"","ast-site-content-layout":"default","site-content-style":"default","site-sidebar-style":"default","ast-global-header-display":"","ast-banner-title-visibility":"","ast-main-header-display":"","ast-hfb-above-header-display":"","ast-hfb-below-header-display":"","ast-hfb-mobile-header-display":"","site-post-title":"","ast-breadcrumbs-content":"","ast-featured-img":"","footer-sml-layout":"","ast-disable-related-posts":"","theme-transparent-header-meta":"","adv-header-id-meta":"","stick-header-meta":"","header-above-stick-meta":"","header-main-stick-meta":"","header-below-stick-meta":"","astra-migrate-meta-layouts":"set","ast-page-background-enabled":"default","ast-page-background-meta":{"desktop":{"background-color":"var(--ast-global-color-4)","background-image":"","background-repeat":"repeat","background-position":"center center","background-size":"auto","background-attachment":"scroll","background-type":"","background-media":"","overlay-type":"","overlay-color":"","overlay-opacity":"","overlay-gradient":""},"tablet":{"background-color":"","background-image":"","background-repeat":"repeat","background-position":"center center","background-size":"auto","background-attachment":"scroll","background-type":"","background-media":"","overlay-type":"","overlay-color":"","overlay-opacity":"","overlay-gradient":""},"mobile":{"background-color":"","background-image":"","background-repeat":"repeat","background-position":"center center","background-size":"auto","background-attachment":"scroll","background-type":"","background-media":"","overlay-type":"","overlay-color":"","overlay-opacity":"","overlay-gradient":""}},"ast-content-background-meta":{"desktop":{"background-color":"var(--ast-global-color-5)","background-image":"","background-repeat":"repeat","background-position":"center center","background-size":"auto","background-attachment":"scroll","background-type":"","background-media":"","overlay-type":"","overlay-color":"","overlay-opacity":"","overlay-gradient":""},"tablet":{"background-color":"var(--ast-global-color-5)","background-image":"","background-repeat":"repeat","background-position":"center center","background-size":"auto","background-attachment":"scroll","background-type":"","background-media":"","overlay-type":"","overlay-color":"","overlay-opacity":"","overlay-gradient":""},"mobile":{"background-color":"var(--ast-global-color-5)","background-image":"","background-repeat":"repeat","background-position":"center center","background-size":"auto","background-attachment":"scroll","background-type":"","background-media":"","overlay-type":"","overlay-color":"","overlay-opacity":"","overlay-gradient":""}},"footnotes":""},"class_list":["post-1617","page","type-page","status-publish","has-post-thumbnail","hentry"],"uagb_featured_image_src":{"full":["https:\/\/energieberatung-seeland.ch\/wp-content\/uploads\/2025\/06\/EU-Label-Smartphones.png",1500,750,false],"thumbnail":["https:\/\/energieberatung-seeland.ch\/wp-content\/uploads\/2025\/06\/EU-Label-Smartphones-150x150.png",150,150,true],"medium":["https:\/\/energieberatung-seeland.ch\/wp-content\/uploads\/2025\/06\/EU-Label-Smartphones-300x150.png",300,150,true],"medium_large":["https:\/\/energieberatung-seeland.ch\/wp-content\/uploads\/2025\/06\/EU-Label-Smartphones-768x384.png",768,384,true],"large":["https:\/\/energieberatung-seeland.ch\/wp-content\/uploads\/2025\/06\/EU-Label-Smartphones-1024x512.png",1024,512,true],"1536x1536":["https:\/\/energieberatung-seeland.ch\/wp-content\/uploads\/2025\/06\/EU-Label-Smartphones.png",1500,750,false],"2048x2048":["https:\/\/energieberatung-seeland.ch\/wp-content\/uploads\/2025\/06\/EU-Label-Smartphones.png",1500,750,false],"trp-custom-language-flag":["https:\/\/energieberatung-seeland.ch\/wp-content\/uploads\/2025\/06\/EU-Label-Smartphones-18x9.png",18,9,true]},"uagb_author_info":{"display_name":"Beat Bachmann","author_link":"https:\/\/energieberatung-seeland.ch\/de_de\/author\/bachmannb\/"},"uagb_comment_info":0,"uagb_excerpt":"Die EU f\u00fchrt am 20. Juni 2025 ein Energielabel f\u00fcr Smartphones und Tablets ein. Bald sollen Stromverbrauch, Akkulaufzeit, Robustheit und Reparierbarkeit der Ger\u00e4te auf einen Blick sichtbar sein. Orientiert wurde sich dabei im Rahmen der \u00d6kodesign-Richtlinie an den Etiketten, die man schon von Elektroger\u00e4ten wie K\u00fchlschr\u00e4nken, Waschmaschinen und Fernsehern gibt. Eckdaten f\u00fcr einen schnellen \u00dcberblick&hellip;","_links":{"self":[{"href":"https:\/\/energieberatung-seeland.ch\/de_de\/wp-json\/wp\/v2\/pages\/1617","targetHints":{"allow":["GET"]}}],"collection":[{"href":"https:\/\/energieberatung-seeland.ch\/de_de\/wp-json\/wp\/v2\/pages"}],"about":[{"href":"https:\/\/energieberatung-seeland.ch\/de_de\/wp-json\/wp\/v2\/types\/page"}],"author":[{"embeddable":true,"href":"https:\/\/energieberatung-seeland.ch\/de_de\/wp-json\/wp\/v2\/users\/3"}],"replies":[{"embeddable":true,"href":"https:\/\/energieberatung-seeland.ch\/de_de\/wp-json\/wp\/v2\/comments?post=1617"}],"version-history":[{"count":2,"href":"https:\/\/energieberatung-seeland.ch\/de_de\/wp-json\/wp\/v2\/pages\/1617\/revisions"}],"predecessor-version":[{"id":1621,"href":"https:\/\/energieberatung-seeland.ch\/de_de\/wp-json\/wp\/v2\/pages\/1617\/revisions\/1621"}],"wp:featuredmedia":[{"embeddable":true,"href":"https:\/\/energieberatung-seeland.ch\/de_de\/wp-json\/wp\/v2\/media\/1616"}],"wp:attachment":[{"href":"https:\/\/energieberatung-seeland.ch\/de_de\/wp-json\/wp\/v2\/media?parent=1617"}],"curies":[{"name":"wp","href":"https:\/\/api.w.org\/{rel}","templated":true}]}}