{"id":177,"date":"2023-02-21T08:20:20","date_gmt":"2023-02-21T07:20:20","guid":{"rendered":"http:\/\/energieberatung-seeland.ch\/?page_id=177"},"modified":"2026-03-02T09:33:28","modified_gmt":"2026-03-02T08:33:28","slug":"angebot","status":"publish","type":"page","link":"https:\/\/energieberatung-seeland.ch\/de_de\/angebot\/","title":{"rendered":"Angebot"},"content":{"rendered":"\n<p>Die Energiestrategie des Kantons Bern (2006) sieht langfristig eine 2000-Watt-Gesellschaft vor, die nur erreichbar ist, wenn der Gesamtendenergiebedarf pro Kopf allgemein gesenkt wird. Eine der vier grossen Verbrauchergruppen sind neben der Industrie, dem Verkehrssektor und dem Dienstleistungssektor die Haushalte, die im Jahr 2022 mit 27.6% \u00fcber einen Viertel des Endenergiebedarfs einnahmen. Die Endenergie setzt sich bei den Haushalten grundlegend zusammen aus dem Energiebedarf zur W\u00e4rmeerzeugung (Heizung und Warmwasser) und dem Strombedarf. Beides kann mittels einer Effizienzsteigerung, beispielsweise durch die Verbesserung der Geb\u00e4udeh\u00fclle (Verringerung der Transmissionsw\u00e4rmeverluste) oder dem Einsatz von erneuerbaren, effizienten Heizsystemen gesenkt werden.<br><br><strong>Energie ist wertvoll und wird in fast allen Bereichen unseres Lebens eingesetzt. Deshalb ist es wichtig, Energie nachhaltig, effizient und zielgerichtet einzusetzen. In privaten Haushalten und Geb\u00e4uden gibt es oft betr\u00e4chtliches Energiesparpotential, welches wir gerne mit Ihnen ausfindig machen und gezielte Massnahmen definieren.<\/strong><\/p>\n\n\n\n<p>Die \u00f6ffentliche Energieberatung Seeland beantwortet Ihnen gerne Fragen zu Themen wie:<\/p>\n\n\n\n<div class=\"wp-block-uagb-icon-list uagb-block-a2daddb7\"><div class=\"uagb-icon-list__wrap\">\n<div class=\"wp-block-uagb-icon-list-child uagb-block-de2449b9\"><span class=\"uagb-icon-list__source-wrap\"><svg xmlns=\"https:\/\/www.w3.org\/2000\/svg\" viewBox=\"0 0 512 512\"><path d=\"M256 0C114.6 0 0 114.6 0 256c0 141.4 114.6 256 256 256s256-114.6 256-256C512 114.6 397.4 0 256 0zM406.6 278.6l-103.1 103.1c-12.5 12.5-32.75 12.5-45.25 0s-12.5-32.75 0-45.25L306.8 288H128C110.3 288 96 273.7 96 256s14.31-32 32-32h178.8l-49.38-49.38c-12.5-12.5-12.5-32.75 0-45.25s32.75-12.5 45.25 0l103.1 103.1C414.6 241.3 416 251.1 416 256C416 260.9 414.6 270.7 406.6 278.6z\"><\/path><\/svg><\/span><span class=\"uagb-icon-list__label\">Strom aus erneuerbaren Energien gewinnen<\/span><\/div>\n\n\n\n<div class=\"wp-block-uagb-icon-list-child uagb-block-f7fac04b\"><span class=\"uagb-icon-list__source-wrap\"><svg xmlns=\"https:\/\/www.w3.org\/2000\/svg\" viewBox=\"0 0 512 512\"><path d=\"M256 0C114.6 0 0 114.6 0 256c0 141.4 114.6 256 256 256s256-114.6 256-256C512 114.6 397.4 0 256 0zM406.6 278.6l-103.1 103.1c-12.5 12.5-32.75 12.5-45.25 0s-12.5-32.75 0-45.25L306.8 288H128C110.3 288 96 273.7 96 256s14.31-32 32-32h178.8l-49.38-49.38c-12.5-12.5-12.5-32.75 0-45.25s32.75-12.5 45.25 0l103.1 103.1C414.6 241.3 416 251.1 416 256C416 260.9 414.6 270.7 406.6 278.6z\"><\/path><\/svg><\/span><span class=\"uagb-icon-list__label\">Heizung, Warmwasser, Beleuchtung<\/span><\/div>\n\n\n\n<div class=\"wp-block-uagb-icon-list-child uagb-block-5aaa3812\"><span class=\"uagb-icon-list__source-wrap\"><svg xmlns=\"https:\/\/www.w3.org\/2000\/svg\" viewBox=\"0 0 512 512\"><path d=\"M256 0C114.6 0 0 114.6 0 256c0 141.4 114.6 256 256 256s256-114.6 256-256C512 114.6 397.4 0 256 0zM406.6 278.6l-103.1 103.1c-12.5 12.5-32.75 12.5-45.25 0s-12.5-32.75 0-45.25L306.8 288H128C110.3 288 96 273.7 96 256s14.31-32 32-32h178.8l-49.38-49.38c-12.5-12.5-12.5-32.75 0-45.25s32.75-12.5 45.25 0l103.1 103.1C414.6 241.3 416 251.1 416 256C416 260.9 414.6 270.7 406.6 278.6z\"><\/path><\/svg><\/span><span class=\"uagb-icon-list__label\">Sanierung der Geb\u00e4udeh\u00fclle <\/span><\/div>\n\n\n\n<div class=\"wp-block-uagb-icon-list-child uagb-block-6f08f79d\"><span class=\"uagb-icon-list__source-wrap\"><svg xmlns=\"https:\/\/www.w3.org\/2000\/svg\" viewBox=\"0 0 512 512\"><path d=\"M256 0C114.6 0 0 114.6 0 256c0 141.4 114.6 256 256 256s256-114.6 256-256C512 114.6 397.4 0 256 0zM406.6 278.6l-103.1 103.1c-12.5 12.5-32.75 12.5-45.25 0s-12.5-32.75 0-45.25L306.8 288H128C110.3 288 96 273.7 96 256s14.31-32 32-32h178.8l-49.38-49.38c-12.5-12.5-12.5-32.75 0-45.25s32.75-12.5 45.25 0l103.1 103.1C414.6 241.3 416 251.1 416 256C416 260.9 414.6 270.7 406.6 278.6z\"><\/path><\/svg><\/span><span class=\"uagb-icon-list__label\">F\u00f6rderprogramme<\/span><\/div>\n\n\n\n<div class=\"wp-block-uagb-icon-list-child uagb-block-ec45327b\"><span class=\"uagb-icon-list__source-wrap\"><svg xmlns=\"https:\/\/www.w3.org\/2000\/svg\" viewBox=\"0 0 512 512\"><path d=\"M256 0C114.6 0 0 114.6 0 256c0 141.4 114.6 256 256 256s256-114.6 256-256C512 114.6 397.4 0 256 0zM406.6 278.6l-103.1 103.1c-12.5 12.5-32.75 12.5-45.25 0s-12.5-32.75 0-45.25L306.8 288H128C110.3 288 96 273.7 96 256s14.31-32 32-32h178.8l-49.38-49.38c-12.5-12.5-12.5-32.75 0-45.25s32.75-12.5 45.25 0l103.1 103.1C414.6 241.3 416 251.1 416 256C416 260.9 414.6 270.7 406.6 278.6z\"><\/path><\/svg><\/span><span class=\"uagb-icon-list__label\">Energiesparen im Alltag<\/span><\/div>\n\n\n\n<div class=\"wp-block-uagb-icon-list-child uagb-block-a61759d8\"><span class=\"uagb-icon-list__source-wrap\"><svg xmlns=\"https:\/\/www.w3.org\/2000\/svg\" viewBox=\"0 0 512 512\"><path d=\"M256 0C114.6 0 0 114.6 0 256c0 141.4 114.6 256 256 256s256-114.6 256-256C512 114.6 397.4 0 256 0zM406.6 278.6l-103.1 103.1c-12.5 12.5-32.75 12.5-45.25 0s-12.5-32.75 0-45.25L306.8 288H128C110.3 288 96 273.7 96 256s14.31-32 32-32h178.8l-49.38-49.38c-12.5-12.5-12.5-32.75 0-45.25s32.75-12.5 45.25 0l103.1 103.1C414.6 241.3 416 251.1 416 256C416 260.9 414.6 270.7 406.6 278.6z\"><\/path><\/svg><\/span><span class=\"uagb-icon-list__label\">Gesetzliche Vorgaben<\/span><\/div>\n<\/div><\/div>\n\n\n\n<p>Bitte beachten Sie, dass wir keine W\u00e4rmebildaufnahmen durchf\u00fchren und keine Geb\u00e4udeenergieausweise (GEAK, GEAK+) oder Energienachweise ausstellen.<\/p>\n\n\n\n<p>In der Heizperiode 2026\/2027 wird aber eine W\u00e4rmebildaktion stattfinden mit einer externen Fachfirma. Bei Fragen melden Sie sich gerne unter <mark style=\"background-color:rgba(0, 0, 0, 0)\" class=\"has-inline-color has-ast-global-color-0-color\">waermebild@energieberatung-seeland.ch <\/mark><\/p>\n\n\n\n<p><strong>Ablauf einer Energieberatung<\/strong><br>Sie d\u00fcrfen uns Ihr Anliegen gerne telefonisch (032 322 23 53) oder \u00fcber das <a href=\"https:\/\/energieberatung-seeland.ch\/kontakt\/\" data-type=\"page\" data-id=\"387\">Kontaktformular<\/a> mitteilen. <br>Wir beraten Sie nach individuellem Bed\u00fcrfnis am Telefon, \u00fcber E-Mail, in einer Videokonferenz, bei einem pers\u00f6nlichen Gespr\u00e4ch in unserem Sitzungszimmer in Biel (nach vorg\u00e4ngiger Terminvereinbarung) oder direkt bei Ihnen von Ort.<br><br>F\u00fcr eine Beratung bei Ihnen vor Ort werden wir Sie vorg\u00e4ngig bitten, uns relevante Zahlen oder Dokumente zur Vorbereitung zur Verf\u00fcgung zu stellen. Anschliessend findet die Beratung vor Ort statt und im Nachgang erhalten Sie ein Beratungsdokument mit einer Zusammenfassung der besprochenen Punkte und Verbesserungsmassnahmen sowie n\u00fctzliche Links und Dokumente.<\/p>\n\n\n\n<div class=\"wp-block-uagb-advanced-heading uagb-block-5e4c4964\"><h2 class=\"uagb-heading-text\">Tarife<\/h2><\/div>\n\n\n\n<p><br>Beratungen via E-Mail, Telefon oder Videokonferenz (bis 1 Stunde) sind kostenlos, wenn Sie in einer <a href=\"https:\/\/energieberatung-seeland.ch\/wp-content\/uploads\/2024\/03\/Karte_Mitglieder_2022_DE.pdf\" target=\"_blank\" rel=\"noreferrer noopener\">Mitglieder-Gemeinde von seeland.biel\/bienne<\/a> wohnhaft sind, oder sich das Geb\u00e4ude im entsprechenden Perimeter befindet. Andernfalls finden Sie die zust\u00e4ndige Beratungsstelle <a href=\"https:\/\/www.weu.be.ch\/de\/start\/themen\/energie\/energieberatung.html\" target=\"_blank\" rel=\"noreferrer noopener\">hier<\/a>.<\/p>\n\n\n\n<p><strong>F\u00fcr Private und Firmen<\/strong><\/p>\n\n\n\n<ul class=\"wp-block-list\">\n<li>Beratung telefonisch oder Videokonferenz bis 1 Stunde: gratis<\/li>\n\n\n\n<li>Beratung im B\u00fcro in Biel bis 1 Stunde: gratis<\/li>\n\n\n\n<li>Beratung vor Ort<strong>*<\/strong> 1 Stunde (inkl. Beratungsbericht): <br>&#8211; Wohnungen, Ein- und Zweifamilienh\u00e4user: CHF 100.- (pauschal)<br>&#8211; Mehrfamilienh\u00e4user, Reiheneinfamilienh\u00e4user und Stockwerkeigentum: CHF 150.- (pauschal)<br>&#8211; Gewerbe und Industrie: CHF 250.- (pauschal)<\/li>\n\n\n\n<li>Zus\u00e4tzlicher Aufwand: CHF 140.- pro Stunde<\/li>\n<\/ul>\n\n\n\n<p><em><strong>*<\/strong> Die Bezahlung erfolgt bar oder mit TWINT direkt nach der Beratung<\/em><\/p>\n\n\n\n<p><br><strong>F\u00fcr Gemeinden<\/strong> (kostenlos sofern nicht anders spezifiziert)<\/p>\n\n\n\n<ul class=\"wp-block-list\">\n<li>\u00d6ffentliche Geb\u00e4ude:<br>&#8211; Analyse\/Erstaufnahme<br>&#8211; Unterst\u00fctzung beim Aufbau einer Energiebuchhaltung<br>&#8211; Hilfe bei der Analyse von Auswertungen<br>&#8211; Auswertung Energiebuchhaltung: CHF 140.- pro Objekt<\/li>\n\n\n\n<li>Gemeindebeh\u00f6rden und politische Gremien: Fallweise abzukl\u00e4ren, in der Regel gratis<\/li>\n\n\n\n<li>Vorabkl\u00e4rung des Nah- und Fernw\u00e4rmepotentials<\/li>\n\n\n\n<li>Vorgehensberatung beim Heizungsersatz gemeindeeigener Geb\u00e4ude<\/li>\n\n\n\n<li>Beratung in Energiefragen bei der Bewirtschaftung gemeindeeigener Liegenschaften<\/li>\n\n\n\n<li>Begleitung bei der Erstellung\/Umsetzung von Energie-Richtpl\u00e4nen, Energiestadtlabel, BEakom und Energie-Strategien<\/li>\n\n\n\n<li>Schulung f\u00fcr Abwarte und Betriebspersonal<\/li>\n\n\n\n<li>Referate f\u00fcr Informationsanl\u00e4sse halten<\/li>\n\n\n\n<li>Unterst\u00fctzung bei der Erstellung von kommunalen F\u00f6rderprogrammen<\/li>\n\n\n\n<li>Schulungen der Gemeinden zu unterschiedlichen Themen (Einladung erfolgt jeweils via E-Mail)<\/li>\n\n\n\n<li>Beratung beim Vorgehen bez\u00fcglich Ausnahmen, Befreiungen und Erleichterungen<\/li>\n\n\n\n<li>Beratung\/Unterst\u00fctzung beim Prozess einer Ortsplanrevision<\/li>\n<\/ul>\n\n\n\n<p><\/p>\n","protected":false},"excerpt":{"rendered":"<p>Die Energiestrategie des Kantons Bern (2006) sieht langfristig eine 2000-Watt-Gesellschaft vor, die nur erreichbar ist, wenn der Gesamtendenergiebedarf pro Kopf allgemein gesenkt wird. Eine der vier grossen Verbrauchergruppen sind neben der Industrie, dem Verkehrssektor und dem Dienstleistungssektor die Haushalte, die im Jahr 2022 mit 27.6% \u00fcber einen Viertel des Endenergiebedarfs einnahmen. Die Endenergie setzt sich [&hellip;]<\/p>\n","protected":false},"author":2,"featured_media":0,"parent":0,"menu_order":0,"comment_status":"closed","ping_status":"closed","template":"","meta":{"_uag_custom_page_level_css":"","site-sidebar-layout":"default","site-content-layout":"","ast-site-content-layout":"default","site-content-style":"default","site-sidebar-style":"default","ast-global-header-display":"","ast-banner-title-visibility":"","ast-main-header-display":"","ast-hfb-above-header-display":"","ast-hfb-below-header-display":"","ast-hfb-mobile-header-display":"","site-post-title":"","ast-breadcrumbs-content":"","ast-featured-img":"","footer-sml-layout":"","ast-disable-related-posts":"","theme-transparent-header-meta":"","adv-header-id-meta":"","stick-header-meta":"","header-above-stick-meta":"","header-main-stick-meta":"","header-below-stick-meta":"","astra-migrate-meta-layouts":"set","ast-page-background-enabled":"default","ast-page-background-meta":{"desktop":{"background-color":"var(--ast-global-color-4)","background-image":"","background-repeat":"repeat","background-position":"center center","background-size":"auto","background-attachment":"scroll","background-type":"","background-media":"","overlay-type":"","overlay-color":"","overlay-opacity":"","overlay-gradient":""},"tablet":{"background-color":"","background-image":"","background-repeat":"repeat","background-position":"center center","background-size":"auto","background-attachment":"scroll","background-type":"","background-media":"","overlay-type":"","overlay-color":"","overlay-opacity":"","overlay-gradient":""},"mobile":{"background-color":"","background-image":"","background-repeat":"repeat","background-position":"center center","background-size":"auto","background-attachment":"scroll","background-type":"","background-media":"","overlay-type":"","overlay-color":"","overlay-opacity":"","overlay-gradient":""}},"ast-content-background-meta":{"desktop":{"background-color":"var(--ast-global-color-5)","background-image":"","background-repeat":"repeat","background-position":"center center","background-size":"auto","background-attachment":"scroll","background-type":"","background-media":"","overlay-type":"","overlay-color":"","overlay-opacity":"","overlay-gradient":""},"tablet":{"background-color":"var(--ast-global-color-5)","background-image":"","background-repeat":"repeat","background-position":"center center","background-size":"auto","background-attachment":"scroll","background-type":"","background-media":"","overlay-type":"","overlay-color":"","overlay-opacity":"","overlay-gradient":""},"mobile":{"background-color":"var(--ast-global-color-5)","background-image":"","background-repeat":"repeat","background-position":"center center","background-size":"auto","background-attachment":"scroll","background-type":"","background-media":"","overlay-type":"","overlay-color":"","overlay-opacity":"","overlay-gradient":""}},"footnotes":""},"class_list":["post-177","page","type-page","status-publish","hentry"],"uagb_featured_image_src":{"full":false,"thumbnail":false,"medium":false,"medium_large":false,"large":false,"1536x1536":false,"2048x2048":false,"trp-custom-language-flag":false},"uagb_author_info":{"display_name":"Beat Bachmann","author_link":"https:\/\/energieberatung-seeland.ch\/de_de\/author\/lehnherre\/"},"uagb_comment_info":0,"uagb_excerpt":"Die Energiestrategie des Kantons Bern (2006) sieht langfristig eine 2000-Watt-Gesellschaft vor, die nur erreichbar ist, wenn der Gesamtendenergiebedarf pro Kopf allgemein gesenkt wird. Eine der vier grossen Verbrauchergruppen sind neben der Industrie, dem Verkehrssektor und dem Dienstleistungssektor die Haushalte, die im Jahr 2022 mit 27.6% \u00fcber einen Viertel des Endenergiebedarfs einnahmen. Die Endenergie setzt sich&hellip;","_links":{"self":[{"href":"https:\/\/energieberatung-seeland.ch\/de_de\/wp-json\/wp\/v2\/pages\/177","targetHints":{"allow":["GET"]}}],"collection":[{"href":"https:\/\/energieberatung-seeland.ch\/de_de\/wp-json\/wp\/v2\/pages"}],"about":[{"href":"https:\/\/energieberatung-seeland.ch\/de_de\/wp-json\/wp\/v2\/types\/page"}],"author":[{"embeddable":true,"href":"https:\/\/energieberatung-seeland.ch\/de_de\/wp-json\/wp\/v2\/users\/2"}],"replies":[{"embeddable":true,"href":"https:\/\/energieberatung-seeland.ch\/de_de\/wp-json\/wp\/v2\/comments?post=177"}],"version-history":[{"count":51,"href":"https:\/\/energieberatung-seeland.ch\/de_de\/wp-json\/wp\/v2\/pages\/177\/revisions"}],"predecessor-version":[{"id":1832,"href":"https:\/\/energieberatung-seeland.ch\/de_de\/wp-json\/wp\/v2\/pages\/177\/revisions\/1832"}],"wp:attachment":[{"href":"https:\/\/energieberatung-seeland.ch\/de_de\/wp-json\/wp\/v2\/media?parent=177"}],"curies":[{"name":"wp","href":"https:\/\/api.w.org\/{rel}","templated":true}]}}