{"id":545,"date":"2024-03-27T09:17:12","date_gmt":"2024-03-27T08:17:12","guid":{"rendered":"https:\/\/energieberatung-seeland.ch\/?page_id=545"},"modified":"2024-12-09T15:51:25","modified_gmt":"2024-12-09T14:51:25","slug":"ratgeber","status":"publish","type":"page","link":"https:\/\/energieberatung-seeland.ch\/de_de\/ratgeber\/","title":{"rendered":"Ratgeber"},"content":{"rendered":"\n<hr class=\"wp-block-separator has-alpha-channel-opacity is-style-wide\"\/>\n\n\n\n<div class=\"wp-block-media-text is-stacked-on-mobile\" style=\"grid-template-columns:25% auto\"><figure class=\"wp-block-media-text__media\"><a href=\"https:\/\/energieberatung-seeland.ch\/gut-zu-wissen\/\"><img fetchpriority=\"high\" decoding=\"async\" width=\"1024\" height=\"543\" src=\"https:\/\/energieberatung-seeland.ch\/wp-content\/uploads\/2024\/12\/gut-zu-wissem-1024x543.png\" alt=\"\" class=\"wp-image-1368 size-full\" srcset=\"https:\/\/energieberatung-seeland.ch\/wp-content\/uploads\/2024\/12\/gut-zu-wissem-1024x543.png 1024w, https:\/\/energieberatung-seeland.ch\/wp-content\/uploads\/2024\/12\/gut-zu-wissem-300x159.png 300w, https:\/\/energieberatung-seeland.ch\/wp-content\/uploads\/2024\/12\/gut-zu-wissem-768x407.png 768w, https:\/\/energieberatung-seeland.ch\/wp-content\/uploads\/2024\/12\/gut-zu-wissem-18x10.png 18w, https:\/\/energieberatung-seeland.ch\/wp-content\/uploads\/2024\/12\/gut-zu-wissem.png 1489w\" sizes=\"(max-width: 1024px) 100vw, 1024px\" \/><\/a><\/figure><div class=\"wp-block-media-text__content\">\n<h2 class=\"wp-block-heading\"><a href=\"https:\/\/energieberatung-seeland.ch\/gut-zu-wissen\/\" data-type=\"page\" data-id=\"1229\">Gut zu wissen<\/a><\/h2>\n\n\n\n<p>In dieser Rubrik finden Sie wichtige, aktuelle Informationen zu gesetzlichen Bestimmungen und Hinweise zum richtigen Vorgehen. <\/p>\n<\/div><\/div>\n\n\n\n<hr class=\"wp-block-separator has-alpha-channel-opacity is-style-wide\"\/>\n\n\n\n<div class=\"wp-block-media-text is-stacked-on-mobile\" style=\"grid-template-columns:25% auto\"><figure class=\"wp-block-media-text__media\"><a href=\"https:\/\/energieberatung-seeland.ch\/heizung\/\"><img decoding=\"async\" width=\"942\" height=\"640\" src=\"https:\/\/energieberatung-seeland.ch\/wp-content\/uploads\/2024\/04\/Heizung-Benutzerdefiniert.jpeg\" alt=\"\" class=\"wp-image-1043 size-full\" srcset=\"https:\/\/energieberatung-seeland.ch\/wp-content\/uploads\/2024\/04\/Heizung-Benutzerdefiniert.jpeg 942w, https:\/\/energieberatung-seeland.ch\/wp-content\/uploads\/2024\/04\/Heizung-Benutzerdefiniert-300x204.jpeg 300w, https:\/\/energieberatung-seeland.ch\/wp-content\/uploads\/2024\/04\/Heizung-Benutzerdefiniert-768x522.jpeg 768w, https:\/\/energieberatung-seeland.ch\/wp-content\/uploads\/2024\/04\/Heizung-Benutzerdefiniert-18x12.jpeg 18w\" sizes=\"(max-width: 942px) 100vw, 942px\" \/><\/a><\/figure><div class=\"wp-block-media-text__content\">\n<h2 class=\"wp-block-heading\"><a href=\"https:\/\/energieberatung-seeland.ch\/heizung\/\" data-type=\"page\" data-id=\"855\">Heizung<\/a><\/h2>\n\n\n\n<p>Planen Sie einen Heizungsersatz oder m\u00f6chten Sie mehr zum Thema Heizung erfahren? Hier finden Sie n\u00fctzliche Infos und Links rund um das Thema Heizung und Heizungsersatz.<\/p>\n<\/div><\/div>\n\n\n\n<hr class=\"wp-block-separator has-alpha-channel-opacity is-style-wide\"\/>\n\n\n\n<div class=\"wp-block-media-text is-stacked-on-mobile\" style=\"grid-template-columns:25% auto\"><figure class=\"wp-block-media-text__media\"><a href=\"https:\/\/energieberatung-seeland.ch\/photovoltaik-und-solarthermie\/\"><img decoding=\"async\" width=\"1024\" height=\"673\" src=\"https:\/\/energieberatung-seeland.ch\/wp-content\/uploads\/2024\/04\/AdobeStock_167272236-1024x673.jpeg\" alt=\"\" class=\"wp-image-641 size-full\" srcset=\"https:\/\/energieberatung-seeland.ch\/wp-content\/uploads\/2024\/04\/AdobeStock_167272236-1024x673.jpeg 1024w, https:\/\/energieberatung-seeland.ch\/wp-content\/uploads\/2024\/04\/AdobeStock_167272236-300x197.jpeg 300w, https:\/\/energieberatung-seeland.ch\/wp-content\/uploads\/2024\/04\/AdobeStock_167272236-768x505.jpeg 768w, https:\/\/energieberatung-seeland.ch\/wp-content\/uploads\/2024\/04\/AdobeStock_167272236-1536x1010.jpeg 1536w, https:\/\/energieberatung-seeland.ch\/wp-content\/uploads\/2024\/04\/AdobeStock_167272236-2048x1347.jpeg 2048w, https:\/\/energieberatung-seeland.ch\/wp-content\/uploads\/2024\/04\/AdobeStock_167272236-18x12.jpeg 18w\" sizes=\"(max-width: 1024px) 100vw, 1024px\" \/><\/a><\/figure><div class=\"wp-block-media-text__content\">\n<h2 class=\"wp-block-heading\"><a href=\"https:\/\/energieberatung-seeland.ch\/photovoltaik-und-solarthermie\/\" data-type=\"page\" data-id=\"643\">Photovoltaik &amp; Solarthermie<\/a><\/h2>\n\n\n\n<p>Hier finden Sie Dokumente und Links zum Themenbereich Photovoltaik und Solarthermie, wie beispielsweise Infos zu F\u00f6rderprogrammen, qualifizierte Planer und Installateure, oder das Potential auf Ihrem Dach.<\/p>\n<\/div><\/div>\n\n\n\n<hr class=\"wp-block-separator alignwide has-alpha-channel-opacity is-style-wide\"\/>\n\n\n\n<div class=\"wp-block-media-text is-stacked-on-mobile\" style=\"grid-template-columns:25% auto\"><figure class=\"wp-block-media-text__media\"><a href=\"https:\/\/energieberatung-seeland.ch\/gebaeudehuelle\/\"><img loading=\"lazy\" decoding=\"async\" width=\"1024\" height=\"683\" src=\"https:\/\/energieberatung-seeland.ch\/wp-content\/uploads\/2024\/04\/AdobeStock_29569750-1024x683.jpeg\" alt=\"\" class=\"wp-image-1039 size-full\" srcset=\"https:\/\/energieberatung-seeland.ch\/wp-content\/uploads\/2024\/04\/AdobeStock_29569750-1024x683.jpeg 1024w, https:\/\/energieberatung-seeland.ch\/wp-content\/uploads\/2024\/04\/AdobeStock_29569750-300x200.jpeg 300w, https:\/\/energieberatung-seeland.ch\/wp-content\/uploads\/2024\/04\/AdobeStock_29569750-768x512.jpeg 768w, https:\/\/energieberatung-seeland.ch\/wp-content\/uploads\/2024\/04\/AdobeStock_29569750-1536x1024.jpeg 1536w, https:\/\/energieberatung-seeland.ch\/wp-content\/uploads\/2024\/04\/AdobeStock_29569750-2048x1366.jpeg 2048w, https:\/\/energieberatung-seeland.ch\/wp-content\/uploads\/2024\/04\/AdobeStock_29569750-18x12.jpeg 18w\" sizes=\"(max-width: 1024px) 100vw, 1024px\" \/><\/a><\/figure><div class=\"wp-block-media-text__content\">\n<h2 class=\"wp-block-heading\"><a href=\"https:\/\/energieberatung-seeland.ch\/gebaeudehuelle\/\" data-type=\"page\" data-id=\"989\">Geb\u00e4udeh\u00fclle &amp; Sanierung<\/a><\/h2>\n\n\n\n<p>Mit sinnvollen Massnahmen oder einer Sanierung der Geb\u00e4udeh\u00fclle reduzieren sich die Heizw\u00e4rmeverluste. Wir haben Ihnen einige Links und Ratgeber zum Thema Geb\u00e4udeh\u00fclle und Sanierung zusammengestellt.<\/p>\n<\/div><\/div>\n\n\n\n<hr class=\"wp-block-separator has-alpha-channel-opacity is-style-wide\"\/>\n\n\n\n<div class=\"wp-block-media-text is-stacked-on-mobile\" style=\"grid-template-columns:25% auto\"><figure class=\"wp-block-media-text__media\"><a href=\"https:\/\/energieberatung-seeland.ch\/energie-sparen-gebaeudehuelle\/\"><img loading=\"lazy\" decoding=\"async\" width=\"1024\" height=\"683\" src=\"https:\/\/energieberatung-seeland.ch\/wp-content\/uploads\/2024\/04\/AdobeStock_469234971-1024x683.jpeg\" alt=\"\" class=\"wp-image-1045 size-full\" srcset=\"https:\/\/energieberatung-seeland.ch\/wp-content\/uploads\/2024\/04\/AdobeStock_469234971-1024x683.jpeg 1024w, https:\/\/energieberatung-seeland.ch\/wp-content\/uploads\/2024\/04\/AdobeStock_469234971-300x200.jpeg 300w, https:\/\/energieberatung-seeland.ch\/wp-content\/uploads\/2024\/04\/AdobeStock_469234971-768x512.jpeg 768w, https:\/\/energieberatung-seeland.ch\/wp-content\/uploads\/2024\/04\/AdobeStock_469234971-1536x1024.jpeg 1536w, https:\/\/energieberatung-seeland.ch\/wp-content\/uploads\/2024\/04\/AdobeStock_469234971-2048x1365.jpeg 2048w, https:\/\/energieberatung-seeland.ch\/wp-content\/uploads\/2024\/04\/AdobeStock_469234971-18x12.jpeg 18w\" sizes=\"(max-width: 1024px) 100vw, 1024px\" \/><\/a><\/figure><div class=\"wp-block-media-text__content\">\n<h2 class=\"wp-block-heading\"><a href=\"https:\/\/energieberatung-seeland.ch\/energie-sparen-gebaeudehuelle\/\" data-type=\"page\" data-id=\"902\">Energie sparen<\/a><\/h2>\n\n\n\n<p>Im eigenen Haushalt l\u00e4sst sich oft mit einfachen Tipps und Tricks eine Menge Energie einsparen, was sich positiv auf die Umwelt und das Portemonnaie auswirkt. Wir haben Ihnen eine Auswahl der wichtigsten Ratgeber und Links zum Thema Energiesparen zusammengestellt.<\/p>\n<\/div><\/div>\n\n\n\n<hr class=\"wp-block-separator has-alpha-channel-opacity is-style-wide\"\/>\n\n\n\n<div class=\"wp-block-media-text is-stacked-on-mobile\" style=\"grid-template-columns:25% auto\"><figure class=\"wp-block-media-text__media\"><a href=\"https:\/\/energieberatung-seeland.ch\/foerdergelder\/\"><img loading=\"lazy\" decoding=\"async\" width=\"1024\" height=\"680\" src=\"https:\/\/energieberatung-seeland.ch\/wp-content\/uploads\/2024\/04\/AdobeStock_46663381-1-1024x680.jpeg\" alt=\"\" class=\"wp-image-818 size-full\" srcset=\"https:\/\/energieberatung-seeland.ch\/wp-content\/uploads\/2024\/04\/AdobeStock_46663381-1-1024x680.jpeg 1024w, https:\/\/energieberatung-seeland.ch\/wp-content\/uploads\/2024\/04\/AdobeStock_46663381-1-300x199.jpeg 300w, https:\/\/energieberatung-seeland.ch\/wp-content\/uploads\/2024\/04\/AdobeStock_46663381-1-768x510.jpeg 768w, https:\/\/energieberatung-seeland.ch\/wp-content\/uploads\/2024\/04\/AdobeStock_46663381-1-1536x1020.jpeg 1536w, https:\/\/energieberatung-seeland.ch\/wp-content\/uploads\/2024\/04\/AdobeStock_46663381-1-2048x1360.jpeg 2048w, https:\/\/energieberatung-seeland.ch\/wp-content\/uploads\/2024\/04\/AdobeStock_46663381-1-18x12.jpeg 18w\" sizes=\"(max-width: 1024px) 100vw, 1024px\" \/><\/a><\/figure><div class=\"wp-block-media-text__content\">\n<h2 class=\"wp-block-heading\"><a href=\"https:\/\/energieberatung-seeland.ch\/foerdergelder\/\" data-type=\"page\" data-id=\"774\">F\u00f6rdergelder &amp; Gesetzliches<\/a><\/h2>\n\n\n\n<p>Hier finden Sie Infos und n\u00fctzliche Links rund um das Thema F\u00f6rdergelder und allgemein gesetzliche Reglemente und Verordnungen.<\/p>\n<\/div><\/div>\n\n\n\n<hr class=\"wp-block-separator has-alpha-channel-opacity is-style-wide\"\/>\n\n\n\n<div class=\"wp-block-media-text is-stacked-on-mobile\" style=\"grid-template-columns:25% auto\"><figure class=\"wp-block-media-text__media\"><a href=\"https:\/\/energieberatung-seeland.ch\/infos-zur-klimaveraenderung\/\"><img loading=\"lazy\" decoding=\"async\" width=\"1024\" height=\"683\" src=\"https:\/\/energieberatung-seeland.ch\/wp-content\/uploads\/2024\/12\/markus-spiske-5sh24a7m0BU-unsplash-1024x683.jpg\" alt=\"\" class=\"wp-image-1373 size-full\" srcset=\"https:\/\/energieberatung-seeland.ch\/wp-content\/uploads\/2024\/12\/markus-spiske-5sh24a7m0BU-unsplash-1024x683.jpg 1024w, https:\/\/energieberatung-seeland.ch\/wp-content\/uploads\/2024\/12\/markus-spiske-5sh24a7m0BU-unsplash-300x200.jpg 300w, https:\/\/energieberatung-seeland.ch\/wp-content\/uploads\/2024\/12\/markus-spiske-5sh24a7m0BU-unsplash-768x512.jpg 768w, https:\/\/energieberatung-seeland.ch\/wp-content\/uploads\/2024\/12\/markus-spiske-5sh24a7m0BU-unsplash-1536x1024.jpg 1536w, https:\/\/energieberatung-seeland.ch\/wp-content\/uploads\/2024\/12\/markus-spiske-5sh24a7m0BU-unsplash-2048x1365.jpg 2048w, https:\/\/energieberatung-seeland.ch\/wp-content\/uploads\/2024\/12\/markus-spiske-5sh24a7m0BU-unsplash-18x12.jpg 18w\" sizes=\"(max-width: 1024px) 100vw, 1024px\" \/><\/a><\/figure><div class=\"wp-block-media-text__content\">\n<h2 class=\"wp-block-heading\"><a href=\"https:\/\/energieberatung-seeland.ch\/infos-zur-klimaveraenderung\/\" data-type=\"page\" data-id=\"1329\">Infos zur Klimaver\u00e4nderung<\/a><\/h2>\n\n\n\n<p>In diesem Abschnitt werden verschiedene Links, ein Faktenblatt als auch weiterf\u00fchrende Dokumente zum Thema Klimaver\u00e4nderung gezeigt.<\/p>\n<\/div><\/div>\n\n\n\n<hr class=\"wp-block-separator has-alpha-channel-opacity is-style-wide\"\/>\n\n\n\n<p><\/p>\n","protected":false},"excerpt":{"rendered":"<p>Gut zu wissen In dieser Rubrik finden Sie wichtige, aktuelle Informationen zu gesetzlichen Bestimmungen und Hinweise zum richtigen Vorgehen. Heizung Planen Sie einen Heizungsersatz oder m\u00f6chten Sie mehr zum Thema Heizung erfahren? Hier finden Sie n\u00fctzliche Infos und Links rund um das Thema Heizung und Heizungsersatz. Photovoltaik &amp; Solarthermie Hier finden Sie Dokumente und Links [&hellip;]<\/p>\n","protected":false},"author":2,"featured_media":0,"parent":0,"menu_order":0,"comment_status":"closed","ping_status":"closed","template":"","meta":{"_uag_custom_page_level_css":"","site-sidebar-layout":"default","site-content-layout":"","ast-site-content-layout":"default","site-content-style":"default","site-sidebar-style":"default","ast-global-header-display":"","ast-banner-title-visibility":"","ast-main-header-display":"","ast-hfb-above-header-display":"","ast-hfb-below-header-display":"","ast-hfb-mobile-header-display":"","site-post-title":"","ast-breadcrumbs-content":"","ast-featured-img":"","footer-sml-layout":"","ast-disable-related-posts":"","theme-transparent-header-meta":"","adv-header-id-meta":"","stick-header-meta":"","header-above-stick-meta":"","header-main-stick-meta":"","header-below-stick-meta":"","astra-migrate-meta-layouts":"set","ast-page-background-enabled":"default","ast-page-background-meta":{"desktop":{"background-color":"var(--ast-global-color-4)","background-image":"","background-repeat":"repeat","background-position":"center center","background-size":"auto","background-attachment":"scroll","background-type":"","background-media":"","overlay-type":"","overlay-color":"","overlay-opacity":"","overlay-gradient":""},"tablet":{"background-color":"","background-image":"","background-repeat":"repeat","background-position":"center center","background-size":"auto","background-attachment":"scroll","background-type":"","background-media":"","overlay-type":"","overlay-color":"","overlay-opacity":"","overlay-gradient":""},"mobile":{"background-color":"","background-image":"","background-repeat":"repeat","background-position":"center center","background-size":"auto","background-attachment":"scroll","background-type":"","background-media":"","overlay-type":"","overlay-color":"","overlay-opacity":"","overlay-gradient":""}},"ast-content-background-meta":{"desktop":{"background-color":"var(--ast-global-color-5)","background-image":"","background-repeat":"repeat","background-position":"center center","background-size":"auto","background-attachment":"scroll","background-type":"","background-media":"","overlay-type":"","overlay-color":"","overlay-opacity":"","overlay-gradient":""},"tablet":{"background-color":"var(--ast-global-color-5)","background-image":"","background-repeat":"repeat","background-position":"center center","background-size":"auto","background-attachment":"scroll","background-type":"","background-media":"","overlay-type":"","overlay-color":"","overlay-opacity":"","overlay-gradient":""},"mobile":{"background-color":"var(--ast-global-color-5)","background-image":"","background-repeat":"repeat","background-position":"center center","background-size":"auto","background-attachment":"scroll","background-type":"","background-media":"","overlay-type":"","overlay-color":"","overlay-opacity":"","overlay-gradient":""}},"footnotes":""},"class_list":["post-545","page","type-page","status-publish","hentry"],"uagb_featured_image_src":{"full":false,"thumbnail":false,"medium":false,"medium_large":false,"large":false,"1536x1536":false,"2048x2048":false,"trp-custom-language-flag":false},"uagb_author_info":{"display_name":"Beat Bachmann","author_link":"https:\/\/energieberatung-seeland.ch\/de_de\/author\/lehnherre\/"},"uagb_comment_info":0,"uagb_excerpt":"Gut zu wissen In dieser Rubrik finden Sie wichtige, aktuelle Informationen zu gesetzlichen Bestimmungen und Hinweise zum richtigen Vorgehen. Heizung Planen Sie einen Heizungsersatz oder m\u00f6chten Sie mehr zum Thema Heizung erfahren? Hier finden Sie n\u00fctzliche Infos und Links rund um das Thema Heizung und Heizungsersatz. Photovoltaik &amp; Solarthermie Hier finden Sie Dokumente und Links&hellip;","_links":{"self":[{"href":"https:\/\/energieberatung-seeland.ch\/de_de\/wp-json\/wp\/v2\/pages\/545","targetHints":{"allow":["GET"]}}],"collection":[{"href":"https:\/\/energieberatung-seeland.ch\/de_de\/wp-json\/wp\/v2\/pages"}],"about":[{"href":"https:\/\/energieberatung-seeland.ch\/de_de\/wp-json\/wp\/v2\/types\/page"}],"author":[{"embeddable":true,"href":"https:\/\/energieberatung-seeland.ch\/de_de\/wp-json\/wp\/v2\/users\/2"}],"replies":[{"embeddable":true,"href":"https:\/\/energieberatung-seeland.ch\/de_de\/wp-json\/wp\/v2\/comments?post=545"}],"version-history":[{"count":26,"href":"https:\/\/energieberatung-seeland.ch\/de_de\/wp-json\/wp\/v2\/pages\/545\/revisions"}],"predecessor-version":[{"id":1375,"href":"https:\/\/energieberatung-seeland.ch\/de_de\/wp-json\/wp\/v2\/pages\/545\/revisions\/1375"}],"wp:attachment":[{"href":"https:\/\/energieberatung-seeland.ch\/de_de\/wp-json\/wp\/v2\/media?parent=545"}],"curies":[{"name":"wp","href":"https:\/\/api.w.org\/{rel}","templated":true}]}}