{"id":643,"date":"2024-04-08T11:18:42","date_gmt":"2024-04-08T09:18:42","guid":{"rendered":"https:\/\/energieberatung-seeland.ch\/?page_id=643"},"modified":"2025-02-10T10:59:43","modified_gmt":"2025-02-10T09:59:43","slug":"photovoltaik-und-solarthermie","status":"publish","type":"page","link":"https:\/\/energieberatung-seeland.ch\/de_de\/photovoltaik-und-solarthermie\/","title":{"rendered":"Photovoltaik &amp; Solarthermie"},"content":{"rendered":"\n<p>Auf dem eigenen Dach l\u00e4sst sich Strom oder W\u00e4rme aus Sonnenenergie herstellen. \u00dcberlegen Sie sich, eine Solaranlage installieren zu lassen und\/oder suchen Sie nach Informationen zu diesem Themenbereich? Untenstehend finden Sie diverse Dokumente und Links, die Sie dabei unterst\u00fctzen k\u00f6nnen. <\/p>\n\n\n\n<p>Zum Thema Lokale Elektrizit\u00e4tsgemeinschaften (LEG) und virtuelle ZEV (vZEV) haben wir f\u00fcr Sie ein Faktenblatt erarbeitet, auf dem die wichtigsten Informationen abgebildet sind (rechts neben den Links).<\/p>\n\n\n\n<div class=\"wp-block-media-text has-media-on-the-right is-stacked-on-mobile\" style=\"grid-template-columns:auto 22%\"><div class=\"wp-block-media-text__content\">\n<p><strong>N\u00fctzliche Links: <\/strong><\/p>\n\n\n\n<ul class=\"wp-block-list\">\n<li><a href=\"https:\/\/www.uvek-gis.admin.ch\/BFE\/sonnendach\/?lang=de\" target=\"_blank\" rel=\"noreferrer noopener\">Wie viel Strom oder W\u00e4rme kann mein Dach produzieren?<\/a><\/li>\n\n\n\n<li><a href=\"https:\/\/www.denkmalpflege.apps.be.ch\/de\/collection\/\" target=\"_blank\" rel=\"noreferrer noopener\">Ist mein Geb\u00e4ude denkmalgesch\u00fctzt?<\/a> (Bauinventar online)<\/li>\n\n\n\n<li><a href=\"https:\/\/www.swissolar.ch\/de\/angebot\/fachleute-finden\/solarprofisuche?locale=de&amp;onlySolarProfi=true#view=list\" target=\"_blank\" rel=\"noreferrer noopener\">Solarprofis-Suche von SWISSOLAR<\/a><\/li>\n\n\n\n<li><a href=\"https:\/\/www.vese.ch\/pvtarif\/#MapTitle\" target=\"_blank\" rel=\"noreferrer noopener\">Einspeiseverg\u00fctung in Ihrer Gemeinde<\/a><\/li>\n\n\n\n<li><a href=\"https:\/\/pronovo.ch\/de\/services\/tarifrechner\/\" target=\"_blank\" rel=\"noreferrer noopener\">F\u00f6rderbeitrag f\u00fcr Ihre Photovoltaikanlage berechnen<\/a> (Pronovo)<\/li>\n\n\n\n<li><a href=\"https:\/\/www.kollektorliste.online\/\" target=\"_blank\" rel=\"noreferrer noopener\">F\u00f6rderbeitrag f\u00fcr Ihre thermische Solaranlage berechnen<\/a> (Kollektorliste)<\/li>\n\n\n\n<li><a href=\"https:\/\/www.solarplattformseeland.ch\/wissenswertes\/foerderprogramme\/\" target=\"_blank\" rel=\"noreferrer noopener\">F\u00f6rderprogramme der Gemeinden Seeland<\/a> (Photovoltaik, Solarthermie, Batteriespeicher)<\/li>\n\n\n\n<li><a href=\"https:\/\/www.energieschweiz.ch\/tools\/solarrechner\/\" target=\"_blank\" rel=\"noreferrer noopener\">Kosten- und Nutzenrechner f\u00fcr Ihre Solaranlage<\/a> von energieschweiz<\/li>\n\n\n\n<li><a href=\"https:\/\/www.energieschweiz.ch\/tools\/solar-offerte-check\/\" target=\"_blank\" rel=\"noreferrer noopener\">Solar-Offerte-Check<\/a> von energieschweiz<\/li>\n\n\n\n<li><a href=\"https:\/\/www.swissolar.ch\/de\" target=\"_blank\" rel=\"noreferrer noopener\">Homepage SWISSOLAR<\/a> (schweizerischer Fachverbrand f\u00fcr Sonnenenergie)<\/li>\n\n\n\n<li><a href=\"https:\/\/www.solarplattformseeland.ch\/\" target=\"_blank\" rel=\"noreferrer noopener\">Solarplattform Seeland<\/a><\/li>\n\n\n\n<li><a href=\"https:\/\/www.solarplattformseeland.ch\/wissenswertes\/solarmonitoring\/\" target=\"_blank\" rel=\"noreferrer noopener\">Solarstrom im Seeland<\/a> (Solarmonitoring)<\/li>\n\n\n\n<li><a href=\"https:\/\/www.bkw.ch\/de\/gebaeude\/zusammenschluss-zum-eigenverbrauch-zev\/fuer-kunden-und-kundinnen-zev\/vzev-anmelden-anpassen-und-aufloesen#c101151\" target=\"_blank\" rel=\"noreferrer noopener\">BKW: ZEV\/vZEV anmelden, anpassen oder aufl\u00f6sen<\/a><\/li>\n<\/ul>\n<\/div><figure class=\"wp-block-media-text__media\"><a href=\"https:\/\/energieberatung-seeland.ch\/wp-content\/uploads\/2025\/01\/EBS_Factsheet_revidiertes_Stromgesetz_Juli24.pdf\" target=\"_blank\" rel=\" noreferrer noopener\"><img fetchpriority=\"high\" decoding=\"async\" width=\"724\" height=\"1024\" src=\"https:\/\/energieberatung-seeland.ch\/wp-content\/uploads\/2025\/01\/EBS_Factsheet_revidiertes_Stromgesetz_Juli24-1_page-0001-724x1024.jpg\" alt=\"\" class=\"wp-image-1549 size-full\" srcset=\"https:\/\/energieberatung-seeland.ch\/wp-content\/uploads\/2025\/01\/EBS_Factsheet_revidiertes_Stromgesetz_Juli24-1_page-0001-724x1024.jpg 724w, https:\/\/energieberatung-seeland.ch\/wp-content\/uploads\/2025\/01\/EBS_Factsheet_revidiertes_Stromgesetz_Juli24-1_page-0001-212x300.jpg 212w, https:\/\/energieberatung-seeland.ch\/wp-content\/uploads\/2025\/01\/EBS_Factsheet_revidiertes_Stromgesetz_Juli24-1_page-0001-768x1086.jpg 768w, https:\/\/energieberatung-seeland.ch\/wp-content\/uploads\/2025\/01\/EBS_Factsheet_revidiertes_Stromgesetz_Juli24-1_page-0001-1086x1536.jpg 1086w, https:\/\/energieberatung-seeland.ch\/wp-content\/uploads\/2025\/01\/EBS_Factsheet_revidiertes_Stromgesetz_Juli24-1_page-0001-1449x2048.jpg 1449w, https:\/\/energieberatung-seeland.ch\/wp-content\/uploads\/2025\/01\/EBS_Factsheet_revidiertes_Stromgesetz_Juli24-1_page-0001-8x12.jpg 8w, https:\/\/energieberatung-seeland.ch\/wp-content\/uploads\/2025\/01\/EBS_Factsheet_revidiertes_Stromgesetz_Juli24-1_page-0001-scaled.jpg 1811w\" sizes=\"(max-width: 724px) 100vw, 724px\" \/><\/a><\/figure><\/div>\n\n\n\n<div class=\"wp-block-uagb-container uagb-block-c7843920 alignfull uagb-is-root-container\"><div class=\"uagb-container-inner-blocks-wrap\">\n<div class=\"wp-block-uagb-container uagb-block-6a825eb0\">\n<div class=\"wp-block-uagb-image uagb-block-8bfcd79f wp-block-uagb-image--layout-default wp-block-uagb-image--effect-static wp-block-uagb-image--align-none\"><figure class=\"wp-block-uagb-image__figure\"><a class=\"\" href=\"https:\/\/energieberatung-seeland.ch\/wp-content\/uploads\/2024\/04\/Leitfaden-zum-Melde-und-Bewilligungsverfahren-von-Solaranlagen.pdf\" target=\"_blank\" rel=\"noreferrer noopener\"><img loading=\"lazy\" decoding=\"async\" srcset=\"https:\/\/energieberatung-seeland.ch\/wp-content\/uploads\/2024\/04\/Leitfaden-zum-Melde-und-Bewilligungsverfahren-von-Solaranlagen_page-0001-724x1024.jpg ,https:\/\/energieberatung-seeland.ch\/wp-content\/uploads\/2024\/04\/Leitfaden-zum-Melde-und-Bewilligungsverfahren-von-Solaranlagen_page-0001-scaled.jpg 780w, https:\/\/energieberatung-seeland.ch\/wp-content\/uploads\/2024\/04\/Leitfaden-zum-Melde-und-Bewilligungsverfahren-von-Solaranlagen_page-0001-scaled.jpg 360w\" sizes=\"auto, (max-width: 480px) 150px\" src=\"https:\/\/energieberatung-seeland.ch\/wp-content\/uploads\/2024\/04\/Leitfaden-zum-Melde-und-Bewilligungsverfahren-von-Solaranlagen_page-0001-724x1024.jpg\" alt=\"Leitfaden zum Melde- und Bewilligungsverfahren von Solaranlagen\" class=\"uag-image-717\" width=\"724\" height=\"1024\" title=\"Leitfaden zum Melde- und Bewilligungsverfahren von Solaranlagen\" loading=\"lazy\" role=\"img\"\/><\/a><\/figure><\/div>\n<\/div>\n\n\n\n<div class=\"wp-block-uagb-container uagb-block-3e7883b3\">\n<div class=\"wp-block-uagb-image uagb-block-0f63843f wp-block-uagb-image--layout-default wp-block-uagb-image--effect-static wp-block-uagb-image--align-none\"><figure class=\"wp-block-uagb-image__figure\"><a class=\"\" href=\"https:\/\/energieberatung-seeland.ch\/wp-content\/uploads\/2024\/04\/Dachbegruenung-und-Solaranlagen.pdf\" target=\"_blank\" rel=\"noreferrer noopener\"><img loading=\"lazy\" decoding=\"async\" srcset=\"https:\/\/energieberatung-seeland.ch\/wp-content\/uploads\/2024\/04\/Dachbegruenung-und-Solaranlagen-1_page-0001-722x1024.jpg ,https:\/\/energieberatung-seeland.ch\/wp-content\/uploads\/2024\/04\/Dachbegruenung-und-Solaranlagen-1_page-0001-scaled.jpg 780w, https:\/\/energieberatung-seeland.ch\/wp-content\/uploads\/2024\/04\/Dachbegruenung-und-Solaranlagen-1_page-0001-scaled.jpg 360w\" sizes=\"auto, (max-width: 480px) 150px\" src=\"https:\/\/energieberatung-seeland.ch\/wp-content\/uploads\/2024\/04\/Dachbegruenung-und-Solaranlagen-1_page-0001-722x1024.jpg\" alt=\"Dachbegr\u00fcnung und Solarenergieanlagen\" class=\"uag-image-733\" width=\"290\" height=\"411\" title=\"Dachbegr\u00fcnung und Solarenergieanlagen\" loading=\"lazy\" role=\"img\"\/><\/a><\/figure><\/div>\n<\/div>\n\n\n\n<div class=\"wp-block-uagb-container uagb-block-358d3200\">\n<div class=\"wp-block-uagb-image uagb-block-9cae0d1d wp-block-uagb-image--layout-default wp-block-uagb-image--effect-static wp-block-uagb-image--align-none\"><figure class=\"wp-block-uagb-image__figure\"><a class=\"\" href=\"https:\/\/energieberatung-seeland.ch\/wp-content\/uploads\/2024\/04\/Betriebskosten-von-PVA.pdf\" target=\"_blank\" rel=\"noreferrer noopener\"><img loading=\"lazy\" decoding=\"async\" srcset=\"https:\/\/energieberatung-seeland.ch\/wp-content\/uploads\/2024\/04\/Betriebskosten-von-PVA-1_page-0001-724x1024.jpg ,https:\/\/energieberatung-seeland.ch\/wp-content\/uploads\/2024\/04\/Betriebskosten-von-PVA-1_page-0001-scaled.jpg 780w, https:\/\/energieberatung-seeland.ch\/wp-content\/uploads\/2024\/04\/Betriebskosten-von-PVA-1_page-0001-scaled.jpg 360w\" sizes=\"auto, (max-width: 480px) 150px\" src=\"https:\/\/energieberatung-seeland.ch\/wp-content\/uploads\/2024\/04\/Betriebskosten-von-PVA-1_page-0001-724x1024.jpg\" alt=\"Betriebskosten von Photovoltaikanlagen\" class=\"uag-image-746\" width=\"724\" height=\"1024\" title=\"Betriebskosten von Photovoltaikanlagen\" loading=\"lazy\" role=\"img\"\/><\/a><\/figure><\/div>\n<\/div>\n\n\n\n<div class=\"wp-block-uagb-container uagb-block-401d9327\">\n<div class=\"wp-block-uagb-image uagb-block-729f7653 wp-block-uagb-image--layout-default wp-block-uagb-image--effect-static wp-block-uagb-image--align-none\"><figure class=\"wp-block-uagb-image__figure\"><a class=\"\" href=\"https:\/\/energieberatung-seeland.ch\/wp-content\/uploads\/2024\/04\/Leitfaden_Eigenverbrauch-und-ZEV.pdf\" target=\"_blank\" rel=\"noreferrer noopener\"><img loading=\"lazy\" decoding=\"async\" srcset=\"https:\/\/energieberatung-seeland.ch\/wp-content\/uploads\/2024\/04\/Leitfaden_Eigenverbrauch-und-ZEV-1_page-0001-1-724x1024.jpg ,https:\/\/energieberatung-seeland.ch\/wp-content\/uploads\/2024\/04\/Leitfaden_Eigenverbrauch-und-ZEV-1_page-0001-1-scaled.jpg 780w, https:\/\/energieberatung-seeland.ch\/wp-content\/uploads\/2024\/04\/Leitfaden_Eigenverbrauch-und-ZEV-1_page-0001-1-scaled.jpg 360w\" sizes=\"auto, (max-width: 480px) 150px\" src=\"https:\/\/energieberatung-seeland.ch\/wp-content\/uploads\/2024\/04\/Leitfaden_Eigenverbrauch-und-ZEV-1_page-0001-1-724x1024.jpg\" alt=\"Leitfaden_Eigenverbrauch und ZEV\" class=\"uag-image-759\" width=\"284\" height=\"401\" title=\"Leitfaden_Eigenverbrauch und ZEV\" loading=\"lazy\" role=\"img\"\/><\/a><\/figure><\/div>\n<\/div>\n\n\n\n<div class=\"wp-block-uagb-container uagb-block-10916170\">\n<div class=\"wp-block-uagb-image uagb-block-17cba3d3 wp-block-uagb-image--layout-default wp-block-uagb-image--effect-static wp-block-uagb-image--align-none\"><figure class=\"wp-block-uagb-image__figure\"><a class=\"\" href=\"https:\/\/energieberatung-seeland.ch\/wp-content\/uploads\/2024\/04\/Solarstrom-Eigenverbrauch.pdf\" target=\"_blank\" rel=\"noreferrer noopener\"><img loading=\"lazy\" decoding=\"async\" srcset=\"https:\/\/energieberatung-seeland.ch\/wp-content\/uploads\/2024\/04\/Solarstrom-Eigenverbrauch-1_page-0001-722x1024.jpg ,https:\/\/energieberatung-seeland.ch\/wp-content\/uploads\/2024\/04\/Solarstrom-Eigenverbrauch-1_page-0001.jpg 780w, https:\/\/energieberatung-seeland.ch\/wp-content\/uploads\/2024\/04\/Solarstrom-Eigenverbrauch-1_page-0001.jpg 360w\" sizes=\"auto, (max-width: 480px) 150px\" src=\"https:\/\/energieberatung-seeland.ch\/wp-content\/uploads\/2024\/04\/Solarstrom-Eigenverbrauch-1_page-0001-722x1024.jpg\" alt=\"Solarstrom Eigenverbrauch\" class=\"uag-image-766\" width=\"722\" height=\"1024\" title=\"Solarstrom Eigenverbrauch\" loading=\"lazy\" role=\"img\"\/><\/a><\/figure><\/div>\n<\/div>\n\n\n\n<div class=\"wp-block-uagb-container uagb-block-8eedc25a\">\n<div class=\"wp-block-uagb-image uagb-block-e568a981 wp-block-uagb-image--layout-default wp-block-uagb-image--effect-static wp-block-uagb-image--align-none\"><figure class=\"wp-block-uagb-image__figure\"><a class=\"\" href=\"https:\/\/energieberatung-seeland.ch\/wp-content\/uploads\/2024\/04\/Solarstrom-Eigenverbrauch-optimieren.pdf\" target=\"_blank\" rel=\"noreferrer noopener\"><img loading=\"lazy\" decoding=\"async\" srcset=\"https:\/\/energieberatung-seeland.ch\/wp-content\/uploads\/2024\/04\/Solarstrom-Eigenverbrauch-optimieren-1_page-0001-724x1024.jpg ,https:\/\/energieberatung-seeland.ch\/wp-content\/uploads\/2024\/04\/Solarstrom-Eigenverbrauch-optimieren-1_page-0001-scaled.jpg 780w, https:\/\/energieberatung-seeland.ch\/wp-content\/uploads\/2024\/04\/Solarstrom-Eigenverbrauch-optimieren-1_page-0001-scaled.jpg 360w\" sizes=\"auto, (max-width: 480px) 150px\" src=\"https:\/\/energieberatung-seeland.ch\/wp-content\/uploads\/2024\/04\/Solarstrom-Eigenverbrauch-optimieren-1_page-0001-724x1024.jpg\" alt=\"Solarstrom-Eigenverbrauch optimieren\" class=\"uag-image-770\" width=\"724\" height=\"1024\" title=\"Solarstrom-Eigenverbrauch optimieren\" loading=\"lazy\" role=\"img\"\/><\/a><\/figure><\/div>\n<\/div>\n<\/div><\/div>\n\n\n\n<p><\/p>\n\n\n\n<p><\/p>\n\n\n\n<p><\/p>\n\n\n\n<p><\/p>\n\n\n\n<p><\/p>\n\n\n\n<p><\/p>\n\n\n\n<p><\/p>\n\n\n\n<p><\/p>\n","protected":false},"excerpt":{"rendered":"<p>Auf dem eigenen Dach l\u00e4sst sich Strom oder W\u00e4rme aus Sonnenenergie herstellen. \u00dcberlegen Sie sich, eine Solaranlage installieren zu lassen und\/oder suchen Sie nach Informationen zu diesem Themenbereich? Untenstehend finden Sie diverse Dokumente und Links, die Sie dabei unterst\u00fctzen k\u00f6nnen. Zum Thema Lokale Elektrizit\u00e4tsgemeinschaften (LEG) und virtuelle ZEV (vZEV) haben wir f\u00fcr Sie ein Faktenblatt [&hellip;]<\/p>\n","protected":false},"author":2,"featured_media":0,"parent":0,"menu_order":0,"comment_status":"closed","ping_status":"closed","template":"","meta":{"_uag_custom_page_level_css":"","site-sidebar-layout":"default","site-content-layout":"","ast-site-content-layout":"default","site-content-style":"default","site-sidebar-style":"default","ast-global-header-display":"","ast-banner-title-visibility":"","ast-main-header-display":"","ast-hfb-above-header-display":"","ast-hfb-below-header-display":"","ast-hfb-mobile-header-display":"","site-post-title":"","ast-breadcrumbs-content":"","ast-featured-img":"","footer-sml-layout":"","ast-disable-related-posts":"","theme-transparent-header-meta":"","adv-header-id-meta":"","stick-header-meta":"","header-above-stick-meta":"","header-main-stick-meta":"","header-below-stick-meta":"","astra-migrate-meta-layouts":"set","ast-page-background-enabled":"default","ast-page-background-meta":{"desktop":{"background-color":"var(--ast-global-color-4)","background-image":"","background-repeat":"repeat","background-position":"center center","background-size":"auto","background-attachment":"scroll","background-type":"","background-media":"","overlay-type":"","overlay-color":"","overlay-opacity":"","overlay-gradient":""},"tablet":{"background-color":"","background-image":"","background-repeat":"repeat","background-position":"center center","background-size":"auto","background-attachment":"scroll","background-type":"","background-media":"","overlay-type":"","overlay-color":"","overlay-opacity":"","overlay-gradient":""},"mobile":{"background-color":"","background-image":"","background-repeat":"repeat","background-position":"center center","background-size":"auto","background-attachment":"scroll","background-type":"","background-media":"","overlay-type":"","overlay-color":"","overlay-opacity":"","overlay-gradient":""}},"ast-content-background-meta":{"desktop":{"background-color":"var(--ast-global-color-5)","background-image":"","background-repeat":"repeat","background-position":"center center","background-size":"auto","background-attachment":"scroll","background-type":"","background-media":"","overlay-type":"","overlay-color":"","overlay-opacity":"","overlay-gradient":""},"tablet":{"background-color":"var(--ast-global-color-5)","background-image":"","background-repeat":"repeat","background-position":"center center","background-size":"auto","background-attachment":"scroll","background-type":"","background-media":"","overlay-type":"","overlay-color":"","overlay-opacity":"","overlay-gradient":""},"mobile":{"background-color":"var(--ast-global-color-5)","background-image":"","background-repeat":"repeat","background-position":"center center","background-size":"auto","background-attachment":"scroll","background-type":"","background-media":"","overlay-type":"","overlay-color":"","overlay-opacity":"","overlay-gradient":""}},"footnotes":""},"class_list":["post-643","page","type-page","status-publish","hentry"],"uagb_featured_image_src":{"full":false,"thumbnail":false,"medium":false,"medium_large":false,"large":false,"1536x1536":false,"2048x2048":false,"trp-custom-language-flag":false},"uagb_author_info":{"display_name":"Beat Bachmann","author_link":"https:\/\/energieberatung-seeland.ch\/de_de\/author\/lehnherre\/"},"uagb_comment_info":0,"uagb_excerpt":"Auf dem eigenen Dach l\u00e4sst sich Strom oder W\u00e4rme aus Sonnenenergie herstellen. \u00dcberlegen Sie sich, eine Solaranlage installieren zu lassen und\/oder suchen Sie nach Informationen zu diesem Themenbereich? Untenstehend finden Sie diverse Dokumente und Links, die Sie dabei unterst\u00fctzen k\u00f6nnen. Zum Thema Lokale Elektrizit\u00e4tsgemeinschaften (LEG) und virtuelle ZEV (vZEV) haben wir f\u00fcr Sie ein Faktenblatt&hellip;","_links":{"self":[{"href":"https:\/\/energieberatung-seeland.ch\/de_de\/wp-json\/wp\/v2\/pages\/643","targetHints":{"allow":["GET"]}}],"collection":[{"href":"https:\/\/energieberatung-seeland.ch\/de_de\/wp-json\/wp\/v2\/pages"}],"about":[{"href":"https:\/\/energieberatung-seeland.ch\/de_de\/wp-json\/wp\/v2\/types\/page"}],"author":[{"embeddable":true,"href":"https:\/\/energieberatung-seeland.ch\/de_de\/wp-json\/wp\/v2\/users\/2"}],"replies":[{"embeddable":true,"href":"https:\/\/energieberatung-seeland.ch\/de_de\/wp-json\/wp\/v2\/comments?post=643"}],"version-history":[{"count":22,"href":"https:\/\/energieberatung-seeland.ch\/de_de\/wp-json\/wp\/v2\/pages\/643\/revisions"}],"predecessor-version":[{"id":1564,"href":"https:\/\/energieberatung-seeland.ch\/de_de\/wp-json\/wp\/v2\/pages\/643\/revisions\/1564"}],"wp:attachment":[{"href":"https:\/\/energieberatung-seeland.ch\/de_de\/wp-json\/wp\/v2\/media?parent=643"}],"curies":[{"name":"wp","href":"https:\/\/api.w.org\/{rel}","templated":true}]}}