{"id":680,"date":"2024-04-11T11:30:50","date_gmt":"2024-04-11T09:30:50","guid":{"rendered":"https:\/\/energieberatung-seeland.ch\/?page_id=680"},"modified":"2024-04-17T10:08:19","modified_gmt":"2024-04-17T08:08:19","slug":"energie-und-klimatalk-twann","status":"publish","type":"page","link":"https:\/\/energieberatung-seeland.ch\/de_de\/energie-und-klimatalk-twann\/","title":{"rendered":"Energie- und Klimatalk Twann"},"content":{"rendered":"\n<p>Am Mittwoch, dem 24. April 2024 findet der n\u00e4chste Energie- und Klimatalk in der Region Seeland statt. Gerne begr\u00fcssen wird Sie in der Rebhalle in Twann oder auch online zum Thema &#8222;Ersatzpflicht Elektroheizungen&#8220;. Die Themen drehen sich rund um das Thema Heizungsersatz, wobei unter anderem lokale W\u00e4rmeverb\u00fcnde und F\u00f6rdergelder vorgestellt werden. Wir als Energieberatung Seeland werden ebenfalls vor Ort sein und ein Gastreferat halten.<\/p>\n\n\n\n<div class=\"wp-block-media-text is-stacked-on-mobile\" style=\"grid-template-columns:19% auto\"><figure class=\"wp-block-media-text__media\"><a href=\"https:\/\/energieberatung-seeland.ch\/wp-content\/uploads\/2024\/04\/EKT_Twann_Inserat_A5.pdf\" target=\"_blank\" rel=\"noreferrer noopener\"><img fetchpriority=\"high\" decoding=\"async\" width=\"722\" height=\"1024\" src=\"https:\/\/energieberatung-seeland.ch\/wp-content\/uploads\/2024\/04\/EKT_Twann_Inserat_A5_page-0001-722x1024.jpg\" alt=\"\" class=\"wp-image-685 size-full\" srcset=\"https:\/\/energieberatung-seeland.ch\/wp-content\/uploads\/2024\/04\/EKT_Twann_Inserat_A5_page-0001-722x1024.jpg 722w, https:\/\/energieberatung-seeland.ch\/wp-content\/uploads\/2024\/04\/EKT_Twann_Inserat_A5_page-0001-211x300.jpg 211w, https:\/\/energieberatung-seeland.ch\/wp-content\/uploads\/2024\/04\/EKT_Twann_Inserat_A5_page-0001-768x1089.jpg 768w, https:\/\/energieberatung-seeland.ch\/wp-content\/uploads\/2024\/04\/EKT_Twann_Inserat_A5_page-0001-1083x1536.jpg 1083w, https:\/\/energieberatung-seeland.ch\/wp-content\/uploads\/2024\/04\/EKT_Twann_Inserat_A5_page-0001-1444x2048.jpg 1444w, https:\/\/energieberatung-seeland.ch\/wp-content\/uploads\/2024\/04\/EKT_Twann_Inserat_A5_page-0001-8x12.jpg 8w, https:\/\/energieberatung-seeland.ch\/wp-content\/uploads\/2024\/04\/EKT_Twann_Inserat_A5_page-0001.jpg 1749w\" sizes=\"(max-width: 722px) 100vw, 722px\" \/><\/a><\/figure><div class=\"wp-block-media-text__content\">\n<p><strong>Informationen \u00fcber den Anlass:<\/strong><br>Bis zum 31. Dezember 2031 m\u00fcssen im Kanton Bern s\u00e4mtliche Elektroheizungen ersetzt sein. Warum? W\u00e4hrend den Wintermonaten wird in der Schweiz jeweils mehr Strom verbraucht als erzeugt wird. Elektroheizungen sind ineffiziente Stromfresser mit hohen Betriebskosten, weshalb dort angesetzt werden muss.<br>Je nach Geb\u00e4ude stellt diese Umstellung aber eine echte Herausforderung dar. Erfahren Sie, wie Sie den Heizungsersatz optimal planen, welche Technologien m\u00f6glich sind und sich auf dem Markt bew\u00e4hrt haben, welche Sanierungsmassnahmen beim Geb\u00e4ude sinnvoll sind und wie Sie F\u00f6rdergelder beantragen k\u00f6nnen.<br><br>Unter diesem <a href=\"https:\/\/ekt-04-24.events.weu.be.ch\/\" target=\"_blank\" rel=\"noreferrer noopener\">Link <\/a>finden Sie das Programm, weitere Infos zum Event sowie ein Anmeldeformular. <\/p>\n<\/div><\/div>\n","protected":false},"excerpt":{"rendered":"<p>Am Mittwoch, dem 24. April 2024 findet der n\u00e4chste Energie- und Klimatalk in der Region Seeland statt. Gerne begr\u00fcssen wird Sie in der Rebhalle in Twann oder auch online zum Thema &#8222;Ersatzpflicht Elektroheizungen&#8220;. Die Themen drehen sich rund um das Thema Heizungsersatz, wobei unter anderem lokale W\u00e4rmeverb\u00fcnde und F\u00f6rdergelder vorgestellt werden. Wir als Energieberatung Seeland [&hellip;]<\/p>\n","protected":false},"author":2,"featured_media":0,"parent":0,"menu_order":0,"comment_status":"closed","ping_status":"closed","template":"","meta":{"_uag_custom_page_level_css":"","site-sidebar-layout":"default","site-content-layout":"","ast-site-content-layout":"default","site-content-style":"default","site-sidebar-style":"default","ast-global-header-display":"","ast-banner-title-visibility":"","ast-main-header-display":"","ast-hfb-above-header-display":"","ast-hfb-below-header-display":"","ast-hfb-mobile-header-display":"","site-post-title":"","ast-breadcrumbs-content":"","ast-featured-img":"","footer-sml-layout":"","ast-disable-related-posts":"","theme-transparent-header-meta":"","adv-header-id-meta":"","stick-header-meta":"","header-above-stick-meta":"","header-main-stick-meta":"","header-below-stick-meta":"","astra-migrate-meta-layouts":"set","ast-page-background-enabled":"default","ast-page-background-meta":{"desktop":{"background-color":"var(--ast-global-color-4)","background-image":"","background-repeat":"repeat","background-position":"center center","background-size":"auto","background-attachment":"scroll","background-type":"","background-media":"","overlay-type":"","overlay-color":"","overlay-opacity":"","overlay-gradient":""},"tablet":{"background-color":"","background-image":"","background-repeat":"repeat","background-position":"center center","background-size":"auto","background-attachment":"scroll","background-type":"","background-media":"","overlay-type":"","overlay-color":"","overlay-opacity":"","overlay-gradient":""},"mobile":{"background-color":"","background-image":"","background-repeat":"repeat","background-position":"center center","background-size":"auto","background-attachment":"scroll","background-type":"","background-media":"","overlay-type":"","overlay-color":"","overlay-opacity":"","overlay-gradient":""}},"ast-content-background-meta":{"desktop":{"background-color":"var(--ast-global-color-5)","background-image":"","background-repeat":"repeat","background-position":"center center","background-size":"auto","background-attachment":"scroll","background-type":"","background-media":"","overlay-type":"","overlay-color":"","overlay-opacity":"","overlay-gradient":""},"tablet":{"background-color":"var(--ast-global-color-5)","background-image":"","background-repeat":"repeat","background-position":"center center","background-size":"auto","background-attachment":"scroll","background-type":"","background-media":"","overlay-type":"","overlay-color":"","overlay-opacity":"","overlay-gradient":""},"mobile":{"background-color":"var(--ast-global-color-5)","background-image":"","background-repeat":"repeat","background-position":"center center","background-size":"auto","background-attachment":"scroll","background-type":"","background-media":"","overlay-type":"","overlay-color":"","overlay-opacity":"","overlay-gradient":""}},"footnotes":""},"class_list":["post-680","page","type-page","status-publish","hentry"],"uagb_featured_image_src":{"full":false,"thumbnail":false,"medium":false,"medium_large":false,"large":false,"1536x1536":false,"2048x2048":false,"trp-custom-language-flag":false},"uagb_author_info":{"display_name":"Beat Bachmann","author_link":"https:\/\/energieberatung-seeland.ch\/de_de\/author\/lehnherre\/"},"uagb_comment_info":0,"uagb_excerpt":"Am Mittwoch, dem 24. April 2024 findet der n\u00e4chste Energie- und Klimatalk in der Region Seeland statt. Gerne begr\u00fcssen wird Sie in der Rebhalle in Twann oder auch online zum Thema &#8222;Ersatzpflicht Elektroheizungen&#8220;. Die Themen drehen sich rund um das Thema Heizungsersatz, wobei unter anderem lokale W\u00e4rmeverb\u00fcnde und F\u00f6rdergelder vorgestellt werden. Wir als Energieberatung Seeland&hellip;","_links":{"self":[{"href":"https:\/\/energieberatung-seeland.ch\/de_de\/wp-json\/wp\/v2\/pages\/680","targetHints":{"allow":["GET"]}}],"collection":[{"href":"https:\/\/energieberatung-seeland.ch\/de_de\/wp-json\/wp\/v2\/pages"}],"about":[{"href":"https:\/\/energieberatung-seeland.ch\/de_de\/wp-json\/wp\/v2\/types\/page"}],"author":[{"embeddable":true,"href":"https:\/\/energieberatung-seeland.ch\/de_de\/wp-json\/wp\/v2\/users\/2"}],"replies":[{"embeddable":true,"href":"https:\/\/energieberatung-seeland.ch\/de_de\/wp-json\/wp\/v2\/comments?post=680"}],"version-history":[{"count":9,"href":"https:\/\/energieberatung-seeland.ch\/de_de\/wp-json\/wp\/v2\/pages\/680\/revisions"}],"predecessor-version":[{"id":730,"href":"https:\/\/energieberatung-seeland.ch\/de_de\/wp-json\/wp\/v2\/pages\/680\/revisions\/730"}],"wp:attachment":[{"href":"https:\/\/energieberatung-seeland.ch\/de_de\/wp-json\/wp\/v2\/media?parent=680"}],"curies":[{"name":"wp","href":"https:\/\/api.w.org\/{rel}","templated":true}]}}