{"id":774,"date":"2024-04-17T15:21:36","date_gmt":"2024-04-17T13:21:36","guid":{"rendered":"https:\/\/energieberatung-seeland.ch\/?page_id=774"},"modified":"2025-01-06T11:28:59","modified_gmt":"2025-01-06T10:28:59","slug":"foerdergelder","status":"publish","type":"page","link":"https:\/\/energieberatung-seeland.ch\/de_de\/foerdergelder\/","title":{"rendered":"F\u00f6rdergelder &amp; Gesetzliches"},"content":{"rendered":"\n<p>Hier finden Sie Infos und n\u00fctzliche Links rund um das Thema F\u00f6rdergelder und allgemein gesetzliche Reglemente und Verordnungen.<\/p>\n\n\n\n<p><strong>F\u00f6rdergelder \/ F\u00f6rderprogramme:<\/strong><\/p>\n\n\n\n<div class=\"wp-block-media-text has-media-on-the-right is-stacked-on-mobile\" style=\"grid-template-columns:auto 22%\"><div class=\"wp-block-media-text__content\">\n<ul class=\"wp-block-list\">\n<li><a href=\"https:\/\/www.energiefranken.ch\/de\" target=\"_blank\" rel=\"noreferrer noopener\">Energiefranken: Schweizer F\u00f6rderprogramme f\u00fcr Energie und Mobilit\u00e4t<\/a><\/li>\n\n\n\n<li><a href=\"https:\/\/www.weu.be.ch\/content\/dam\/weu\/dokumente\/aue\/de\/energiefoerderung\/aue-leitfaden-de.pdf\" target=\"_blank\" rel=\"noreferrer noopener\">F\u00f6rderprogramm Kanton Bern<\/a> (Leitfaden)<\/li>\n\n\n\n<li><a href=\"https:\/\/www.weu.be.ch\/de\/start\/themen\/energie\/foerderprogramm-energie.html\" target=\"_blank\" rel=\"noreferrer noopener\">Wissenswertes und Wegleitung zum kantonalen F\u00f6rderprogramm Energie<\/a><\/li>\n\n\n\n<li><a href=\"https:\/\/pronovo.ch\/de\/services\/tarifrechner\/\" target=\"_blank\" rel=\"noreferrer noopener\">F\u00f6rderbeitrag f\u00fcr Photovoltaikanlagen<\/a> (Pronovo)<\/li>\n\n\n\n<li><a href=\"https:\/\/www.kollektorliste.online\/\" target=\"_blank\" rel=\"noreferrer noopener\">F\u00f6rderbeitrag f\u00fcr Sonnenkollektoren<\/a> (Kollektorliste)<\/li>\n\n\n\n<li><a href=\"https:\/\/www.solarplattformseeland.ch\/wissenswertes\/foerderprogramme\/\" target=\"_blank\" rel=\"noreferrer noopener\">F\u00f6rderprogramme der Gemeinden Seeland<\/a><\/li>\n<\/ul>\n<\/div><figure class=\"wp-block-media-text__media\"><a href=\"https:\/\/energieberatung-seeland.ch\/wp-content\/uploads\/2025\/01\/EBS_Factsheet_Foerderbeitraege_Januar25.pdf\" target=\"_blank\" rel=\"noreferrer noopener\"><img fetchpriority=\"high\" decoding=\"async\" width=\"724\" height=\"1024\" src=\"https:\/\/energieberatung-seeland.ch\/wp-content\/uploads\/2025\/01\/EBS_Factsheet_Foerderbeitraege_Januar25-1_page-0001-724x1024.jpg\" alt=\"\" class=\"wp-image-1411 size-full\" srcset=\"https:\/\/energieberatung-seeland.ch\/wp-content\/uploads\/2025\/01\/EBS_Factsheet_Foerderbeitraege_Januar25-1_page-0001-724x1024.jpg 724w, https:\/\/energieberatung-seeland.ch\/wp-content\/uploads\/2025\/01\/EBS_Factsheet_Foerderbeitraege_Januar25-1_page-0001-212x300.jpg 212w, https:\/\/energieberatung-seeland.ch\/wp-content\/uploads\/2025\/01\/EBS_Factsheet_Foerderbeitraege_Januar25-1_page-0001-768x1086.jpg 768w, https:\/\/energieberatung-seeland.ch\/wp-content\/uploads\/2025\/01\/EBS_Factsheet_Foerderbeitraege_Januar25-1_page-0001-1086x1536.jpg 1086w, https:\/\/energieberatung-seeland.ch\/wp-content\/uploads\/2025\/01\/EBS_Factsheet_Foerderbeitraege_Januar25-1_page-0001-1449x2048.jpg 1449w, https:\/\/energieberatung-seeland.ch\/wp-content\/uploads\/2025\/01\/EBS_Factsheet_Foerderbeitraege_Januar25-1_page-0001-8x12.jpg 8w, https:\/\/energieberatung-seeland.ch\/wp-content\/uploads\/2025\/01\/EBS_Factsheet_Foerderbeitraege_Januar25-1_page-0001-scaled.jpg 1811w\" sizes=\"(max-width: 724px) 100vw, 724px\" \/><\/a><\/figure><\/div>\n\n\n\n<div class=\"wp-block-media-text has-media-on-the-right is-stacked-on-mobile\" style=\"grid-template-columns:auto 26%\"><div class=\"wp-block-media-text__content\">\n<p><strong>F\u00f6rdergesuch selber stellen<\/strong><\/p>\n\n\n\n<p>M\u00f6chten Sie selbst ein F\u00f6rdergesuch stellen oder den W\u00e4rmeerzeugerersatz melden? Hier finden Sie eine Anleitung, wie Sie das Gesuch stellen, und den W\u00e4rmeerzeugerersatz melden k\u00f6nnen. Als Beispiel wird der Ersatz einer \u00d6lheizung mit einer Luft\/Wasser-W\u00e4rmepumpe verwendet.<\/p>\n<\/div><figure class=\"wp-block-media-text__media\"><a href=\"https:\/\/energieberatung-seeland.ch\/wp-content\/uploads\/2024\/11\/Foerdergesuch-und-Meldung-Waermeerzeugerersatz.pdf\" target=\"_blank\" rel=\"noreferrer noopener\"><img decoding=\"async\" width=\"1024\" height=\"577\" src=\"https:\/\/energieberatung-seeland.ch\/wp-content\/uploads\/2024\/11\/Foerdergesuch-stellen-und-Waermeerzeugerersatz-melden-1024x577.png\" alt=\"\" class=\"wp-image-1314 size-full\" srcset=\"https:\/\/energieberatung-seeland.ch\/wp-content\/uploads\/2024\/11\/Foerdergesuch-stellen-und-Waermeerzeugerersatz-melden-1024x577.png 1024w, https:\/\/energieberatung-seeland.ch\/wp-content\/uploads\/2024\/11\/Foerdergesuch-stellen-und-Waermeerzeugerersatz-melden-300x169.png 300w, https:\/\/energieberatung-seeland.ch\/wp-content\/uploads\/2024\/11\/Foerdergesuch-stellen-und-Waermeerzeugerersatz-melden-768x433.png 768w, https:\/\/energieberatung-seeland.ch\/wp-content\/uploads\/2024\/11\/Foerdergesuch-stellen-und-Waermeerzeugerersatz-melden-1536x866.png 1536w, https:\/\/energieberatung-seeland.ch\/wp-content\/uploads\/2024\/11\/Foerdergesuch-stellen-und-Waermeerzeugerersatz-melden-18x10.png 18w, https:\/\/energieberatung-seeland.ch\/wp-content\/uploads\/2024\/11\/Foerdergesuch-stellen-und-Waermeerzeugerersatz-melden.png 1900w\" sizes=\"(max-width: 1024px) 100vw, 1024px\" \/><\/a><\/figure><\/div>\n\n\n\n<p><br><strong>Gesetzliches:<\/strong><\/p>\n\n\n\n<ul class=\"wp-block-list\">\n<li><a href=\"https:\/\/www.fedlex.admin.ch\/eli\/cc\/2017\/762\/de\" target=\"_blank\" rel=\"noreferrer noopener\">Energiegesetz <\/a>(EnG)<\/li>\n\n\n\n<li><a href=\"https:\/\/www.belex.sites.be.ch\/app\/de\/texts_of_law\/741.1\" target=\"_blank\" rel=\"noreferrer noopener\">Kantonales Energiegesetz<\/a>&nbsp;(KEnG)<\/li>\n\n\n\n<li><a href=\"https:\/\/www.belex.sites.be.ch\/app\/de\/texts_of_law\/741.111\" target=\"_blank\" rel=\"noreferrer noopener\">Kantonale Energieverordnung<\/a>&nbsp;(KEnV)<\/li>\n\n\n\n<li><a href=\"https:\/\/www.weu.be.ch\/de\/start\/themen\/energie\/energievorschriften-bauen.html\" target=\"_blank\" rel=\"noreferrer noopener\">Energievorschriften beim Bauen<\/a> (Kanton Bern)<\/li>\n\n\n\n<li><a href=\"https:\/\/www.endk.ch\/de\/energiepolitik-der-kantone\/muken\" target=\"_blank\" rel=\"noreferrer noopener\">Mustervorschriften der Kantone im Energiebereich<\/a> (MuKEn)<\/li>\n<\/ul>\n\n\n\n<p><\/p>\n\n\n\n<div class=\"wp-block-uagb-container uagb-block-09f53851 alignfull uagb-is-root-container\"><div class=\"uagb-container-inner-blocks-wrap\">\n<div class=\"wp-block-uagb-container uagb-block-13c92f67\">\n<div class=\"wp-block-uagb-image uagb-block-a5bf16fc wp-block-uagb-image--layout-default wp-block-uagb-image--effect-static wp-block-uagb-image--align-none\"><figure class=\"wp-block-uagb-image__figure\"><a class=\"\" href=\"https:\/\/energieberatung-seeland.ch\/wp-content\/uploads\/2025\/01\/aue-leitfaden-de-1.pdf\" target=\"_blank\" rel=\"noreferrer noopener\"><img loading=\"lazy\" decoding=\"async\" srcset=\"https:\/\/energieberatung-seeland.ch\/wp-content\/uploads\/2025\/01\/aue-leitfaden-de-1-1_page-0001-724x1024.jpg ,https:\/\/energieberatung-seeland.ch\/wp-content\/uploads\/2025\/01\/aue-leitfaden-de-1-1_page-0001-scaled.jpg 780w, https:\/\/energieberatung-seeland.ch\/wp-content\/uploads\/2025\/01\/aue-leitfaden-de-1-1_page-0001-scaled.jpg 360w\" sizes=\"auto, (max-width: 480px) 150px\" src=\"https:\/\/energieberatung-seeland.ch\/wp-content\/uploads\/2025\/01\/aue-leitfaden-de-1-1_page-0001-724x1024.jpg\" alt=\"\" class=\"uag-image-1404\" width=\"724\" height=\"1024\" title=\"Leitfaden F\u00f6rderprogramm Kanton Bern\" loading=\"lazy\" role=\"img\"\/><\/a><\/figure><\/div>\n<\/div>\n\n\n\n<div class=\"wp-block-uagb-container uagb-block-53020b19\">\n<div class=\"wp-block-uagb-image uagb-block-db3a3e84 wp-block-uagb-image--layout-default wp-block-uagb-image--effect-static wp-block-uagb-image--align-none\"><figure class=\"wp-block-uagb-image__figure\"><a class=\"\" href=\"https:\/\/energieberatung-seeland.ch\/wp-content\/uploads\/2024\/04\/EN-120-BE-Vollzugshilfe-Waermeerzeugerersatz.pdf\" target=\"_blank\" rel=\"noreferrer noopener\"><img loading=\"lazy\" decoding=\"async\" srcset=\"https:\/\/energieberatung-seeland.ch\/wp-content\/uploads\/2024\/04\/EN-120-BE-Vollzugshilfe-Waermeerzeugerersatz-1_page-0001-724x1024.jpg ,https:\/\/energieberatung-seeland.ch\/wp-content\/uploads\/2024\/04\/EN-120-BE-Vollzugshilfe-Waermeerzeugerersatz-1_page-0001-scaled.jpg 780w, https:\/\/energieberatung-seeland.ch\/wp-content\/uploads\/2024\/04\/EN-120-BE-Vollzugshilfe-Waermeerzeugerersatz-1_page-0001-scaled.jpg 360w\" sizes=\"auto, (max-width: 480px) 150px\" src=\"https:\/\/energieberatung-seeland.ch\/wp-content\/uploads\/2024\/04\/EN-120-BE-Vollzugshilfe-Waermeerzeugerersatz-1_page-0001-724x1024.jpg\" alt=\"EN-120 BE Vollzugshilfe W\u00e4rmeerzeugerersatz\" class=\"uag-image-842\" width=\"293\" height=\"414\" title=\"EN-120 BE Vollzugshilfe W\u00e4rmeerzeugerersatz\" loading=\"lazy\" role=\"img\"\/><\/a><\/figure><\/div>\n<\/div>\n\n\n\n<div class=\"wp-block-uagb-container uagb-block-49c0d431\">\n<div class=\"wp-block-uagb-image uagb-block-3b3f3b4f wp-block-uagb-image--layout-default wp-block-uagb-image--effect-static wp-block-uagb-image--align-none\"><figure class=\"wp-block-uagb-image__figure\"><a class=\"\" href=\"https:\/\/energieberatung-seeland.ch\/wp-content\/uploads\/2024\/04\/EN-101-BE-Vollzugshilfe-gewichtete-Gesamtenergieeffizienz-DE.pdf\" target=\"_blank\" rel=\"noreferrer noopener\"><img loading=\"lazy\" decoding=\"async\" srcset=\"https:\/\/energieberatung-seeland.ch\/wp-content\/uploads\/2024\/04\/EN-101-BE-Vollzugshilfe-gewichtete-Gesamtenergieeffizienz-DE-1_page-0001-724x1024.jpg ,https:\/\/energieberatung-seeland.ch\/wp-content\/uploads\/2024\/04\/EN-101-BE-Vollzugshilfe-gewichtete-Gesamtenergieeffizienz-DE-1_page-0001.jpg 780w, https:\/\/energieberatung-seeland.ch\/wp-content\/uploads\/2024\/04\/EN-101-BE-Vollzugshilfe-gewichtete-Gesamtenergieeffizienz-DE-1_page-0001.jpg 360w\" sizes=\"auto, (max-width: 480px) 150px\" src=\"https:\/\/energieberatung-seeland.ch\/wp-content\/uploads\/2024\/04\/EN-101-BE-Vollzugshilfe-gewichtete-Gesamtenergieeffizienz-DE-1_page-0001-724x1024.jpg\" alt=\"EN-101 BE Vollzugshilfe gewichtete Gesamtenergieeffizienz-DE\" class=\"uag-image-846\" width=\"293\" height=\"414\" title=\"EN-101 BE Vollzugshilfe gewichtete Gesamtenergieeffizienz-DE\" loading=\"lazy\" role=\"img\"\/><\/a><\/figure><\/div>\n<\/div>\n<\/div><\/div>\n\n\n\n<p><\/p>\n\n\n\n<p><\/p>\n\n\n\n<p><\/p>\n\n\n\n<p><\/p>\n\n\n\n<p><\/p>\n","protected":false},"excerpt":{"rendered":"<p>Hier finden Sie Infos und n\u00fctzliche Links rund um das Thema F\u00f6rdergelder und allgemein gesetzliche Reglemente und Verordnungen. F\u00f6rdergelder \/ F\u00f6rderprogramme: F\u00f6rdergesuch selber stellen M\u00f6chten Sie selbst ein F\u00f6rdergesuch stellen oder den W\u00e4rmeerzeugerersatz melden? Hier finden Sie eine Anleitung, wie Sie das Gesuch stellen, und den W\u00e4rmeerzeugerersatz melden k\u00f6nnen. Als Beispiel wird der Ersatz einer [&hellip;]<\/p>\n","protected":false},"author":2,"featured_media":0,"parent":0,"menu_order":0,"comment_status":"closed","ping_status":"closed","template":"","meta":{"_uag_custom_page_level_css":"","site-sidebar-layout":"default","site-content-layout":"","ast-site-content-layout":"default","site-content-style":"default","site-sidebar-style":"default","ast-global-header-display":"","ast-banner-title-visibility":"","ast-main-header-display":"","ast-hfb-above-header-display":"","ast-hfb-below-header-display":"","ast-hfb-mobile-header-display":"","site-post-title":"","ast-breadcrumbs-content":"","ast-featured-img":"","footer-sml-layout":"","ast-disable-related-posts":"","theme-transparent-header-meta":"","adv-header-id-meta":"","stick-header-meta":"","header-above-stick-meta":"","header-main-stick-meta":"","header-below-stick-meta":"","astra-migrate-meta-layouts":"set","ast-page-background-enabled":"default","ast-page-background-meta":{"desktop":{"background-color":"var(--ast-global-color-4)","background-image":"","background-repeat":"repeat","background-position":"center center","background-size":"auto","background-attachment":"scroll","background-type":"","background-media":"","overlay-type":"","overlay-color":"","overlay-opacity":"","overlay-gradient":""},"tablet":{"background-color":"","background-image":"","background-repeat":"repeat","background-position":"center center","background-size":"auto","background-attachment":"scroll","background-type":"","background-media":"","overlay-type":"","overlay-color":"","overlay-opacity":"","overlay-gradient":""},"mobile":{"background-color":"","background-image":"","background-repeat":"repeat","background-position":"center center","background-size":"auto","background-attachment":"scroll","background-type":"","background-media":"","overlay-type":"","overlay-color":"","overlay-opacity":"","overlay-gradient":""}},"ast-content-background-meta":{"desktop":{"background-color":"var(--ast-global-color-5)","background-image":"","background-repeat":"repeat","background-position":"center center","background-size":"auto","background-attachment":"scroll","background-type":"","background-media":"","overlay-type":"","overlay-color":"","overlay-opacity":"","overlay-gradient":""},"tablet":{"background-color":"var(--ast-global-color-5)","background-image":"","background-repeat":"repeat","background-position":"center center","background-size":"auto","background-attachment":"scroll","background-type":"","background-media":"","overlay-type":"","overlay-color":"","overlay-opacity":"","overlay-gradient":""},"mobile":{"background-color":"var(--ast-global-color-5)","background-image":"","background-repeat":"repeat","background-position":"center center","background-size":"auto","background-attachment":"scroll","background-type":"","background-media":"","overlay-type":"","overlay-color":"","overlay-opacity":"","overlay-gradient":""}},"footnotes":""},"class_list":["post-774","page","type-page","status-publish","hentry"],"uagb_featured_image_src":{"full":false,"thumbnail":false,"medium":false,"medium_large":false,"large":false,"1536x1536":false,"2048x2048":false,"trp-custom-language-flag":false},"uagb_author_info":{"display_name":"Beat Bachmann","author_link":"https:\/\/energieberatung-seeland.ch\/de_de\/author\/lehnherre\/"},"uagb_comment_info":0,"uagb_excerpt":"Hier finden Sie Infos und n\u00fctzliche Links rund um das Thema F\u00f6rdergelder und allgemein gesetzliche Reglemente und Verordnungen. F\u00f6rdergelder \/ F\u00f6rderprogramme: F\u00f6rdergesuch selber stellen M\u00f6chten Sie selbst ein F\u00f6rdergesuch stellen oder den W\u00e4rmeerzeugerersatz melden? Hier finden Sie eine Anleitung, wie Sie das Gesuch stellen, und den W\u00e4rmeerzeugerersatz melden k\u00f6nnen. Als Beispiel wird der Ersatz einer&hellip;","_links":{"self":[{"href":"https:\/\/energieberatung-seeland.ch\/de_de\/wp-json\/wp\/v2\/pages\/774","targetHints":{"allow":["GET"]}}],"collection":[{"href":"https:\/\/energieberatung-seeland.ch\/de_de\/wp-json\/wp\/v2\/pages"}],"about":[{"href":"https:\/\/energieberatung-seeland.ch\/de_de\/wp-json\/wp\/v2\/types\/page"}],"author":[{"embeddable":true,"href":"https:\/\/energieberatung-seeland.ch\/de_de\/wp-json\/wp\/v2\/users\/2"}],"replies":[{"embeddable":true,"href":"https:\/\/energieberatung-seeland.ch\/de_de\/wp-json\/wp\/v2\/comments?post=774"}],"version-history":[{"count":26,"href":"https:\/\/energieberatung-seeland.ch\/de_de\/wp-json\/wp\/v2\/pages\/774\/revisions"}],"predecessor-version":[{"id":1413,"href":"https:\/\/energieberatung-seeland.ch\/de_de\/wp-json\/wp\/v2\/pages\/774\/revisions\/1413"}],"wp:attachment":[{"href":"https:\/\/energieberatung-seeland.ch\/de_de\/wp-json\/wp\/v2\/media?parent=774"}],"curies":[{"name":"wp","href":"https:\/\/api.w.org\/{rel}","templated":true}]}}