{"id":855,"date":"2024-04-22T10:15:12","date_gmt":"2024-04-22T08:15:12","guid":{"rendered":"https:\/\/energieberatung-seeland.ch\/?page_id=855"},"modified":"2025-02-04T09:59:20","modified_gmt":"2025-02-04T08:59:20","slug":"heizung","status":"publish","type":"page","link":"https:\/\/energieberatung-seeland.ch\/de_de\/heizung\/","title":{"rendered":"Heizung"},"content":{"rendered":"\n<p>Planen Sie einen Heizungsersatz oder m\u00f6chten Sie mehr zum Thema Heizung erfahren? Hier finden Sie n\u00fctzliche Infos und Links rund um das Thema Heizung und Heizungsersatz. Infos zu F\u00f6rderbeitr\u00e4gen finden Sie unter &#8222;<a href=\"https:\/\/energieberatung-seeland.ch\/foerdergelder\/\" data-type=\"page\" data-id=\"774\">F\u00f6rdergelder \/ F\u00f6rderprogramme<\/a>&#8222;. <\/p>\n\n\n\n<ul class=\"wp-block-list\">\n<li><a href=\"https:\/\/energieberatung-seeland.ch\/wp-content\/uploads\/2025\/02\/Vollzugshilfe-Waermeerzeugerersatz.pdf\" target=\"_blank\" rel=\"noreferrer noopener\">Vollzugshilfe W\u00e4rmeerzeugerersatz<\/a><\/li>\n\n\n\n<li><a href=\"https:\/\/energieberatung-seeland.ch\/wp-content\/uploads\/2024\/04\/Eine-zukunftsfaehige-Heizung-fuer-mein-Haus.pdf\" target=\"_blank\" rel=\"noreferrer noopener\">\u00d6l- oder Gasheizung ersetzen? Das richtige Vorgehen<\/a><\/li>\n\n\n\n<li><a href=\"https:\/\/www.uvek-gis.admin.ch\/BFE\/kann-ich-bohren\/?lang=de\" target=\"_blank\" rel=\"noreferrer noopener\">Kann ich f\u00fcr mein Geb\u00e4ude eine Erdw\u00e4rmesonde bohren?<\/a><\/li>\n\n\n\n<li><a href=\"https:\/\/www.wp-systemmodul.ch\/de\/page\/Installateure-Planer\/Qualifizierte-Installateure-und-Planer-73359\" target=\"_blank\" rel=\"noreferrer noopener\">Qualifizierte Planer und Installateure f\u00fcr W\u00e4rmepumpensysteme<\/a><\/li>\n\n\n\n<li><a href=\"https:\/\/www.wp-systemmodul.ch\/de\/\" target=\"_blank\" rel=\"noreferrer noopener\">W\u00e4rmepumpen-System-Modul<\/a><\/li>\n\n\n\n<li><a href=\"https:\/\/www.holzenergie.ch\/\" target=\"_blank\" rel=\"noreferrer noopener\">Holzenergie Schweiz<\/a><\/li>\n\n\n\n<li><a href=\"https:\/\/erneuerbarheizen.ch\/\" target=\"_blank\" rel=\"noreferrer noopener\">Heizungsersatz: Erneuerbar heizen<\/a><\/li>\n\n\n\n<li><a href=\"https:\/\/erneuerbarheizen.ch\/heizkostenrechner\/?gclid=Cj0KCQiAvvKBBhCXARIsACTePW9G9f_vfg-u7AUGUy2MoCnxMMVNYSG3s0dppSDHLJZwYtm9ptx7Q-QaAotJEALw_wcB\" target=\"_blank\" rel=\"noreferrer noopener\">Heizkostenrechner<\/a> von erneuerbarheizen<\/li>\n\n\n\n<li><a href=\"https:\/\/energieberatung-seeland.ch\/wp-content\/uploads\/2024\/04\/ESB_Waermeverbund_Broschuere_d.pdf\" target=\"_blank\" rel=\"noreferrer noopener\">W\u00e4rmeverbund ESB<\/a><\/li>\n\n\n\n<li><a href=\"https:\/\/energieberatung-seeland.ch\/wp-content\/uploads\/2024\/04\/Faktenblatt-Thermische-Netze.pdf\" target=\"_blank\" rel=\"noreferrer noopener\">Faktenblatt thermische Netze<\/a><\/li>\n<\/ul>\n\n\n\n<div class=\"wp-block-uagb-container uagb-block-87f58017 alignfull uagb-is-root-container\"><div class=\"uagb-container-inner-blocks-wrap\">\n<div class=\"wp-block-uagb-container uagb-block-6efa7211\">\n<div class=\"wp-block-uagb-image uagb-block-d4e6a764 wp-block-uagb-image--layout-default wp-block-uagb-image--effect-static wp-block-uagb-image--align-none\"><figure class=\"wp-block-uagb-image__figure\"><a class=\"\" href=\"https:\/\/energieberatung-seeland.ch\/wp-content\/uploads\/2024\/04\/Eine-zukunftsfaehige-Heizung-fuer-mein-Haus.pdf\" target=\"_blank\" rel=\"noreferrer noopener\"><img loading=\"lazy\" decoding=\"async\" srcset=\"https:\/\/energieberatung-seeland.ch\/wp-content\/uploads\/2024\/04\/Eine-zukunftsfaehige-Heizung-fuer-mein-Haus-1_page-0001-722x1024.jpg ,https:\/\/energieberatung-seeland.ch\/wp-content\/uploads\/2024\/04\/Eine-zukunftsfaehige-Heizung-fuer-mein-Haus-1_page-0001.jpg 780w, https:\/\/energieberatung-seeland.ch\/wp-content\/uploads\/2024\/04\/Eine-zukunftsfaehige-Heizung-fuer-mein-Haus-1_page-0001.jpg 360w\" sizes=\"auto, (max-width: 480px) 150px\" src=\"https:\/\/energieberatung-seeland.ch\/wp-content\/uploads\/2024\/04\/Eine-zukunftsfaehige-Heizung-fuer-mein-Haus-1_page-0001-722x1024.jpg\" alt=\"Eine zukunftsf\u00e4hige Heizung f\u00fcr mein Haus\" class=\"uag-image-876\" width=\"722\" height=\"1024\" title=\"Eine zukunftsf\u00e4hige Heizung f\u00fcr mein Haus\" loading=\"lazy\" role=\"img\"\/><\/a><\/figure><\/div>\n<\/div>\n\n\n\n<div class=\"wp-block-uagb-container uagb-block-738c09cc\">\n<div class=\"wp-block-uagb-image uagb-block-c5ddcf41 wp-block-uagb-image--layout-default wp-block-uagb-image--effect-static wp-block-uagb-image--align-none\"><figure class=\"wp-block-uagb-image__figure\"><a class=\"\" href=\"https:\/\/energieberatung-seeland.ch\/wp-content\/uploads\/2024\/04\/Waermepumpenheizung.pdf\" target=\"_blank\" rel=\"noreferrer noopener\"><img loading=\"lazy\" decoding=\"async\" srcset=\"https:\/\/energieberatung-seeland.ch\/wp-content\/uploads\/2024\/04\/Waermepumpenheizung-1_page-0001-724x1024.jpg ,https:\/\/energieberatung-seeland.ch\/wp-content\/uploads\/2024\/04\/Waermepumpenheizung-1_page-0001-scaled.jpg 780w, https:\/\/energieberatung-seeland.ch\/wp-content\/uploads\/2024\/04\/Waermepumpenheizung-1_page-0001-scaled.jpg 360w\" sizes=\"auto, (max-width: 480px) 150px\" src=\"https:\/\/energieberatung-seeland.ch\/wp-content\/uploads\/2024\/04\/Waermepumpenheizung-1_page-0001-724x1024.jpg\" alt=\"W\u00e4rmepumpenheizung\" class=\"uag-image-871\" width=\"724\" height=\"1024\" title=\"W\u00e4rmepumpenheizung\" loading=\"lazy\" role=\"img\"\/><\/a><\/figure><\/div>\n<\/div>\n\n\n\n<div class=\"wp-block-uagb-container uagb-block-13554c95\">\n<div class=\"wp-block-uagb-image uagb-block-985c0862 wp-block-uagb-image--layout-default wp-block-uagb-image--effect-static wp-block-uagb-image--align-none\"><figure class=\"wp-block-uagb-image__figure\"><a class=\"\" href=\"https:\/\/energieberatung-seeland.ch\/wp-content\/uploads\/2024\/04\/Ersatz-der-Elektroheizung-in-Wohnbauten.pdf\" target=\"_blank\" rel=\"noreferrer noopener\"><img loading=\"lazy\" decoding=\"async\" srcset=\"https:\/\/energieberatung-seeland.ch\/wp-content\/uploads\/2024\/04\/8059-805.160-ECH_Bro_Elektroheizung_A5_D_WEB-1-1_page-0001-722x1024.jpg ,https:\/\/energieberatung-seeland.ch\/wp-content\/uploads\/2024\/04\/8059-805.160-ECH_Bro_Elektroheizung_A5_D_WEB-1-1_page-0001.jpg 780w, https:\/\/energieberatung-seeland.ch\/wp-content\/uploads\/2024\/04\/8059-805.160-ECH_Bro_Elektroheizung_A5_D_WEB-1-1_page-0001.jpg 360w\" sizes=\"auto, (max-width: 480px) 150px\" src=\"https:\/\/energieberatung-seeland.ch\/wp-content\/uploads\/2024\/04\/8059-805.160-ECH_Bro_Elektroheizung_A5_D_WEB-1-1_page-0001-722x1024.jpg\" alt=\"Ersatz der Elektroheizung in Wohnbauten\" class=\"uag-image-868\" width=\"722\" height=\"1024\" title=\"Ersatz der Elektroheizung in Wohnbauten\" loading=\"lazy\" role=\"img\"\/><\/a><\/figure><\/div>\n<\/div>\n\n\n\n<div class=\"wp-block-uagb-container uagb-block-7cbac6bc\">\n<div class=\"wp-block-uagb-image uagb-block-2e286024 wp-block-uagb-image--layout-default wp-block-uagb-image--effect-static wp-block-uagb-image--align-none\"><figure class=\"wp-block-uagb-image__figure\"><a class=\"\" href=\"https:\/\/energieberatung-seeland.ch\/wp-content\/uploads\/2024\/04\/Heizungsersatz-EFH.pdf\" target=\"_blank\" rel=\"noreferrer noopener\"><img loading=\"lazy\" decoding=\"async\" srcset=\"https:\/\/energieberatung-seeland.ch\/wp-content\/uploads\/2024\/04\/Heizungsersatz-EFH-1_page-0001-724x1024.jpg ,https:\/\/energieberatung-seeland.ch\/wp-content\/uploads\/2024\/04\/Heizungsersatz-EFH-1_page-0001-scaled.jpg 780w, https:\/\/energieberatung-seeland.ch\/wp-content\/uploads\/2024\/04\/Heizungsersatz-EFH-1_page-0001-scaled.jpg 360w\" sizes=\"auto, (max-width: 480px) 150px\" src=\"https:\/\/energieberatung-seeland.ch\/wp-content\/uploads\/2024\/04\/Heizungsersatz-EFH-1_page-0001-724x1024.jpg\" alt=\"Heizungsersatz EFH\" class=\"uag-image-885\" width=\"724\" height=\"1024\" title=\"Heizungsersatz EFH\" loading=\"lazy\" role=\"img\"\/><\/a><\/figure><\/div>\n<\/div>\n\n\n\n<div class=\"wp-block-uagb-container uagb-block-2701ce47\">\n<div class=\"wp-block-uagb-image uagb-block-e1331f91 wp-block-uagb-image--layout-default wp-block-uagb-image--effect-static wp-block-uagb-image--align-none\"><figure class=\"wp-block-uagb-image__figure\"><a class=\"\" href=\"https:\/\/energieberatung-seeland.ch\/wp-content\/uploads\/2024\/04\/Heizungsersatz-MFH.pdf\" target=\"_blank\" rel=\"noreferrer noopener\"><img loading=\"lazy\" decoding=\"async\" srcset=\"https:\/\/energieberatung-seeland.ch\/wp-content\/uploads\/2024\/04\/Heizungsersatz-MFH-1_page-0001-724x1024.jpg ,https:\/\/energieberatung-seeland.ch\/wp-content\/uploads\/2024\/04\/Heizungsersatz-MFH-1_page-0001-scaled.jpg 780w, https:\/\/energieberatung-seeland.ch\/wp-content\/uploads\/2024\/04\/Heizungsersatz-MFH-1_page-0001-scaled.jpg 360w\" sizes=\"auto, (max-width: 480px) 150px\" src=\"https:\/\/energieberatung-seeland.ch\/wp-content\/uploads\/2024\/04\/Heizungsersatz-MFH-1_page-0001-724x1024.jpg\" alt=\"Heizungsersatz MFH\" class=\"uag-image-890\" width=\"724\" height=\"1024\" title=\"Heizungsersatz MFH-1_page-0001\" loading=\"lazy\" role=\"img\"\/><\/a><\/figure><\/div>\n<\/div>\n\n\n\n<div class=\"wp-block-uagb-container uagb-block-dfd919e7\">\n<div class=\"wp-block-uagb-image uagb-block-bc3360a3 wp-block-uagb-image--layout-default wp-block-uagb-image--effect-static wp-block-uagb-image--align-none\"><figure class=\"wp-block-uagb-image__figure\"><a class=\"\" href=\"https:\/\/energieberatung-seeland.ch\/wp-content\/uploads\/2024\/04\/Smart-heizen.pdf\" target=\"_blank\" rel=\"noreferrer noopener\"><img loading=\"lazy\" decoding=\"async\" srcset=\"https:\/\/energieberatung-seeland.ch\/wp-content\/uploads\/2024\/04\/Smart-heizen-1_page-0001-722x1024.jpg ,https:\/\/energieberatung-seeland.ch\/wp-content\/uploads\/2024\/04\/Smart-heizen-1_page-0001.jpg 780w, https:\/\/energieberatung-seeland.ch\/wp-content\/uploads\/2024\/04\/Smart-heizen-1_page-0001.jpg 360w\" sizes=\"auto, (max-width: 480px) 150px\" src=\"https:\/\/energieberatung-seeland.ch\/wp-content\/uploads\/2024\/04\/Smart-heizen-1_page-0001-722x1024.jpg\" alt=\"Smart heizen\" class=\"uag-image-895\" width=\"722\" height=\"1024\" title=\"Smart heizen\" loading=\"lazy\" role=\"img\"\/><\/a><\/figure><\/div>\n<\/div>\n<\/div><\/div>\n\n\n\n<p><\/p>\n\n\n\n<p><\/p>\n\n\n\n<p><\/p>\n\n\n\n<p><\/p>\n\n\n\n<p><\/p>\n\n\n\n<p><\/p>\n\n\n\n<p><\/p>\n\n\n\n<p><\/p>\n\n\n\n<p><\/p>\n","protected":false},"excerpt":{"rendered":"<p>Planen Sie einen Heizungsersatz oder m\u00f6chten Sie mehr zum Thema Heizung erfahren? Hier finden Sie n\u00fctzliche Infos und Links rund um das Thema Heizung und Heizungsersatz. Infos zu F\u00f6rderbeitr\u00e4gen finden Sie unter &#8222;F\u00f6rdergelder \/ F\u00f6rderprogramme&#8222;.<\/p>\n","protected":false},"author":2,"featured_media":0,"parent":0,"menu_order":0,"comment_status":"closed","ping_status":"closed","template":"","meta":{"_uag_custom_page_level_css":"","site-sidebar-layout":"default","site-content-layout":"","ast-site-content-layout":"default","site-content-style":"default","site-sidebar-style":"default","ast-global-header-display":"","ast-banner-title-visibility":"","ast-main-header-display":"","ast-hfb-above-header-display":"","ast-hfb-below-header-display":"","ast-hfb-mobile-header-display":"","site-post-title":"","ast-breadcrumbs-content":"","ast-featured-img":"","footer-sml-layout":"","ast-disable-related-posts":"","theme-transparent-header-meta":"","adv-header-id-meta":"","stick-header-meta":"","header-above-stick-meta":"","header-main-stick-meta":"","header-below-stick-meta":"","astra-migrate-meta-layouts":"set","ast-page-background-enabled":"default","ast-page-background-meta":{"desktop":{"background-color":"var(--ast-global-color-4)","background-image":"","background-repeat":"repeat","background-position":"center center","background-size":"auto","background-attachment":"scroll","background-type":"","background-media":"","overlay-type":"","overlay-color":"","overlay-opacity":"","overlay-gradient":""},"tablet":{"background-color":"","background-image":"","background-repeat":"repeat","background-position":"center center","background-size":"auto","background-attachment":"scroll","background-type":"","background-media":"","overlay-type":"","overlay-color":"","overlay-opacity":"","overlay-gradient":""},"mobile":{"background-color":"","background-image":"","background-repeat":"repeat","background-position":"center center","background-size":"auto","background-attachment":"scroll","background-type":"","background-media":"","overlay-type":"","overlay-color":"","overlay-opacity":"","overlay-gradient":""}},"ast-content-background-meta":{"desktop":{"background-color":"var(--ast-global-color-5)","background-image":"","background-repeat":"repeat","background-position":"center center","background-size":"auto","background-attachment":"scroll","background-type":"","background-media":"","overlay-type":"","overlay-color":"","overlay-opacity":"","overlay-gradient":""},"tablet":{"background-color":"var(--ast-global-color-5)","background-image":"","background-repeat":"repeat","background-position":"center center","background-size":"auto","background-attachment":"scroll","background-type":"","background-media":"","overlay-type":"","overlay-color":"","overlay-opacity":"","overlay-gradient":""},"mobile":{"background-color":"var(--ast-global-color-5)","background-image":"","background-repeat":"repeat","background-position":"center center","background-size":"auto","background-attachment":"scroll","background-type":"","background-media":"","overlay-type":"","overlay-color":"","overlay-opacity":"","overlay-gradient":""}},"footnotes":""},"class_list":["post-855","page","type-page","status-publish","hentry"],"uagb_featured_image_src":{"full":false,"thumbnail":false,"medium":false,"medium_large":false,"large":false,"1536x1536":false,"2048x2048":false,"trp-custom-language-flag":false},"uagb_author_info":{"display_name":"Beat Bachmann","author_link":"https:\/\/energieberatung-seeland.ch\/de_de\/author\/lehnherre\/"},"uagb_comment_info":0,"uagb_excerpt":"Planen Sie einen Heizungsersatz oder m\u00f6chten Sie mehr zum Thema Heizung erfahren? Hier finden Sie n\u00fctzliche Infos und Links rund um das Thema Heizung und Heizungsersatz. Infos zu F\u00f6rderbeitr\u00e4gen finden Sie unter &#8222;F\u00f6rdergelder \/ F\u00f6rderprogramme&#8222;.","_links":{"self":[{"href":"https:\/\/energieberatung-seeland.ch\/de_de\/wp-json\/wp\/v2\/pages\/855","targetHints":{"allow":["GET"]}}],"collection":[{"href":"https:\/\/energieberatung-seeland.ch\/de_de\/wp-json\/wp\/v2\/pages"}],"about":[{"href":"https:\/\/energieberatung-seeland.ch\/de_de\/wp-json\/wp\/v2\/types\/page"}],"author":[{"embeddable":true,"href":"https:\/\/energieberatung-seeland.ch\/de_de\/wp-json\/wp\/v2\/users\/2"}],"replies":[{"embeddable":true,"href":"https:\/\/energieberatung-seeland.ch\/de_de\/wp-json\/wp\/v2\/comments?post=855"}],"version-history":[{"count":11,"href":"https:\/\/energieberatung-seeland.ch\/de_de\/wp-json\/wp\/v2\/pages\/855\/revisions"}],"predecessor-version":[{"id":1561,"href":"https:\/\/energieberatung-seeland.ch\/de_de\/wp-json\/wp\/v2\/pages\/855\/revisions\/1561"}],"wp:attachment":[{"href":"https:\/\/energieberatung-seeland.ch\/de_de\/wp-json\/wp\/v2\/media?parent=855"}],"curies":[{"name":"wp","href":"https:\/\/api.w.org\/{rel}","templated":true}]}}