{"id":989,"date":"2024-04-22T16:31:40","date_gmt":"2024-04-22T14:31:40","guid":{"rendered":"https:\/\/energieberatung-seeland.ch\/?page_id=989"},"modified":"2024-05-16T08:19:47","modified_gmt":"2024-05-16T06:19:47","slug":"gebaeudehuelle","status":"publish","type":"page","link":"https:\/\/energieberatung-seeland.ch\/de_de\/gebaeudehuelle\/","title":{"rendered":"Geb\u00e4udeh\u00fclle &amp; Sanierung"},"content":{"rendered":"\n<p>Die Geb\u00e4udeh\u00fclle besteht meist aus dem Kellerboden, den Aussenw\u00e4nden und Fenstern sowie dem Dach oder Estrichboden. Dies sind jene Geb\u00e4udeteile, aus denen Energie entweichen kann, was zu Heizw\u00e4rmeverlusten f\u00fchrt. Mit sinnvollen Massnahmen und falls n\u00f6tig einer umfassenden Sanierung l\u00e4sst sich der Energieverbrauch reduzieren, was sich ebenfalls in den Kosten bemerkbar macht. Sie finden untenstehend einige Links und Ratgeber zum Thema Geb\u00e4udeh\u00fclle \/ Sanierung.<\/p>\n\n\n\n<ul class=\"wp-block-list\">\n<li><a href=\"https:\/\/www.geak.ch\/\" target=\"_blank\" rel=\"noreferrer noopener\">Geb\u00e4udeenergieausweis der Kantone<\/a> (GEAK)<\/li>\n\n\n\n<li><a href=\"https:\/\/www.geak-tool.ch\/de\/experts\" target=\"_blank\" rel=\"noreferrer noopener\">GEAK-Expertin oder GEAK-Experte finden<\/a><\/li>\n\n\n\n<li><a href=\"https:\/\/www.minergie.ch\/de\/\" target=\"_blank\" rel=\"noreferrer noopener\">Minergie<\/a><\/li>\n<\/ul>\n\n\n\n<div class=\"wp-block-uagb-container uagb-block-f0c8a6fb alignfull uagb-is-root-container\"><div class=\"uagb-container-inner-blocks-wrap\">\n<div class=\"wp-block-uagb-container uagb-block-7cfc51e9\">\n<div class=\"wp-block-uagb-image uagb-block-b8df9f05 wp-block-uagb-image--layout-default wp-block-uagb-image--effect-static wp-block-uagb-image--align-none\"><figure class=\"wp-block-uagb-image__figure\"><a class=\"\" href=\"https:\/\/energieberatung-seeland.ch\/wp-content\/uploads\/2024\/04\/Gebaeude-erneuern-Energieverbrauch-halbieren-EFH.pdf\" target=\"_blank\" rel=\"noreferrer noopener\"><img loading=\"lazy\" decoding=\"async\" srcset=\"https:\/\/energieberatung-seeland.ch\/wp-content\/uploads\/2024\/04\/Gebaeude-erneuern-Energieverbrauch-halbieren-EFH-1_page-0001-512x1024.jpg ,https:\/\/energieberatung-seeland.ch\/wp-content\/uploads\/2024\/04\/Gebaeude-erneuern-Energieverbrauch-halbieren-EFH-1_page-0001.jpg 780w, https:\/\/energieberatung-seeland.ch\/wp-content\/uploads\/2024\/04\/Gebaeude-erneuern-Energieverbrauch-halbieren-EFH-1_page-0001.jpg 360w\" sizes=\"auto, (max-width: 480px) 150px\" src=\"https:\/\/energieberatung-seeland.ch\/wp-content\/uploads\/2024\/04\/Gebaeude-erneuern-Energieverbrauch-halbieren-EFH-1_page-0001-512x1024.jpg\" alt=\"Geb\u00e4ude erneuern Energieverbrauch halbieren EFH\" class=\"uag-image-920\" width=\"284\" height=\"568\" title=\"Geb\u00e4ude erneuern Energieverbrauch halbieren EFH\" loading=\"lazy\" role=\"img\"\/><\/a><\/figure><\/div>\n<\/div>\n\n\n\n<div class=\"wp-block-uagb-container uagb-block-dc630f57\">\n<div class=\"wp-block-uagb-image uagb-block-f740e635 wp-block-uagb-image--layout-default wp-block-uagb-image--effect-static wp-block-uagb-image--align-none\"><figure class=\"wp-block-uagb-image__figure\"><a class=\"\" href=\"https:\/\/energieberatung-seeland.ch\/wp-content\/uploads\/2024\/04\/MFH-energetisch-richtig-erneuern.pdf\" target=\"_blank\" rel=\"noreferrer noopener\"><img loading=\"lazy\" decoding=\"async\" srcset=\"https:\/\/energieberatung-seeland.ch\/wp-content\/uploads\/2024\/04\/MFH-energetisch-richtig-erneuern-1_page-0001-512x1024.jpg ,https:\/\/energieberatung-seeland.ch\/wp-content\/uploads\/2024\/04\/MFH-energetisch-richtig-erneuern-1_page-0001.jpg 780w, https:\/\/energieberatung-seeland.ch\/wp-content\/uploads\/2024\/04\/MFH-energetisch-richtig-erneuern-1_page-0001.jpg 360w\" sizes=\"auto, (max-width: 480px) 150px\" src=\"https:\/\/energieberatung-seeland.ch\/wp-content\/uploads\/2024\/04\/MFH-energetisch-richtig-erneuern-1_page-0001-512x1024.jpg\" alt=\"MFH energetisch richtig erneuern\" class=\"uag-image-926\" width=\"512\" height=\"1024\" title=\"MFH energetisch richtig erneuern\" loading=\"lazy\" role=\"img\"\/><\/a><\/figure><\/div>\n<\/div>\n\n\n\n<div class=\"wp-block-uagb-container uagb-block-d374fbb6\">\n<div class=\"wp-block-uagb-image uagb-block-abaf5eff wp-block-uagb-image--layout-default wp-block-uagb-image--effect-static wp-block-uagb-image--align-none\"><figure class=\"wp-block-uagb-image__figure\"><a class=\"\" href=\"https:\/\/energieberatung-seeland.ch\/wp-content\/uploads\/2024\/04\/Neubauten-mit-tiefem-Energiebedarf.pdf\" target=\"_blank\" rel=\"noreferrer noopener\"><img loading=\"lazy\" decoding=\"async\" srcset=\"https:\/\/energieberatung-seeland.ch\/wp-content\/uploads\/2024\/04\/Neubauten-mit-tiefem-Energiebedarf-1_page-0001-512x1024.jpg ,https:\/\/energieberatung-seeland.ch\/wp-content\/uploads\/2024\/04\/Neubauten-mit-tiefem-Energiebedarf-1_page-0001.jpg 780w, https:\/\/energieberatung-seeland.ch\/wp-content\/uploads\/2024\/04\/Neubauten-mit-tiefem-Energiebedarf-1_page-0001.jpg 360w\" sizes=\"auto, (max-width: 480px) 150px\" src=\"https:\/\/energieberatung-seeland.ch\/wp-content\/uploads\/2024\/04\/Neubauten-mit-tiefem-Energiebedarf-1_page-0001-512x1024.jpg\" alt=\"Neubauten mit tiefem Energiebedarf\" class=\"uag-image-956\" width=\"512\" height=\"1024\" title=\"Neubauten mit tiefem Energiebedarf\" loading=\"lazy\" role=\"img\"\/><\/a><\/figure><\/div>\n<\/div>\n\n\n\n<div class=\"wp-block-uagb-container uagb-block-19748116\">\n<div class=\"wp-block-uagb-image uagb-block-bb40b2a7 wp-block-uagb-image--layout-default wp-block-uagb-image--effect-static wp-block-uagb-image--align-none\"><figure class=\"wp-block-uagb-image__figure\"><a class=\"\" href=\"https:\/\/energieberatung-seeland.ch\/wp-content\/uploads\/2024\/04\/Energiegerecht-sanieren.pdf\" target=\"_blank\" rel=\"noreferrer noopener\"><img loading=\"lazy\" decoding=\"async\" srcset=\"https:\/\/energieberatung-seeland.ch\/wp-content\/uploads\/2024\/04\/Energiegerecht-sanieren-1_page-0001-724x1024.jpg ,https:\/\/energieberatung-seeland.ch\/wp-content\/uploads\/2024\/04\/Energiegerecht-sanieren-1_page-0001-scaled.jpg 780w, https:\/\/energieberatung-seeland.ch\/wp-content\/uploads\/2024\/04\/Energiegerecht-sanieren-1_page-0001-scaled.jpg 360w\" sizes=\"auto, (max-width: 480px) 150px\" src=\"https:\/\/energieberatung-seeland.ch\/wp-content\/uploads\/2024\/04\/Energiegerecht-sanieren-1_page-0001-724x1024.jpg\" alt=\"Energiegerecht sanieren\" class=\"uag-image-931\" width=\"724\" height=\"1024\" title=\"Energiegerecht sanieren\" loading=\"lazy\" role=\"img\"\/><\/a><\/figure><\/div>\n<\/div>\n\n\n\n<div class=\"wp-block-uagb-container uagb-block-55453294\">\n<div class=\"wp-block-uagb-image uagb-block-f6ae8927 wp-block-uagb-image--layout-default wp-block-uagb-image--effect-static wp-block-uagb-image--align-none\"><figure class=\"wp-block-uagb-image__figure\"><a class=\"\" href=\"https:\/\/energieberatung-seeland.ch\/wp-content\/uploads\/2024\/04\/GEAK.pdf\" target=\"_blank\" rel=\"noreferrer noopener\"><img loading=\"lazy\" decoding=\"async\" srcset=\"https:\/\/energieberatung-seeland.ch\/wp-content\/uploads\/2024\/04\/GEAK-1_page-0001-724x1024.jpg ,https:\/\/energieberatung-seeland.ch\/wp-content\/uploads\/2024\/04\/GEAK-1_page-0001-scaled.jpg 780w, https:\/\/energieberatung-seeland.ch\/wp-content\/uploads\/2024\/04\/GEAK-1_page-0001-scaled.jpg 360w\" sizes=\"auto, (max-width: 480px) 150px\" src=\"https:\/\/energieberatung-seeland.ch\/wp-content\/uploads\/2024\/04\/GEAK-1_page-0001-724x1024.jpg\" alt=\"GEAK\" class=\"uag-image-965\" width=\"724\" height=\"1024\" title=\"GEAK\" loading=\"lazy\" role=\"img\"\/><\/a><\/figure><\/div>\n<\/div>\n\n\n\n<div class=\"wp-block-uagb-container uagb-block-72ca556c\">\n<div class=\"wp-block-uagb-image uagb-block-39f5c9fd wp-block-uagb-image--layout-default wp-block-uagb-image--effect-static wp-block-uagb-image--align-none\"><figure class=\"wp-block-uagb-image__figure\"><a class=\"\" href=\"https:\/\/energieberatung-seeland.ch\/wp-content\/uploads\/2024\/04\/Energieetikette-fuer-Fenster.pdf\" target=\"_blank\" rel=\"noreferrer noopener\"><img loading=\"lazy\" decoding=\"async\" srcset=\"https:\/\/energieberatung-seeland.ch\/wp-content\/uploads\/2024\/04\/Energieetikette-fuer-Fenster-1_page-0001-512x1024.jpg ,https:\/\/energieberatung-seeland.ch\/wp-content\/uploads\/2024\/04\/Energieetikette-fuer-Fenster-1_page-0001.jpg 780w, https:\/\/energieberatung-seeland.ch\/wp-content\/uploads\/2024\/04\/Energieetikette-fuer-Fenster-1_page-0001.jpg 360w\" sizes=\"auto, (max-width: 480px) 150px\" src=\"https:\/\/energieberatung-seeland.ch\/wp-content\/uploads\/2024\/04\/Energieetikette-fuer-Fenster-1_page-0001-512x1024.jpg\" alt=\"Energieetikette f\u00fcr Fenster\" class=\"uag-image-960\" width=\"512\" height=\"1024\" title=\"Energieetikette f\u00fcr Fenster\" loading=\"lazy\" role=\"img\"\/><\/a><\/figure><\/div>\n<\/div>\n<\/div><\/div>\n","protected":false},"excerpt":{"rendered":"<p>Die Geb\u00e4udeh\u00fclle besteht meist aus dem Kellerboden, den Aussenw\u00e4nden und Fenstern sowie dem Dach oder Estrichboden. Dies sind jene Geb\u00e4udeteile, aus denen Energie entweichen kann, was zu Heizw\u00e4rmeverlusten f\u00fchrt. Mit sinnvollen Massnahmen und falls n\u00f6tig einer umfassenden Sanierung l\u00e4sst sich der Energieverbrauch reduzieren, was sich ebenfalls in den Kosten bemerkbar macht. Sie finden untenstehend einige [&hellip;]<\/p>\n","protected":false},"author":2,"featured_media":0,"parent":0,"menu_order":0,"comment_status":"closed","ping_status":"closed","template":"","meta":{"_uag_custom_page_level_css":"","site-sidebar-layout":"default","site-content-layout":"","ast-site-content-layout":"default","site-content-style":"default","site-sidebar-style":"default","ast-global-header-display":"","ast-banner-title-visibility":"","ast-main-header-display":"","ast-hfb-above-header-display":"","ast-hfb-below-header-display":"","ast-hfb-mobile-header-display":"","site-post-title":"","ast-breadcrumbs-content":"","ast-featured-img":"","footer-sml-layout":"","ast-disable-related-posts":"","theme-transparent-header-meta":"","adv-header-id-meta":"","stick-header-meta":"","header-above-stick-meta":"","header-main-stick-meta":"","header-below-stick-meta":"","astra-migrate-meta-layouts":"set","ast-page-background-enabled":"default","ast-page-background-meta":{"desktop":{"background-color":"var(--ast-global-color-4)","background-image":"","background-repeat":"repeat","background-position":"center center","background-size":"auto","background-attachment":"scroll","background-type":"","background-media":"","overlay-type":"","overlay-color":"","overlay-opacity":"","overlay-gradient":""},"tablet":{"background-color":"","background-image":"","background-repeat":"repeat","background-position":"center center","background-size":"auto","background-attachment":"scroll","background-type":"","background-media":"","overlay-type":"","overlay-color":"","overlay-opacity":"","overlay-gradient":""},"mobile":{"background-color":"","background-image":"","background-repeat":"repeat","background-position":"center center","background-size":"auto","background-attachment":"scroll","background-type":"","background-media":"","overlay-type":"","overlay-color":"","overlay-opacity":"","overlay-gradient":""}},"ast-content-background-meta":{"desktop":{"background-color":"var(--ast-global-color-5)","background-image":"","background-repeat":"repeat","background-position":"center center","background-size":"auto","background-attachment":"scroll","background-type":"","background-media":"","overlay-type":"","overlay-color":"","overlay-opacity":"","overlay-gradient":""},"tablet":{"background-color":"var(--ast-global-color-5)","background-image":"","background-repeat":"repeat","background-position":"center center","background-size":"auto","background-attachment":"scroll","background-type":"","background-media":"","overlay-type":"","overlay-color":"","overlay-opacity":"","overlay-gradient":""},"mobile":{"background-color":"var(--ast-global-color-5)","background-image":"","background-repeat":"repeat","background-position":"center center","background-size":"auto","background-attachment":"scroll","background-type":"","background-media":"","overlay-type":"","overlay-color":"","overlay-opacity":"","overlay-gradient":""}},"footnotes":""},"class_list":["post-989","page","type-page","status-publish","hentry"],"uagb_featured_image_src":{"full":false,"thumbnail":false,"medium":false,"medium_large":false,"large":false,"1536x1536":false,"2048x2048":false,"trp-custom-language-flag":false},"uagb_author_info":{"display_name":"Beat Bachmann","author_link":"https:\/\/energieberatung-seeland.ch\/de_de\/author\/lehnherre\/"},"uagb_comment_info":0,"uagb_excerpt":"Die Geb\u00e4udeh\u00fclle besteht meist aus dem Kellerboden, den Aussenw\u00e4nden und Fenstern sowie dem Dach oder Estrichboden. Dies sind jene Geb\u00e4udeteile, aus denen Energie entweichen kann, was zu Heizw\u00e4rmeverlusten f\u00fchrt. Mit sinnvollen Massnahmen und falls n\u00f6tig einer umfassenden Sanierung l\u00e4sst sich der Energieverbrauch reduzieren, was sich ebenfalls in den Kosten bemerkbar macht. Sie finden untenstehend einige&hellip;","_links":{"self":[{"href":"https:\/\/energieberatung-seeland.ch\/de_de\/wp-json\/wp\/v2\/pages\/989","targetHints":{"allow":["GET"]}}],"collection":[{"href":"https:\/\/energieberatung-seeland.ch\/de_de\/wp-json\/wp\/v2\/pages"}],"about":[{"href":"https:\/\/energieberatung-seeland.ch\/de_de\/wp-json\/wp\/v2\/types\/page"}],"author":[{"embeddable":true,"href":"https:\/\/energieberatung-seeland.ch\/de_de\/wp-json\/wp\/v2\/users\/2"}],"replies":[{"embeddable":true,"href":"https:\/\/energieberatung-seeland.ch\/de_de\/wp-json\/wp\/v2\/comments?post=989"}],"version-history":[{"count":5,"href":"https:\/\/energieberatung-seeland.ch\/de_de\/wp-json\/wp\/v2\/pages\/989\/revisions"}],"predecessor-version":[{"id":1085,"href":"https:\/\/energieberatung-seeland.ch\/de_de\/wp-json\/wp\/v2\/pages\/989\/revisions\/1085"}],"wp:attachment":[{"href":"https:\/\/energieberatung-seeland.ch\/de_de\/wp-json\/wp\/v2\/media?parent=989"}],"curies":[{"name":"wp","href":"https:\/\/api.w.org\/{rel}","templated":true}]}}