{"id":1106,"date":"2024-05-30T14:25:58","date_gmt":"2024-05-30T12:25:58","guid":{"rendered":"https:\/\/energieberatung-seeland.ch\/?page_id=1106"},"modified":"2024-05-30T14:31:05","modified_gmt":"2024-05-30T12:31:05","slug":"informationsveranstaltung-nachhaltiges-und-energieeffizientes-wohnen","status":"publish","type":"page","link":"https:\/\/energieberatung-seeland.ch\/fr_ch\/informationsveranstaltung-nachhaltiges-und-energieeffizientes-wohnen\/","title":{"rendered":"Informationsveranstaltung nachhaltiges und energieeffizientes Wohnen"},"content":{"rendered":"<p>Sie m\u00f6chten Umwelt und Geldbeutel schonen?<br>Erfahren Sie alles, was Sie \u00fcber nachhaltiges und energieeffizientes Wohnen wissen m\u00fcssen! Als Energieexperten pr\u00e4sentieren wir Ihnen die neuesten M\u00f6glichkeiten der Solarenergie, F\u00f6rdergelder, innovative Technologien f\u00fcr Elektrofahrzeuge und Energiespeicher sowie Massnahmen zur energetischen Sanierung Ihres Zuhauses.<\/p>\n\n\n\n<ul class=\"wp-block-list\">\n<li><strong>Freitag, 14. Juni 2024 um 17:00 &#8211; 19:00 Uhr<\/strong><\/li>\n\n\n\n<li><strong>Aula Schule Weidteilen, Lyss-Strasse 34, 2560 Nidau<\/strong><\/li>\n<\/ul>\n\n\n\n<p>Die Teilnahme ist kostenlos und auf Anmeldung direkt <a href=\"https:\/\/airtable.com\/appJUct2b4IYphgIR\/shrdZGB5JKSR3OYAw\" target=\"_blank\" rel=\"noreferrer noopener\">ici <\/a>oder via QR-Code:<\/p>\n\n\n\n<figure class=\"wp-block-image size-large is-resized\"><img fetchpriority=\"high\" decoding=\"async\" width=\"1024\" height=\"1000\" src=\"https:\/\/energieberatung-seeland.ch\/wp-content\/uploads\/2024\/05\/image-1024x1000.png\" alt=\"\" class=\"wp-image-1107\" style=\"width:326px;height:auto\" srcset=\"https:\/\/energieberatung-seeland.ch\/wp-content\/uploads\/2024\/05\/image-1024x1000.png 1024w, https:\/\/energieberatung-seeland.ch\/wp-content\/uploads\/2024\/05\/image-300x293.png 300w, https:\/\/energieberatung-seeland.ch\/wp-content\/uploads\/2024\/05\/image-768x750.png 768w, https:\/\/energieberatung-seeland.ch\/wp-content\/uploads\/2024\/05\/image-12x12.png 12w, https:\/\/energieberatung-seeland.ch\/wp-content\/uploads\/2024\/05\/image.png 1314w\" sizes=\"(max-width: 1024px) 100vw, 1024px\" \/><\/figure>","protected":false},"excerpt":{"rendered":"<p>Sie m\u00f6chten Umwelt und Geldbeutel schonen?Erfahren Sie alles, was Sie \u00fcber nachhaltiges und energieeffizientes Wohnen wissen m\u00fcssen! Als Energieexperten pr\u00e4sentieren wir Ihnen die neuesten M\u00f6glichkeiten der Solarenergie, F\u00f6rdergelder, innovative Technologien f\u00fcr Elektrofahrzeuge und Energiespeicher sowie Massnahmen zur energetischen Sanierung Ihres Zuhauses. Die Teilnahme ist kostenlos und auf Anmeldung direkt hier oder via QR-Code:<\/p>","protected":false},"author":2,"featured_media":0,"parent":0,"menu_order":0,"comment_status":"closed","ping_status":"closed","template":"","meta":{"_uag_custom_page_level_css":"","site-sidebar-layout":"default","site-content-layout":"","ast-site-content-layout":"default","site-content-style":"default","site-sidebar-style":"default","ast-global-header-display":"","ast-banner-title-visibility":"","ast-main-header-display":"","ast-hfb-above-header-display":"","ast-hfb-below-header-display":"","ast-hfb-mobile-header-display":"","site-post-title":"","ast-breadcrumbs-content":"","ast-featured-img":"","footer-sml-layout":"","ast-disable-related-posts":"","theme-transparent-header-meta":"","adv-header-id-meta":"","stick-header-meta":"","header-above-stick-meta":"","header-main-stick-meta":"","header-below-stick-meta":"","astra-migrate-meta-layouts":"set","ast-page-background-enabled":"default","ast-page-background-meta":{"desktop":{"background-color":"var(--ast-global-color-4)","background-image":"","background-repeat":"repeat","background-position":"center center","background-size":"auto","background-attachment":"scroll","background-type":"","background-media":"","overlay-type":"","overlay-color":"","overlay-opacity":"","overlay-gradient":""},"tablet":{"background-color":"","background-image":"","background-repeat":"repeat","background-position":"center center","background-size":"auto","background-attachment":"scroll","background-type":"","background-media":"","overlay-type":"","overlay-color":"","overlay-opacity":"","overlay-gradient":""},"mobile":{"background-color":"","background-image":"","background-repeat":"repeat","background-position":"center center","background-size":"auto","background-attachment":"scroll","background-type":"","background-media":"","overlay-type":"","overlay-color":"","overlay-opacity":"","overlay-gradient":""}},"ast-content-background-meta":{"desktop":{"background-color":"var(--ast-global-color-5)","background-image":"","background-repeat":"repeat","background-position":"center center","background-size":"auto","background-attachment":"scroll","background-type":"","background-media":"","overlay-type":"","overlay-color":"","overlay-opacity":"","overlay-gradient":""},"tablet":{"background-color":"var(--ast-global-color-5)","background-image":"","background-repeat":"repeat","background-position":"center center","background-size":"auto","background-attachment":"scroll","background-type":"","background-media":"","overlay-type":"","overlay-color":"","overlay-opacity":"","overlay-gradient":""},"mobile":{"background-color":"var(--ast-global-color-5)","background-image":"","background-repeat":"repeat","background-position":"center center","background-size":"auto","background-attachment":"scroll","background-type":"","background-media":"","overlay-type":"","overlay-color":"","overlay-opacity":"","overlay-gradient":""}},"footnotes":""},"class_list":["post-1106","page","type-page","status-publish","hentry"],"uagb_featured_image_src":{"full":false,"thumbnail":false,"medium":false,"medium_large":false,"large":false,"1536x1536":false,"2048x2048":false,"trp-custom-language-flag":false},"uagb_author_info":{"display_name":"Beat Bachmann","author_link":"https:\/\/energieberatung-seeland.ch\/fr_ch\/author\/lehnherre\/"},"uagb_comment_info":0,"uagb_excerpt":"Sie m\u00f6chten Umwelt und Geldbeutel schonen?Erfahren Sie alles, was Sie \u00fcber nachhaltiges und energieeffizientes Wohnen wissen m\u00fcssen! Als Energieexperten pr\u00e4sentieren wir Ihnen die neuesten M\u00f6glichkeiten der Solarenergie, F\u00f6rdergelder, innovative Technologien f\u00fcr Elektrofahrzeuge und Energiespeicher sowie Massnahmen zur energetischen Sanierung Ihres Zuhauses. Die Teilnahme ist kostenlos und auf Anmeldung direkt hier oder via QR-Code:","_links":{"self":[{"href":"https:\/\/energieberatung-seeland.ch\/fr_ch\/wp-json\/wp\/v2\/pages\/1106","targetHints":{"allow":["GET"]}}],"collection":[{"href":"https:\/\/energieberatung-seeland.ch\/fr_ch\/wp-json\/wp\/v2\/pages"}],"about":[{"href":"https:\/\/energieberatung-seeland.ch\/fr_ch\/wp-json\/wp\/v2\/types\/page"}],"author":[{"embeddable":true,"href":"https:\/\/energieberatung-seeland.ch\/fr_ch\/wp-json\/wp\/v2\/users\/2"}],"replies":[{"embeddable":true,"href":"https:\/\/energieberatung-seeland.ch\/fr_ch\/wp-json\/wp\/v2\/comments?post=1106"}],"version-history":[{"count":2,"href":"https:\/\/energieberatung-seeland.ch\/fr_ch\/wp-json\/wp\/v2\/pages\/1106\/revisions"}],"predecessor-version":[{"id":1114,"href":"https:\/\/energieberatung-seeland.ch\/fr_ch\/wp-json\/wp\/v2\/pages\/1106\/revisions\/1114"}],"wp:attachment":[{"href":"https:\/\/energieberatung-seeland.ch\/fr_ch\/wp-json\/wp\/v2\/media?parent=1106"}],"curies":[{"name":"wp","href":"https:\/\/api.w.org\/{rel}","templated":true}]}}