{"id":1229,"date":"2024-10-29T15:23:14","date_gmt":"2024-10-29T14:23:14","guid":{"rendered":"https:\/\/energieberatung-seeland.ch\/?page_id=1229"},"modified":"2025-01-07T10:19:56","modified_gmt":"2025-01-07T09:19:56","slug":"gut-zu-wissen","status":"publish","type":"page","link":"https:\/\/energieberatung-seeland.ch\/fr_ch\/gut-zu-wissen\/","title":{"rendered":"Bon \u00e0 savoir"},"content":{"rendered":"<p>Les principales dispositions l\u00e9gales de la Conf\u00e9d\u00e9ration ou du canton de Berne en mati\u00e8re d'\u00e9nergie sont \u00e9num\u00e9r\u00e9es ici.<\/p>\n\n\n\n<h2 class=\"wp-block-heading\"><strong>Obligation de remplacement des chauffages \u00e9lectriques au 31.12.2031<\/strong><\/h2>\n\n\n\n<p>D'ici la fin de l'ann\u00e9e 2031, tous les chauffages \u00e9lectriques existants pour le chauffage des b\u00e2timents devront avoir \u00e9t\u00e9 remplac\u00e9s. Cela concerne \u00e9galement les <strong>chauffages \u00e0 infrarouge <\/strong>et <strong>les appareils de chauffage mobiles<\/strong> \u00e0 brancher s'ils sont utilis\u00e9s comme chauffage principal. Sont donc autoris\u00e9s, par exemple, les chauffages \u00e9lectriques d'appoint dans la salle de bain ou dans certaines pi\u00e8ces qui ne sont pas utilis\u00e9es comme chauffage principal. Ils sont interdits:<\/p>\n\n\n\n<ul class=\"wp-block-list\">\n<li>Chauffage \u00e9lectrique \u00e0 accumulation central<\/li>\n\n\n\n<li>Chauffage \u00e9lectrique \u00e0 accumulation d\u00e9centralis\u00e9 (po\u00eales individuels dans chaque pi\u00e8ce)<\/li>\n\n\n\n<li>Chauffage \u00e9lectrique \u00e0 r\u00e9sistance dans le sol<\/li>\n\n\n\n<li>Po\u00eales \u00e9lectriques mobiles servant de chauffage principal<\/li>\n<\/ul>\n\n\n\n<p>Cette loi est entr\u00e9e en vigueur le 01.01.2012, avec une p\u00e9riode de transition de 20 ans. La nouvelle installation de tels appareils est \u00e9galement interdite. La base l\u00e9gale est r\u00e9gl\u00e9e par l'art. 40 LCEn et l'art. 72 LCEn.<\/p>\n\n\n\n<p>Le propri\u00e9taire est responsable du respect des bases l\u00e9gales.<\/p>\n\n\n\n<h2 class=\"wp-block-heading\">Augmentation des subventions <\/h2>\n\n\n\n<p>Au 01.01.2025, les contributions d'encouragement pour le <strong>remplacement des chauffages \u00e9lectriques<\/strong> ont \u00e9t\u00e9 augment\u00e9es - elles s'\u00e9l\u00e8vent d\u00e9sormais au m\u00eame montant que pour le remplacement des chauffages au mazout ou au gaz. De m\u00eame, la contribution d'encouragement pour la <strong>premi\u00e8re installation d'un syst\u00e8me de distribution de chaleur<\/strong> (en cas de remplacement simultan\u00e9 du chauffage) a \u00e9t\u00e9 nettement augment\u00e9e pour atteindre au moins 15 000 CHF. Vous trouverez plus d'informations sur les nouvelles contributions d'encouragement dans ce <a href=\"https:\/\/energieberatung-seeland.ch\/fr_ch\/anpassung-foerderbeitraege-kanton-bern\/\" data-type=\"page\" data-id=\"1417\">News-Post<\/a> ou dans le nouveau <a href=\"https:\/\/www.weu.be.ch\/content\/dam\/weu\/dokumente\/aue\/fr\/energiefoerderung\/aue-leitfaden-fr.pdf\" target=\"_blank\" rel=\"noreferrer noopener\">&#8222;Leitfaden F\u00f6rderprogramm Kanton Bern&#8220;<\/a>.<\/p>\n\n\n\n<h2 class=\"wp-block-heading\">Obligation de remplacer les chauffe-eau \u00e9lectriques centraux existants au 31.12.2042<\/h2>\n\n\n\n<p>D'ici la fin de l'ann\u00e9e 2042, tous les <strong>chauffe-eau \u00e9lectriques centraux <\/strong>existants devront avoir \u00e9t\u00e9 remplac\u00e9s. Par chauffe-eau \u00e9lectrique central, on entend par exemple celui d'une maison individuelle ou celui situ\u00e9 dans la cave d'un immeuble collectif et utilis\u00e9 par plusieurs unit\u00e9s. <strong>Les chauffe-eau \u00e9lectriques \u00e0 l'\u00e9tage<\/strong> ne sont pas concern\u00e9s par cette mesure. Cette loi est entr\u00e9e en vigueur le 01.01.2023, avec une p\u00e9riode de transition de 20 ans. La base l\u00e9gale est r\u00e9gie par l'art. T1-1 LCEn (disposition transitoire). <\/p>\n\n\n\n<p>Sont exempt\u00e9s de l'obligation de remplacement les chauffe-eau \u00e9lectriques centraux d'une capacit\u00e9 inf\u00e9rieure \u00e0 100 litres ou ceux dont le chauffage de l'eau est assur\u00e9 par au moins 50% d'\u00e9lectricit\u00e9 renouvelable autoproduite. L'exemption est r\u00e9gl\u00e9e \u00e0 l'art. 21a OEne. <\/p>\n\n\n\n<p>Le propri\u00e9taire est responsable du respect des bases l\u00e9gales.<\/p>\n\n\n\n<h2 class=\"wp-block-heading\">Obligation d'annoncer le remplacement du g\u00e9n\u00e9rateur de chaleur<\/h2>\n\n\n\n<p>Tout remplacement d'un g\u00e9n\u00e9rateur de chaleur doit \u00eatre signal\u00e9, ind\u00e9pendamment de la cat\u00e9gorie de b\u00e2timent ou du syst\u00e8me de chauffage. Par remplacement du g\u00e9n\u00e9rateur de chaleur, on entend non seulement le remplacement du syst\u00e8me de chauffage complet, mais aussi celui de certaines parties de celui-ci. Cela comprend le remplacement de<\/p>\n\n\n\n<ul class=\"wp-block-list\">\n<li>g\u00e9n\u00e9rateur de chaleur complet<\/li>\n\n\n\n<li>Chaudi\u00e8re<\/li>\n\n\n\n<li>Br\u00fbleur, si plus de 10 ans<\/li>\n\n\n\n<li>Chemin\u00e9e<\/li>\n\n\n\n<li>R\u00e9servoir d'huile<\/li>\n<\/ul>\n\n\n\n<p>Eine Meldung ersetzt eine gegebenenfalls erforderliche Baubewilligung nicht und erfolgt via &#8222;eBau&#8220; an die Standortgemeinde.<\/p>\n\n\n\n<p>Le propri\u00e9taire est responsable du respect des bases l\u00e9gales.<\/p>\n\n\n\n<h2 class=\"wp-block-heading\">Exigences relatives au remplacement du g\u00e9n\u00e9rateur de chaleur<\/h2>\n\n\n\n<p>An den Ersatz eines W\u00e4rmeerzeugers werden im Kanton Bern Anforderungen gestellt, sofern das Geb\u00e4ude \u00e4lter ist als 20 Jahre (ab Datum des Baubewilligung des Geb\u00e4udes). Von den Anforderungen befreit sind zudem Geb\u00e4ude, die in der GEAK-Kategorie &#8222;Gesamtenergieeffizienz&#8220; die Stufe D erreichen. <\/p>\n\n\n\n<p>Si vous souhaitez remplacer votre ancien chauffage par un syst\u00e8me renouvelable, il n'y a pas d'autres exigences. Sont consid\u00e9r\u00e9s comme renouvelables les chauffages au bois, les pompes \u00e0 chaleur (air, eau ou sonde g\u00e9othermique) ou un raccordement au chauffage urbain avec une part d'\u00e9nergie renouvelable d'au moins 75%. Le remplacement d'un chauffage \u00e9lectrique, au mazout ou au gaz par un syst\u00e8me renouvelable donne en outre droit \u00e0 une <a href=\"https:\/\/energieberatung-seeland.ch\/fr_ch\/foerdergelder\/\" data-type=\"page\" data-id=\"774\" target=\"_blank\" rel=\"noreferrer noopener\">contribution d'encouragement<\/a>.<\/p>\n\n\n\n<p>Si vous ne voulez ou ne pouvez pas remplacer votre chauffage par un syst\u00e8me renouvelable, vous devez mettre en \u0153uvre l'une des <strong>12 solutions standard<\/strong> umzusetzen. Als Hilfestellung dient die &#8222;<a href=\"https:\/\/energieberatung-seeland.ch\/wp-content\/uploads\/2024\/11\/Vollzugshilfe-Waermeerzeugerersatz_fr.pdf\" target=\"_blank\" rel=\"noreferrer noopener\">\u00abAide \u00e0 l\u2019application pour le remplacement de g\u00e9n\u00e9rateurs de chaleur\u00bb<\/a>&#8220; mit genauen Umschreibungen der Anforderung.<\/p>\n\n\n\n<div class=\"wp-block-uagb-image uagb-block-e09148b8 wp-block-uagb-image--layout-default wp-block-uagb-image--effect-static wp-block-uagb-image--align-none\"><figure class=\"wp-block-uagb-image__figure\"><img loading=\"lazy\" decoding=\"async\" srcset=\"https:\/\/energieberatung-seeland.ch\/wp-content\/uploads\/2024\/11\/Screenshot-2024-11-12-080438.png 1621w, https:\/\/energieberatung-seeland.ch\/wp-content\/uploads\/2024\/11\/Screenshot-2024-11-12-080438-300x116.png 300w, https:\/\/energieberatung-seeland.ch\/wp-content\/uploads\/2024\/11\/Screenshot-2024-11-12-080438-1024x397.png 1024w, https:\/\/energieberatung-seeland.ch\/wp-content\/uploads\/2024\/11\/Screenshot-2024-11-12-080438-768x298.png 768w, https:\/\/energieberatung-seeland.ch\/wp-content\/uploads\/2024\/11\/Screenshot-2024-11-12-080438-1536x595.png 1536w, https:\/\/energieberatung-seeland.ch\/wp-content\/uploads\/2024\/11\/Screenshot-2024-11-12-080438-18x7.png 18w\" sizes=\"auto, (max-width: 480px) 150px\" src=\"https:\/\/energieberatung-seeland.ch\/wp-content\/uploads\/2024\/11\/Screenshot-2024-11-12-080438.png\" alt=\"\" class=\"uag-image-1238\" width=\"1134\" height=\"430\" title=\"Standardl\u00f6sungen\" role=\"img\"\/><\/figure><\/div>\n\n\n\n<p>Le propri\u00e9taire est responsable du respect des bases l\u00e9gales.<\/p>\n\n\n\n<h2 class=\"wp-block-heading\">Projet de r\u00e9novation<\/h2>\n\n\n\n<p>Vous pr\u00e9voyez d'assainir votre b\u00e2timent sur le plan \u00e9nerg\u00e9tique ? Dans ce cas, il est important de faire \u00e9tablir au pr\u00e9alable un <strong>CECB-Plus<\/strong> et de d\u00e9poser la <strong>demande de subvention avant la r\u00e9alisation des travaux de r\u00e9novation<\/strong> - sinon, une \u00e9ventuelle subvention ne pourra pas \u00eatre vers\u00e9e.<\/p>\n\n\n\n<p>Il est \u00e9galement important de noter qu'une subvention pour les projets de r\u00e9novation n'est pr\u00e9vue via l'augmentation de la classe CECB que si le b\u00e2timent n'est plus chauff\u00e9 par des \u00e9nergies fossiles ou par un chauffage \u00e9lectrique apr\u00e8s la r\u00e9novation.<\/p>\n\n\n\n<p>Une subvention du canton de Berne est d\u00e9j\u00e0 pr\u00e9vue pour l'\u00e9tablissement d'un CECB-Plus, ind\u00e9pendamment du fait qu'une r\u00e9novation soit effectu\u00e9e ou non. La subvention s'\u00e9l\u00e8ve \u00e0<\/p>\n\n\n\n<ul class=\"wp-block-list\">\n<li>CHF 1'000.- pour les maisons individuelles et jumel\u00e9es<\/li>\n\n\n\n<li>CHF 1'5000 pour les immeubles collectifs, l'administration, l'\u00e9cole, le restaurant, etc.<\/li>\n<\/ul>\n\n\n\n<p><\/p>","protected":false},"excerpt":{"rendered":"<p>Hier werden die wichtigsten gesetzlichen Bestimmungen des Bundes oder des Kanton Bern rund um das Thema Energie aufgef\u00fchrt. Ersatzpflicht Elektroheizungen per 31.12.2031 Per Ende des Jahres 2031 m\u00fcssen alle bestehenden Elektroheizungen zur Geb\u00e4udebeheizung ersetzt worden sein. Dies betrifft ebenfalls Infrarotheizungen und mobile Heizger\u00e4te zum einstecken, sofern diese als Hauptheizung verwendet werden. Erlaubt sind demnach beispielsweise [&hellip;]<\/p>\n","protected":false},"author":2,"featured_media":0,"parent":0,"menu_order":0,"comment_status":"closed","ping_status":"closed","template":"","meta":{"_uag_custom_page_level_css":"","site-sidebar-layout":"default","site-content-layout":"","ast-site-content-layout":"default","site-content-style":"default","site-sidebar-style":"default","ast-global-header-display":"","ast-banner-title-visibility":"","ast-main-header-display":"","ast-hfb-above-header-display":"","ast-hfb-below-header-display":"","ast-hfb-mobile-header-display":"","site-post-title":"","ast-breadcrumbs-content":"","ast-featured-img":"","footer-sml-layout":"","ast-disable-related-posts":"","theme-transparent-header-meta":"","adv-header-id-meta":"","stick-header-meta":"","header-above-stick-meta":"","header-main-stick-meta":"","header-below-stick-meta":"","astra-migrate-meta-layouts":"set","ast-page-background-enabled":"default","ast-page-background-meta":{"desktop":{"background-color":"var(--ast-global-color-4)","background-image":"","background-repeat":"repeat","background-position":"center center","background-size":"auto","background-attachment":"scroll","background-type":"","background-media":"","overlay-type":"","overlay-color":"","overlay-opacity":"","overlay-gradient":""},"tablet":{"background-color":"","background-image":"","background-repeat":"repeat","background-position":"center center","background-size":"auto","background-attachment":"scroll","background-type":"","background-media":"","overlay-type":"","overlay-color":"","overlay-opacity":"","overlay-gradient":""},"mobile":{"background-color":"","background-image":"","background-repeat":"repeat","background-position":"center center","background-size":"auto","background-attachment":"scroll","background-type":"","background-media":"","overlay-type":"","overlay-color":"","overlay-opacity":"","overlay-gradient":""}},"ast-content-background-meta":{"desktop":{"background-color":"var(--ast-global-color-5)","background-image":"","background-repeat":"repeat","background-position":"center center","background-size":"auto","background-attachment":"scroll","background-type":"","background-media":"","overlay-type":"","overlay-color":"","overlay-opacity":"","overlay-gradient":""},"tablet":{"background-color":"var(--ast-global-color-5)","background-image":"","background-repeat":"repeat","background-position":"center center","background-size":"auto","background-attachment":"scroll","background-type":"","background-media":"","overlay-type":"","overlay-color":"","overlay-opacity":"","overlay-gradient":""},"mobile":{"background-color":"var(--ast-global-color-5)","background-image":"","background-repeat":"repeat","background-position":"center center","background-size":"auto","background-attachment":"scroll","background-type":"","background-media":"","overlay-type":"","overlay-color":"","overlay-opacity":"","overlay-gradient":""}},"footnotes":""},"class_list":["post-1229","page","type-page","status-publish","hentry"],"uagb_featured_image_src":{"full":false,"thumbnail":false,"medium":false,"medium_large":false,"large":false,"1536x1536":false,"2048x2048":false,"trp-custom-language-flag":false},"uagb_author_info":{"display_name":"Beat Bachmann","author_link":"https:\/\/energieberatung-seeland.ch\/fr_ch\/author\/lehnherre\/"},"uagb_comment_info":0,"uagb_excerpt":"Hier werden die wichtigsten gesetzlichen Bestimmungen des Bundes oder des Kanton Bern rund um das Thema Energie aufgef\u00fchrt. Ersatzpflicht Elektroheizungen per 31.12.2031 Per Ende des Jahres 2031 m\u00fcssen alle bestehenden Elektroheizungen zur Geb\u00e4udebeheizung ersetzt worden sein. Dies betrifft ebenfalls Infrarotheizungen und mobile Heizger\u00e4te zum einstecken, sofern diese als Hauptheizung verwendet werden. Erlaubt sind demnach beispielsweise\u2026","_links":{"self":[{"href":"https:\/\/energieberatung-seeland.ch\/fr_ch\/wp-json\/wp\/v2\/pages\/1229","targetHints":{"allow":["GET"]}}],"collection":[{"href":"https:\/\/energieberatung-seeland.ch\/fr_ch\/wp-json\/wp\/v2\/pages"}],"about":[{"href":"https:\/\/energieberatung-seeland.ch\/fr_ch\/wp-json\/wp\/v2\/types\/page"}],"author":[{"embeddable":true,"href":"https:\/\/energieberatung-seeland.ch\/fr_ch\/wp-json\/wp\/v2\/users\/2"}],"replies":[{"embeddable":true,"href":"https:\/\/energieberatung-seeland.ch\/fr_ch\/wp-json\/wp\/v2\/comments?post=1229"}],"version-history":[{"count":12,"href":"https:\/\/energieberatung-seeland.ch\/fr_ch\/wp-json\/wp\/v2\/pages\/1229\/revisions"}],"predecessor-version":[{"id":1427,"href":"https:\/\/energieberatung-seeland.ch\/fr_ch\/wp-json\/wp\/v2\/pages\/1229\/revisions\/1427"}],"wp:attachment":[{"href":"https:\/\/energieberatung-seeland.ch\/fr_ch\/wp-json\/wp\/v2\/media?parent=1229"}],"curies":[{"name":"wp","href":"https:\/\/api.w.org\/{rel}","templated":true}]}}