{"id":1391,"date":"2024-12-18T14:13:57","date_gmt":"2024-12-18T13:13:57","guid":{"rendered":"https:\/\/energieberatung-seeland.ch\/?page_id=1391"},"modified":"2024-12-18T14:13:58","modified_gmt":"2024-12-18T13:13:58","slug":"wissen-und-praktische-tipps-zur-klimaveraenderung","status":"publish","type":"page","link":"https:\/\/energieberatung-seeland.ch\/fr_ch\/wissen-und-praktische-tipps-zur-klimaveraenderung\/","title":{"rendered":"Connaissances et conseils pratiques sur le changement climatique"},"content":{"rendered":"<div class=\"wp-block-media-text is-stacked-on-mobile\" style=\"grid-template-columns:26% auto\"><figure class=\"wp-block-media-text__media\"><a href=\"https:\/\/energieberatung-seeland.ch\/wp-content\/uploads\/2024\/12\/Klimaveraenderung-und-Treibhausgas-Fussabdruck__fr.pdf\" target=\"_blank\" rel=\" noreferrer noopener\"><img fetchpriority=\"high\" decoding=\"async\" width=\"724\" height=\"1024\" src=\"https:\/\/energieberatung-seeland.ch\/wp-content\/uploads\/2024\/12\/Klimaveraenderung-und-Treibhausgas-Fussabdruck__fr-1_page-0001-scaled.jpg\" alt=\"\" class=\"wp-image-1330 size-full\" srcset=\"https:\/\/energieberatung-seeland.ch\/wp-content\/uploads\/2024\/12\/Klimaveraenderung-und-Treibhausgas-Fussabdruck__fr-1_page-0001-scaled.jpg 1810w, https:\/\/energieberatung-seeland.ch\/wp-content\/uploads\/2024\/12\/Klimaveraenderung-und-Treibhausgas-Fussabdruck__fr-1_page-0001-212x300.jpg 212w, https:\/\/energieberatung-seeland.ch\/wp-content\/uploads\/2024\/12\/Klimaveraenderung-und-Treibhausgas-Fussabdruck__fr-1_page-0001-724x1024.jpg 724w, https:\/\/energieberatung-seeland.ch\/wp-content\/uploads\/2024\/12\/Klimaveraenderung-und-Treibhausgas-Fussabdruck__fr-1_page-0001-768x1086.jpg 768w, https:\/\/energieberatung-seeland.ch\/wp-content\/uploads\/2024\/12\/Klimaveraenderung-und-Treibhausgas-Fussabdruck__fr-1_page-0001-1086x1536.jpg 1086w, https:\/\/energieberatung-seeland.ch\/wp-content\/uploads\/2024\/12\/Klimaveraenderung-und-Treibhausgas-Fussabdruck__fr-1_page-0001-1448x2048.jpg 1448w, https:\/\/energieberatung-seeland.ch\/wp-content\/uploads\/2024\/12\/Klimaveraenderung-und-Treibhausgas-Fussabdruck__fr-1_page-0001-8x12.jpg 8w\" sizes=\"(max-width: 724px) 100vw, 724px\" \/><\/a><\/figure><div class=\"wp-block-media-text__content\">\n<p><strong>Viande, poisson ou v\u00e9g\u00e9tarien ? Voiture, train ou v\u00e9lo ? Chauffage au mazout, au gaz ou aux pellets ?<\/strong><\/p>\n\n\n\n<p>Vous souhaitez en savoir plus sur le changement climatique en Suisse ou r\u00e9duire votre propre empreinte de gaz \u00e0 effet de serre ? Nous avons rassembl\u00e9 pour vous des faits int\u00e9ressants et des exemples pratiques qui illustrent la situation actuelle et montrent quelles mesures permettent de r\u00e9duire sa propre empreinte de gaz \u00e0 effet de serre.<\/p>\n<\/div><\/div>\n\n\n\n<p><\/p>","protected":false},"excerpt":{"rendered":"<p>Fleisch, Fisch oder Vegi? Auto, Zug oder Velo? \u00d6l-, Gas- oder Pelletheizung? Wollen Sie mehr erfahren zur Klimaver\u00e4nderung in der Schweiz oder Ihren eigenen Treibhausgas-Fussabdruck senken? Wir haben f\u00fcr Sie interessante Fakten und praktische Beispiele zusammengestellt, welche die aktuelle Situation aufzeigen und vorf\u00fchren, mit welchen Massnahmen der eigene Treibhausgas-Fussabdruck reduziert werden kann.<\/p>","protected":false},"author":2,"featured_media":0,"parent":0,"menu_order":0,"comment_status":"closed","ping_status":"closed","template":"","meta":{"_uag_custom_page_level_css":"","site-sidebar-layout":"default","site-content-layout":"","ast-site-content-layout":"default","site-content-style":"default","site-sidebar-style":"default","ast-global-header-display":"","ast-banner-title-visibility":"","ast-main-header-display":"","ast-hfb-above-header-display":"","ast-hfb-below-header-display":"","ast-hfb-mobile-header-display":"","site-post-title":"","ast-breadcrumbs-content":"","ast-featured-img":"","footer-sml-layout":"","ast-disable-related-posts":"","theme-transparent-header-meta":"","adv-header-id-meta":"","stick-header-meta":"","header-above-stick-meta":"","header-main-stick-meta":"","header-below-stick-meta":"","astra-migrate-meta-layouts":"set","ast-page-background-enabled":"default","ast-page-background-meta":{"desktop":{"background-color":"var(--ast-global-color-4)","background-image":"","background-repeat":"repeat","background-position":"center center","background-size":"auto","background-attachment":"scroll","background-type":"","background-media":"","overlay-type":"","overlay-color":"","overlay-opacity":"","overlay-gradient":""},"tablet":{"background-color":"","background-image":"","background-repeat":"repeat","background-position":"center center","background-size":"auto","background-attachment":"scroll","background-type":"","background-media":"","overlay-type":"","overlay-color":"","overlay-opacity":"","overlay-gradient":""},"mobile":{"background-color":"","background-image":"","background-repeat":"repeat","background-position":"center center","background-size":"auto","background-attachment":"scroll","background-type":"","background-media":"","overlay-type":"","overlay-color":"","overlay-opacity":"","overlay-gradient":""}},"ast-content-background-meta":{"desktop":{"background-color":"var(--ast-global-color-5)","background-image":"","background-repeat":"repeat","background-position":"center center","background-size":"auto","background-attachment":"scroll","background-type":"","background-media":"","overlay-type":"","overlay-color":"","overlay-opacity":"","overlay-gradient":""},"tablet":{"background-color":"var(--ast-global-color-5)","background-image":"","background-repeat":"repeat","background-position":"center center","background-size":"auto","background-attachment":"scroll","background-type":"","background-media":"","overlay-type":"","overlay-color":"","overlay-opacity":"","overlay-gradient":""},"mobile":{"background-color":"var(--ast-global-color-5)","background-image":"","background-repeat":"repeat","background-position":"center center","background-size":"auto","background-attachment":"scroll","background-type":"","background-media":"","overlay-type":"","overlay-color":"","overlay-opacity":"","overlay-gradient":""}},"footnotes":""},"class_list":["post-1391","page","type-page","status-publish","hentry"],"uagb_featured_image_src":{"full":false,"thumbnail":false,"medium":false,"medium_large":false,"large":false,"1536x1536":false,"2048x2048":false,"trp-custom-language-flag":false},"uagb_author_info":{"display_name":"Beat Bachmann","author_link":"https:\/\/energieberatung-seeland.ch\/fr_ch\/author\/lehnherre\/"},"uagb_comment_info":0,"uagb_excerpt":"Fleisch, Fisch oder Vegi? Auto, Zug oder Velo? \u00d6l-, Gas- oder Pelletheizung? Wollen Sie mehr erfahren zur Klimaver\u00e4nderung in der Schweiz oder Ihren eigenen Treibhausgas-Fussabdruck senken? Wir haben f\u00fcr Sie interessante Fakten und praktische Beispiele zusammengestellt, welche die aktuelle Situation aufzeigen und vorf\u00fchren, mit welchen Massnahmen der eigene Treibhausgas-Fussabdruck reduziert werden kann.","_links":{"self":[{"href":"https:\/\/energieberatung-seeland.ch\/fr_ch\/wp-json\/wp\/v2\/pages\/1391","targetHints":{"allow":["GET"]}}],"collection":[{"href":"https:\/\/energieberatung-seeland.ch\/fr_ch\/wp-json\/wp\/v2\/pages"}],"about":[{"href":"https:\/\/energieberatung-seeland.ch\/fr_ch\/wp-json\/wp\/v2\/types\/page"}],"author":[{"embeddable":true,"href":"https:\/\/energieberatung-seeland.ch\/fr_ch\/wp-json\/wp\/v2\/users\/2"}],"replies":[{"embeddable":true,"href":"https:\/\/energieberatung-seeland.ch\/fr_ch\/wp-json\/wp\/v2\/comments?post=1391"}],"version-history":[{"count":1,"href":"https:\/\/energieberatung-seeland.ch\/fr_ch\/wp-json\/wp\/v2\/pages\/1391\/revisions"}],"predecessor-version":[{"id":1393,"href":"https:\/\/energieberatung-seeland.ch\/fr_ch\/wp-json\/wp\/v2\/pages\/1391\/revisions\/1393"}],"wp:attachment":[{"href":"https:\/\/energieberatung-seeland.ch\/fr_ch\/wp-json\/wp\/v2\/media?parent=1391"}],"curies":[{"name":"wp","href":"https:\/\/api.w.org\/{rel}","templated":true}]}}