{"id":1417,"date":"2025-01-06T15:31:15","date_gmt":"2025-01-06T14:31:15","guid":{"rendered":"https:\/\/energieberatung-seeland.ch\/?page_id=1417"},"modified":"2025-01-06T15:31:44","modified_gmt":"2025-01-06T14:31:44","slug":"anpassung-foerderbeitraege-kanton-bern","status":"publish","type":"page","link":"https:\/\/energieberatung-seeland.ch\/fr_ch\/anpassung-foerderbeitraege-kanton-bern\/","title":{"rendered":"Adaptation des subventions du canton de Berne"},"content":{"rendered":"<p>Les subventions dans le domaine des \u00e9nergies renouvelables et de l'efficacit\u00e9 \u00e9nerg\u00e9tique du canton de Berne ont \u00e9t\u00e9 adapt\u00e9es au <strong>01.01.2025<\/strong> wurden die F\u00f6rderbeitr\u00e4ge im Bereich Erneuerbare Energien und Energieeffizienz des Kanton Bern angepasst. Der neue &#8222;Leitfaden F\u00f6rderprogramm Kanton Bern&#8220; kann <a href=\"https:\/\/www.weu.be.ch\/content\/dam\/weu\/dokumente\/aue\/fr\/energiefoerderung\/aue-leitfaden-fr.pdf\" target=\"_blank\" rel=\"noreferrer noopener\">ici <\/a>. On y trouve toutes les conditions, les exigences suppl\u00e9mentaires ou les limitations des contributions.<\/p>\n\n\n\n<p>Les principaux changements sont d\u00e9crits ci-dessous :<\/p>\n\n\n\n<ul class=\"wp-block-list\">\n<li>La contribution pour <strong>premi\u00e8re installation d'un syst\u00e8me de distribution de chaleur<\/strong> (d'importance lors du remplacement de chauffages \u00e9lectriques d\u00e9centralis\u00e9s ou de chauffages \u00e9lectriques install\u00e9s dans le sol) a \u00e9t\u00e9 nettement augment\u00e9e :\n<ul class=\"wp-block-list\">\n<li>Jusqu'\u00e0 fin 2024, la contribution s'\u00e9levait \u00e0 CHF 3'000.- (*SRE &lt;100 m\u00b2) ou CHF 6&#039;000.- (*SRE plus de 100 m\u00b2)<\/li>\n\n\n\n<li>D\u00e9sormais, elle s'\u00e9l\u00e8ve \u00e0 CHF 15'000.- pour les b\u00e2timents d'une *SRE &lt;250 m\u00b2 et \u00e0 60 CHF\/m\u00b2 SRE pour ceux d&#039;une *SRE plus de 250 m\u00b2.<\/li>\n<\/ul>\n<\/li>\n\n\n\n<li>La contribution pour <strong>remplacement des chauffages \u00e9lectriques<\/strong> a \u00e9t\u00e9 augment\u00e9e\n<ul class=\"wp-block-list\">\n<li>Jusqu'\u00e0 la fin 2024, il \u00e9tait inf\u00e9rieur \u00e0 celui du remplacement des chauffages au mazout et au gaz.<\/li>\n\n\n\n<li>D\u00e9sormais, celle-ci a \u00e9t\u00e9 adapt\u00e9e aux contributions pour le remplacement des chauffages \u00e0 mazout et \u00e0 gaz et s'\u00e9l\u00e8ve d\u00e9sormais au m\u00eame montant <\/li>\n<\/ul>\n<\/li>\n\n\n\n<li>Le <strong>remplacement des chauffe-eau \u00e9lectriques<\/strong> n'est plus encourag\u00e9.<\/li>\n\n\n\n<li>Jusqu'\u00e0 pr\u00e9sent,<strong> <\/strong>le montant de la contribution d'encouragement pour le remplacement du chauffage \u00e9tait calcul\u00e9 et quantifi\u00e9 en fonction de la puissance du chauffage existant. D\u00e9sormais, c'est la puissance du nouveau chauffage qui d\u00e9termine le montant de la contribution d'encouragement.<\/li>\n\n\n\n<li>La contribution d'encouragement pour une <strong>a\u00e9ration du logement avec r\u00e9cup\u00e9ration de chaleur lors de la r\u00e9novation d'un b\u00e2timent<\/strong> est supprim\u00e9e.<\/li>\n\n\n\n<li>Les contributions d'encouragement lors de <strong>l'augmentation de la classe CECB<\/strong> (r\u00e9novation des b\u00e2timents) ont \u00e9t\u00e9 l\u00e9g\u00e8rement r\u00e9duites. D\u00e9sormais, le <strong>bonus d'efficacit\u00e9 <\/strong>est uniquement li\u00e9 \u00e0 la classe d'efficacit\u00e9 de l'enveloppe du b\u00e2timent atteinte (la classe d'efficacit\u00e9 \u00e9nerg\u00e9tique globale n'est plus pertinente pour le bonus d'efficacit\u00e9). Parall\u00e8lement, le bonus d'efficacit\u00e9 a \u00e9t\u00e9 augment\u00e9.<\/li>\n<\/ul>\n\n\n\n<p><strong>*SRE: Surface de r\u00e9f\u00e9rence \u00e9nerg\u00e9tique selon SIA 380<\/strong><br>Chiffre, en termes simples, la surface chauff\u00e9e, y compris les \u00e9l\u00e9ments ext\u00e9rieurs. Par approximation, la SRE est \u00e9gale \u00e0 1,15 * la surface chauff\u00e9e.<\/p>\n\n\n\n<p><\/p>","protected":false},"excerpt":{"rendered":"<p>Per 01.01.2025 wurden die F\u00f6rderbeitr\u00e4ge im Bereich Erneuerbare Energien und Energieeffizienz des Kanton Bern angepasst. Der neue &#8222;Leitfaden F\u00f6rderprogramm Kanton Bern&#8220; kann hier heruntergeladen werden. In diesem finden sich alle Bedingungen, zus\u00e4tzliche Anforderungen oder Limitierungen der Beitr\u00e4ge. Unterstehend werden die wichtigsten \u00c4nderungen beschrieben: *EBF: Energiebezugsfl\u00e4che gem\u00e4ss SIA 380Beziffert vereinfach formuliert die beheizte Fl\u00e4che inkl. Aussenbauteile. [&hellip;]<\/p>\n","protected":false},"author":2,"featured_media":0,"parent":0,"menu_order":0,"comment_status":"closed","ping_status":"closed","template":"","meta":{"_uag_custom_page_level_css":"","site-sidebar-layout":"default","site-content-layout":"","ast-site-content-layout":"default","site-content-style":"default","site-sidebar-style":"default","ast-global-header-display":"","ast-banner-title-visibility":"","ast-main-header-display":"","ast-hfb-above-header-display":"","ast-hfb-below-header-display":"","ast-hfb-mobile-header-display":"","site-post-title":"","ast-breadcrumbs-content":"","ast-featured-img":"","footer-sml-layout":"","ast-disable-related-posts":"","theme-transparent-header-meta":"","adv-header-id-meta":"","stick-header-meta":"","header-above-stick-meta":"","header-main-stick-meta":"","header-below-stick-meta":"","astra-migrate-meta-layouts":"set","ast-page-background-enabled":"default","ast-page-background-meta":{"desktop":{"background-color":"var(--ast-global-color-4)","background-image":"","background-repeat":"repeat","background-position":"center center","background-size":"auto","background-attachment":"scroll","background-type":"","background-media":"","overlay-type":"","overlay-color":"","overlay-opacity":"","overlay-gradient":""},"tablet":{"background-color":"","background-image":"","background-repeat":"repeat","background-position":"center center","background-size":"auto","background-attachment":"scroll","background-type":"","background-media":"","overlay-type":"","overlay-color":"","overlay-opacity":"","overlay-gradient":""},"mobile":{"background-color":"","background-image":"","background-repeat":"repeat","background-position":"center center","background-size":"auto","background-attachment":"scroll","background-type":"","background-media":"","overlay-type":"","overlay-color":"","overlay-opacity":"","overlay-gradient":""}},"ast-content-background-meta":{"desktop":{"background-color":"var(--ast-global-color-5)","background-image":"","background-repeat":"repeat","background-position":"center center","background-size":"auto","background-attachment":"scroll","background-type":"","background-media":"","overlay-type":"","overlay-color":"","overlay-opacity":"","overlay-gradient":""},"tablet":{"background-color":"var(--ast-global-color-5)","background-image":"","background-repeat":"repeat","background-position":"center center","background-size":"auto","background-attachment":"scroll","background-type":"","background-media":"","overlay-type":"","overlay-color":"","overlay-opacity":"","overlay-gradient":""},"mobile":{"background-color":"var(--ast-global-color-5)","background-image":"","background-repeat":"repeat","background-position":"center center","background-size":"auto","background-attachment":"scroll","background-type":"","background-media":"","overlay-type":"","overlay-color":"","overlay-opacity":"","overlay-gradient":""}},"footnotes":""},"class_list":["post-1417","page","type-page","status-publish","hentry"],"uagb_featured_image_src":{"full":false,"thumbnail":false,"medium":false,"medium_large":false,"large":false,"1536x1536":false,"2048x2048":false,"trp-custom-language-flag":false},"uagb_author_info":{"display_name":"Beat Bachmann","author_link":"https:\/\/energieberatung-seeland.ch\/fr_ch\/author\/lehnherre\/"},"uagb_comment_info":0,"uagb_excerpt":"Per 01.01.2025 wurden die F\u00f6rderbeitr\u00e4ge im Bereich Erneuerbare Energien und Energieeffizienz des Kanton Bern angepasst. Der neue &#8222;Leitfaden F\u00f6rderprogramm Kanton Bern&#8220; kann hier heruntergeladen werden. In diesem finden sich alle Bedingungen, zus\u00e4tzliche Anforderungen oder Limitierungen der Beitr\u00e4ge. Unterstehend werden die wichtigsten \u00c4nderungen beschrieben: *EBF: Energiebezugsfl\u00e4che gem\u00e4ss SIA 380Beziffert vereinfach formuliert die beheizte Fl\u00e4che inkl. Aussenbauteile.\u2026","_links":{"self":[{"href":"https:\/\/energieberatung-seeland.ch\/fr_ch\/wp-json\/wp\/v2\/pages\/1417","targetHints":{"allow":["GET"]}}],"collection":[{"href":"https:\/\/energieberatung-seeland.ch\/fr_ch\/wp-json\/wp\/v2\/pages"}],"about":[{"href":"https:\/\/energieberatung-seeland.ch\/fr_ch\/wp-json\/wp\/v2\/types\/page"}],"author":[{"embeddable":true,"href":"https:\/\/energieberatung-seeland.ch\/fr_ch\/wp-json\/wp\/v2\/users\/2"}],"replies":[{"embeddable":true,"href":"https:\/\/energieberatung-seeland.ch\/fr_ch\/wp-json\/wp\/v2\/comments?post=1417"}],"version-history":[{"count":2,"href":"https:\/\/energieberatung-seeland.ch\/fr_ch\/wp-json\/wp\/v2\/pages\/1417\/revisions"}],"predecessor-version":[{"id":1420,"href":"https:\/\/energieberatung-seeland.ch\/fr_ch\/wp-json\/wp\/v2\/pages\/1417\/revisions\/1420"}],"wp:attachment":[{"href":"https:\/\/energieberatung-seeland.ch\/fr_ch\/wp-json\/wp\/v2\/media?parent=1417"}],"curies":[{"name":"wp","href":"https:\/\/api.w.org\/{rel}","templated":true}]}}