{"id":1525,"date":"2025-01-27T14:47:53","date_gmt":"2025-01-27T13:47:53","guid":{"rendered":"https:\/\/energieberatung-seeland.ch\/?page_id=1525"},"modified":"2025-01-27T14:47:55","modified_gmt":"2025-01-27T13:47:55","slug":"neues-beratungsangebot-vorabklaerung-des-nah-und-fernwaermepotentials","status":"publish","type":"page","link":"https:\/\/energieberatung-seeland.ch\/fr_ch\/neues-beratungsangebot-vorabklaerung-des-nah-und-fernwaermepotentials\/","title":{"rendered":"Nouvelle offre de conseil : \u00e9valuation pr\u00e9alable du potentiel de chauffage local et \u00e0 distance"},"content":{"rendered":"<p>Le service public de conseil en \u00e9nergie du Seeland a une nouvelle offre de conseil pour les communes : <strong>Conseil en mati\u00e8re de proc\u00e9dure pour le remplacement du chauffage de b\u00e2timents appartenant \u00e0 la commune, y compris \u00e9tude pr\u00e9alable du potentiel de chauffage local et \u00e0 distance<\/strong>.<\/p>\n\n\n\n<p>Nous avons \u00e9labor\u00e9 une nouvelle offre \u00e0 cet effet, qui comprend l'examen des variantes possibles et de la rentabilit\u00e9 des projets de remplacement du chauffage pour les b\u00e2timents appartenant \u00e0 la commune. Ce conseil en mati\u00e8re de proc\u00e9dure vous propose une liste de contr\u00f4le plus ou moins d\u00e9taill\u00e9e selon la complexit\u00e9 du projet ainsi que, pour la phase d'\u00e9tude pr\u00e9liminaire, un rapport succinct contenant les principaux points cl\u00e9s (estimation sommaire des co\u00fbts &amp; calendrier, prestations des planificateurs, etc.) pour une initiation de projet en toute connaissance de cause. <\/p>\n\n\n\n<p>Nous v\u00e9rifions \u00e9galement, en particulier pour les grandes centrales de chauffage, s'il existe actuellement ou \u00e0 l'avenir <strong>un potentiel important pour le lancement d'un r\u00e9seau de chauffage local ou \u00e0 distance.<\/strong> N'h\u00e9sitez pas \u00e0 nous contacter et nous discuterons volontiers avec vous des d\u00e9tails et de la suite de la proc\u00e9dure.<\/p>\n\n\n\n<p><\/p>","protected":false},"excerpt":{"rendered":"<p>Die \u00f6ffentliche Energieberatung Seeland hat ein neues Beratungsangebot f\u00fcr Gemeinden: Vorgehensberatung f\u00fcr den Heizungsersatz von gemeindeeigenen Geb\u00e4uden inkl. Vorabkl\u00e4rung des Nah- und Fernw\u00e4rmepotentials. Wir haben dazu ein neues Angebot erarbeitet, welches die Pr\u00fcfung der m\u00f6glichen Varianten und der Wirtschaftlichkeit von Heizungsersatzprojekten f\u00fcr gemeindeeigene Geb\u00e4ude umfasst. Diese Vorgehensberatung bietet Ihnen je nach Komplexit\u00e4t des Projektes eine [&hellip;]<\/p>\n","protected":false},"author":2,"featured_media":0,"parent":0,"menu_order":0,"comment_status":"closed","ping_status":"closed","template":"","meta":{"_uag_custom_page_level_css":"","site-sidebar-layout":"default","site-content-layout":"","ast-site-content-layout":"default","site-content-style":"default","site-sidebar-style":"default","ast-global-header-display":"","ast-banner-title-visibility":"","ast-main-header-display":"","ast-hfb-above-header-display":"","ast-hfb-below-header-display":"","ast-hfb-mobile-header-display":"","site-post-title":"","ast-breadcrumbs-content":"","ast-featured-img":"","footer-sml-layout":"","ast-disable-related-posts":"","theme-transparent-header-meta":"","adv-header-id-meta":"","stick-header-meta":"","header-above-stick-meta":"","header-main-stick-meta":"","header-below-stick-meta":"","astra-migrate-meta-layouts":"set","ast-page-background-enabled":"default","ast-page-background-meta":{"desktop":{"background-color":"var(--ast-global-color-4)","background-image":"","background-repeat":"repeat","background-position":"center center","background-size":"auto","background-attachment":"scroll","background-type":"","background-media":"","overlay-type":"","overlay-color":"","overlay-opacity":"","overlay-gradient":""},"tablet":{"background-color":"","background-image":"","background-repeat":"repeat","background-position":"center center","background-size":"auto","background-attachment":"scroll","background-type":"","background-media":"","overlay-type":"","overlay-color":"","overlay-opacity":"","overlay-gradient":""},"mobile":{"background-color":"","background-image":"","background-repeat":"repeat","background-position":"center center","background-size":"auto","background-attachment":"scroll","background-type":"","background-media":"","overlay-type":"","overlay-color":"","overlay-opacity":"","overlay-gradient":""}},"ast-content-background-meta":{"desktop":{"background-color":"var(--ast-global-color-5)","background-image":"","background-repeat":"repeat","background-position":"center center","background-size":"auto","background-attachment":"scroll","background-type":"","background-media":"","overlay-type":"","overlay-color":"","overlay-opacity":"","overlay-gradient":""},"tablet":{"background-color":"var(--ast-global-color-5)","background-image":"","background-repeat":"repeat","background-position":"center center","background-size":"auto","background-attachment":"scroll","background-type":"","background-media":"","overlay-type":"","overlay-color":"","overlay-opacity":"","overlay-gradient":""},"mobile":{"background-color":"var(--ast-global-color-5)","background-image":"","background-repeat":"repeat","background-position":"center center","background-size":"auto","background-attachment":"scroll","background-type":"","background-media":"","overlay-type":"","overlay-color":"","overlay-opacity":"","overlay-gradient":""}},"footnotes":""},"class_list":["post-1525","page","type-page","status-publish","hentry"],"uagb_featured_image_src":{"full":false,"thumbnail":false,"medium":false,"medium_large":false,"large":false,"1536x1536":false,"2048x2048":false,"trp-custom-language-flag":false},"uagb_author_info":{"display_name":"Beat Bachmann","author_link":"https:\/\/energieberatung-seeland.ch\/fr_ch\/author\/lehnherre\/"},"uagb_comment_info":0,"uagb_excerpt":"Die \u00f6ffentliche Energieberatung Seeland hat ein neues Beratungsangebot f\u00fcr Gemeinden: Vorgehensberatung f\u00fcr den Heizungsersatz von gemeindeeigenen Geb\u00e4uden inkl. Vorabkl\u00e4rung des Nah- und Fernw\u00e4rmepotentials. Wir haben dazu ein neues Angebot erarbeitet, welches die Pr\u00fcfung der m\u00f6glichen Varianten und der Wirtschaftlichkeit von Heizungsersatzprojekten f\u00fcr gemeindeeigene Geb\u00e4ude umfasst. Diese Vorgehensberatung bietet Ihnen je nach Komplexit\u00e4t des Projektes eine\u2026","_links":{"self":[{"href":"https:\/\/energieberatung-seeland.ch\/fr_ch\/wp-json\/wp\/v2\/pages\/1525","targetHints":{"allow":["GET"]}}],"collection":[{"href":"https:\/\/energieberatung-seeland.ch\/fr_ch\/wp-json\/wp\/v2\/pages"}],"about":[{"href":"https:\/\/energieberatung-seeland.ch\/fr_ch\/wp-json\/wp\/v2\/types\/page"}],"author":[{"embeddable":true,"href":"https:\/\/energieberatung-seeland.ch\/fr_ch\/wp-json\/wp\/v2\/users\/2"}],"replies":[{"embeddable":true,"href":"https:\/\/energieberatung-seeland.ch\/fr_ch\/wp-json\/wp\/v2\/comments?post=1525"}],"version-history":[{"count":1,"href":"https:\/\/energieberatung-seeland.ch\/fr_ch\/wp-json\/wp\/v2\/pages\/1525\/revisions"}],"predecessor-version":[{"id":1528,"href":"https:\/\/energieberatung-seeland.ch\/fr_ch\/wp-json\/wp\/v2\/pages\/1525\/revisions\/1528"}],"wp:attachment":[{"href":"https:\/\/energieberatung-seeland.ch\/fr_ch\/wp-json\/wp\/v2\/media?parent=1525"}],"curies":[{"name":"wp","href":"https:\/\/api.w.org\/{rel}","templated":true}]}}