{"id":1533,"date":"2025-01-27T15:28:26","date_gmt":"2025-01-27T14:28:26","guid":{"rendered":"https:\/\/energieberatung-seeland.ch\/?page_id=1533"},"modified":"2025-01-27T15:28:28","modified_gmt":"2025-01-27T14:28:28","slug":"neues-stromgesetz-die-wichtigsten-fakten-und-dokumente","status":"publish","type":"page","link":"https:\/\/energieberatung-seeland.ch\/fr_ch\/neues-stromgesetz-die-wichtigsten-fakten-und-dokumente\/","title":{"rendered":"Neues Stromgesetz: die wichtigsten Fakten und Dokumente"},"content":{"rendered":"<p>Am 9. Juni 2024 hat die Schweizer Stimmbev\u00f6lkerung das &#8222;Bundesgesetz \u00fcber eine sichere Stromversorgung mit erneuerbaren Energien&#8220; mit einem Ja-Anteil von 68.7% angenommen. Die Vorlage schafft die Grundlagen, um in der Schweiz rasch mehr Strom aus erneuerbaren Energiequellen wie Wasser, Sonne, Wind oder Biomasse zu produzieren. Das verringert sowohl die Abh\u00e4ngigkeit von Energieimporten als auch das Risiko von kritischen Versorgungslagen. Die Vorlage umfasst sowohl F\u00f6rderinstrumente als auch neue Regelungen f\u00fcr Produktion, Transport, Speicherung und Verbrauch von Strom und sie f\u00fchrt eine obligatorische Wasserkraftreserve ein.<\/p>\n\n\n\n<p>Wir beschreiben die wichtigsten \u00c4nderungen und verlinken die wichtigsten Dokumente zu diesem Thema:<\/p>\n\n\n\n<p><strong>Neue M\u00f6glichkeiten zur Nutzung selbst erzeugter Elektrizit\u00e4t<\/strong><br>Ab Januar 2025 gibt es, mit dem Inkrafttreten der neuen Verordnung, neu die M\u00f6glichkeit, das \u00f6ffentliche Netz innerhalb des Zusammenschlusses zum Eigenverbrauch (ZEV) zu nutzen. Zudem ist es nicht mehr n\u00f6tig, die Z\u00e4hlerinfrastruktur umzubauen und private Z\u00e4hler zu kaufen &#8211; mit dem neuen virtuellen ZEV (vZEV) k\u00f6nnen die Z\u00e4hler des Elektrizit\u00e4tsversorgers weiterhin genutzt werden. Bedingung ist, dass intelligente Z\u00e4hler (Smart-Meter) verbaut sind, sodass der Strom korrekt zugeordnet und abgerechnet werden kann.<br><br>Ab Januar 2026 kommt eine weitere M\u00f6glichkeit zur Eigenverbrauchs-Optimierung hinzu: die <strong>Lokale Elektrizit\u00e4tsgemeinschaft (LEG)<\/strong>. Bei der LEG kann der selbst erzeugte Strom nicht nur innerhalb eines Geb\u00e4udes oder innerhalb einer direkten Nachbarschaft verbraucht werden, sondern es k\u00f6nnen auch nicht benachbarte Geb\u00e4ude innerhalb der selben Gemeinde zu einer Verbrauchsgemeinschaft zusammengeschlossen werden.<\/p>\n\n\n\n<p><strong>Erh\u00f6hung der Versorgungssicherheit dank gesetzlicher Energiereserve<\/strong><br>Im neuen Bundesgesetz wird viel Wert gelegt auf die Versorgungssicherheit und den Ausbau erneuerbarer Energien. Zur kurzfristigen Absicherung gegen kritische Versorgungsengp\u00e4sse, wie beispielsweise einer drohenden Strommangellage, wird k\u00fcnftig eine Energiereserve f\u00fcr den Winter gebildet. Dazu wird seit diesem Jahr zur Sicherstellung der Versorgungssicherheit schweizweit bei allen Kundinnen und Kunden innerhalb des Stromtarifs eine Abgabe zur Winterstromreserve erhoben. <\/p>\n\n\n\n<p><strong>Ausbau erneuerbarer Energien f\u00fcr mehr Winterstrom<\/strong><br>Um die Versorgungssicherheit im Winter zu gew\u00e4hrleisten, soll der Ausbau erneuerbarer Energien beschleunigt werden. Bis 2040 sind 6 zus\u00e4tzliche TWh geplant, davon 2 TWh im Winter \u2013 hierf\u00fcr wurden 16 Wasserkraftwerke priorisiert.<br><br>Zus\u00e4tzlich soll bis 2035 sechsmal mehr Strom aus Photovoltaikanlagen produziert werden als zum jetzigen Zeitpunkt. Um dies zu erreichen ist eine Verdopplung des derzeitigen Zubaus notwendig. Im Kanton Bern gilt bereits eine Pflicht zur Nutzung von Sonnenenergie f\u00fcr Neubauten aller Art mit einer Geb\u00e4udefl\u00e4che von 300 m2 und mehr. Nationale Grossprojekte wie Speicher- und  Pumpspeicherkraftwerke, Solar- und Windanlagen sowie Elektrolyseure und Methanisierungsanlagen haben nun Vorrang vor kantonalen, regionalen und lokalen Interessen. Die Finanzierung der F\u00f6rdersysteme f\u00fcr den Ausbau erneuerbarer Energien ist bis 2035 befristet.<\/p>\n\n\n\n<p><\/p>\n\n\n\n<ul class=\"wp-block-list\">\n<li><a href=\"https:\/\/www.bfe.admin.ch\/bfe\/de\/home\/versorgung\/stromversorgung\/bundesgesetz-erneuerbare-stromversorgung.exturl.html\/aHR0cHM6Ly9wdWJkYi5iZmUuYWRtaW4uY2gvZGUvcHVibGljYX\/Rpb24vZG93bmxvYWQvMTE5MTM=.html\" target=\"_blank\" rel=\"noreferrer noopener\">Faktenblatt: Neuerungen im Energierecht ab 2025<\/a><\/li>\n<\/ul>\n\n\n\n<p><\/p>","protected":false},"excerpt":{"rendered":"<p>Am 9. Juni 2024 hat die Schweizer Stimmbev\u00f6lkerung das &#8222;Bundesgesetz \u00fcber eine sichere Stromversorgung mit erneuerbaren Energien&#8220; mit einem Ja-Anteil von 68.7% angenommen. Die Vorlage schafft die Grundlagen, um in der Schweiz rasch mehr Strom aus erneuerbaren Energiequellen wie Wasser, Sonne, Wind oder Biomasse zu produzieren. Das verringert sowohl die Abh\u00e4ngigkeit von Energieimporten als auch [&hellip;]<\/p>\n","protected":false},"author":2,"featured_media":0,"parent":0,"menu_order":0,"comment_status":"closed","ping_status":"closed","template":"","meta":{"_uag_custom_page_level_css":"","site-sidebar-layout":"default","site-content-layout":"","ast-site-content-layout":"default","site-content-style":"default","site-sidebar-style":"default","ast-global-header-display":"","ast-banner-title-visibility":"","ast-main-header-display":"","ast-hfb-above-header-display":"","ast-hfb-below-header-display":"","ast-hfb-mobile-header-display":"","site-post-title":"","ast-breadcrumbs-content":"","ast-featured-img":"","footer-sml-layout":"","ast-disable-related-posts":"","theme-transparent-header-meta":"","adv-header-id-meta":"","stick-header-meta":"","header-above-stick-meta":"","header-main-stick-meta":"","header-below-stick-meta":"","astra-migrate-meta-layouts":"set","ast-page-background-enabled":"default","ast-page-background-meta":{"desktop":{"background-color":"var(--ast-global-color-4)","background-image":"","background-repeat":"repeat","background-position":"center center","background-size":"auto","background-attachment":"scroll","background-type":"","background-media":"","overlay-type":"","overlay-color":"","overlay-opacity":"","overlay-gradient":""},"tablet":{"background-color":"","background-image":"","background-repeat":"repeat","background-position":"center center","background-size":"auto","background-attachment":"scroll","background-type":"","background-media":"","overlay-type":"","overlay-color":"","overlay-opacity":"","overlay-gradient":""},"mobile":{"background-color":"","background-image":"","background-repeat":"repeat","background-position":"center center","background-size":"auto","background-attachment":"scroll","background-type":"","background-media":"","overlay-type":"","overlay-color":"","overlay-opacity":"","overlay-gradient":""}},"ast-content-background-meta":{"desktop":{"background-color":"var(--ast-global-color-5)","background-image":"","background-repeat":"repeat","background-position":"center center","background-size":"auto","background-attachment":"scroll","background-type":"","background-media":"","overlay-type":"","overlay-color":"","overlay-opacity":"","overlay-gradient":""},"tablet":{"background-color":"var(--ast-global-color-5)","background-image":"","background-repeat":"repeat","background-position":"center center","background-size":"auto","background-attachment":"scroll","background-type":"","background-media":"","overlay-type":"","overlay-color":"","overlay-opacity":"","overlay-gradient":""},"mobile":{"background-color":"var(--ast-global-color-5)","background-image":"","background-repeat":"repeat","background-position":"center center","background-size":"auto","background-attachment":"scroll","background-type":"","background-media":"","overlay-type":"","overlay-color":"","overlay-opacity":"","overlay-gradient":""}},"footnotes":""},"class_list":["post-1533","page","type-page","status-publish","hentry"],"uagb_featured_image_src":{"full":false,"thumbnail":false,"medium":false,"medium_large":false,"large":false,"1536x1536":false,"2048x2048":false,"trp-custom-language-flag":false},"uagb_author_info":{"display_name":"Beat Bachmann","author_link":"https:\/\/energieberatung-seeland.ch\/fr_ch\/author\/lehnherre\/"},"uagb_comment_info":0,"uagb_excerpt":"Am 9. Juni 2024 hat die Schweizer Stimmbev\u00f6lkerung das &#8222;Bundesgesetz \u00fcber eine sichere Stromversorgung mit erneuerbaren Energien&#8220; mit einem Ja-Anteil von 68.7% angenommen. Die Vorlage schafft die Grundlagen, um in der Schweiz rasch mehr Strom aus erneuerbaren Energiequellen wie Wasser, Sonne, Wind oder Biomasse zu produzieren. Das verringert sowohl die Abh\u00e4ngigkeit von Energieimporten als auch\u2026","_links":{"self":[{"href":"https:\/\/energieberatung-seeland.ch\/fr_ch\/wp-json\/wp\/v2\/pages\/1533","targetHints":{"allow":["GET"]}}],"collection":[{"href":"https:\/\/energieberatung-seeland.ch\/fr_ch\/wp-json\/wp\/v2\/pages"}],"about":[{"href":"https:\/\/energieberatung-seeland.ch\/fr_ch\/wp-json\/wp\/v2\/types\/page"}],"author":[{"embeddable":true,"href":"https:\/\/energieberatung-seeland.ch\/fr_ch\/wp-json\/wp\/v2\/users\/2"}],"replies":[{"embeddable":true,"href":"https:\/\/energieberatung-seeland.ch\/fr_ch\/wp-json\/wp\/v2\/comments?post=1533"}],"version-history":[{"count":1,"href":"https:\/\/energieberatung-seeland.ch\/fr_ch\/wp-json\/wp\/v2\/pages\/1533\/revisions"}],"predecessor-version":[{"id":1535,"href":"https:\/\/energieberatung-seeland.ch\/fr_ch\/wp-json\/wp\/v2\/pages\/1533\/revisions\/1535"}],"wp:attachment":[{"href":"https:\/\/energieberatung-seeland.ch\/fr_ch\/wp-json\/wp\/v2\/media?parent=1533"}],"curies":[{"name":"wp","href":"https:\/\/api.w.org\/{rel}","templated":true}]}}