{"id":855,"date":"2024-04-22T10:15:12","date_gmt":"2024-04-22T08:15:12","guid":{"rendered":"https:\/\/energieberatung-seeland.ch\/?page_id=855"},"modified":"2025-02-04T09:59:20","modified_gmt":"2025-02-04T08:59:20","slug":"heizung","status":"publish","type":"page","link":"https:\/\/energieberatung-seeland.ch\/fr_ch\/heizung\/","title":{"rendered":"Chauffage"},"content":{"rendered":"<p>Vous pr\u00e9voyez de remplacer votre chauffage ou vous souhaitez en savoir plus sur le th\u00e8me du chauffage ? Vous trouverez ici des informations et des liens utiles sur le th\u00e8me du chauffage et du remplacement du chauffage. Vous trouverez des informations sur les subventions sous \"<a href=\"https:\/\/energieberatung-seeland.ch\/fr_ch\/foerdergelder\/\" data-type=\"page\" data-id=\"774\">Subventions \/ Programmes de subventions<\/a>&#8222;. <\/p>\n\n\n\n<ul class=\"wp-block-list\">\n<li><a href=\"https:\/\/energieberatung-seeland.ch\/wp-content\/uploads\/2025\/02\/Vollzugshilfe-Waermeerzeugerersatz_fr.pdf\" target=\"_blank\" rel=\"noreferrer noopener\">\u00abAide \u00e0 l\u2019application pour le remplacement de g\u00e9n\u00e9rateurs de chaleur\u00bb<\/a><\/li>\n\n\n\n<li><a href=\"https:\/\/energieberatung-seeland.ch\/wp-content\/uploads\/2024\/04\/Un-chauffage-durable-pour-ma-maison.pdf\" target=\"_blank\" rel=\"noreferrer noopener\">Remplacer un chauffage au mazout ou au gaz ? La bonne mani\u00e8re de proc\u00e9der<\/a><\/li>\n\n\n\n<li><a href=\"https:\/\/www.uvek-gis.admin.ch\/BFE\/kann-ich-bohren\/?lang=fr\" target=\"_blank\" rel=\"noreferrer noopener\">Puis-je forer afin d\u2019installer une sonde g\u00e9othermique pour mon b\u00e2timent?<\/a><\/li>\n\n\n\n<li><a href=\"https:\/\/www.wp-systemmodul.ch\/de\/page\/Installateure-Planer\/Qualifizierte-Installateure-und-Planer-73359\" target=\"_blank\" rel=\"noreferrer noopener\">Planificateurs et installateurs qualifi\u00e9s pour les syst\u00e8mes de pompes \u00e0 chaleur<\/a><\/li>\n\n\n\n<li><a href=\"https:\/\/www.wp-systemmodul.ch\/fr\/\" target=\"_blank\" rel=\"noreferrer noopener\">PAC syst\u00e8me-module<\/a><\/li>\n\n\n\n<li><a href=\"https:\/\/www.energie-bois.ch\/?_gl=1*5udt47*_ga*MjAwODkxNzk2Ny4xNzEzNzc0NDQ2*_ga_WRY6LQMLJR*MTcxMzc3ODEwMy4yLjEuMTcxMzc3ODUyMS4wLjAuMA..\" target=\"_blank\" rel=\"noreferrer noopener\">Energie-bois Suisse<\/a><\/li>\n\n\n\n<li><a href=\"https:\/\/www.chauffezrenouvelable.ch\/\" target=\"_blank\" rel=\"noreferrer noopener\">Votre nouveau chauffage \u00e0 \u00e9nergie renouvelable<\/a><\/li>\n\n\n\n<li><a href=\"https:\/\/chauffezrenouvelable.ch\/calculateurdescouts\/\" target=\"_blank\" rel=\"noreferrer noopener\">Calculateur des co\u00fbts de chauffage<\/a> de chauffezrenouvable<\/li>\n\n\n\n<li><a href=\"https:\/\/energieberatung-seeland.ch\/wp-content\/uploads\/2024\/04\/ESB_Waermeverbund_Broschuere_f.pdf\" target=\"_blank\" rel=\"noreferrer noopener\">R\u00e9seau thermique ESB<\/a><\/li>\n\n\n\n<li><a href=\"https:\/\/energieberatung-seeland.ch\/wp-content\/uploads\/2024\/04\/Fiche-dinformation-reseaux-thermiques.pdf\" target=\"_blank\" rel=\"noreferrer noopener\">Fiche d'information r\u00e9seaux thermiques<\/a><\/li>\n<\/ul>\n\n\n\n<div class=\"wp-block-uagb-container uagb-block-87f58017 alignfull uagb-is-root-container\"><div class=\"uagb-container-inner-blocks-wrap\">\n<div class=\"wp-block-uagb-container uagb-block-6efa7211\">\n<div class=\"wp-block-uagb-image uagb-block-d4e6a764 wp-block-uagb-image--layout-default wp-block-uagb-image--effect-static wp-block-uagb-image--align-none\"><figure class=\"wp-block-uagb-image__figure\"><a class=\"\" href=\"https:\/\/energieberatung-seeland.ch\/wp-content\/uploads\/2024\/04\/Un-chauffage-durable-pour-ma-maison.pdf\" target=\"_blank\" rel=\"noreferrer noopener\"><img loading=\"lazy\" decoding=\"async\" srcset=\"https:\/\/energieberatung-seeland.ch\/wp-content\/uploads\/2024\/04\/Un-chauffage-durable-pour-ma-maison-1_page-0001.jpg 1749w, https:\/\/energieberatung-seeland.ch\/wp-content\/uploads\/2024\/04\/Un-chauffage-durable-pour-ma-maison-1_page-0001-211x300.jpg 211w, https:\/\/energieberatung-seeland.ch\/wp-content\/uploads\/2024\/04\/Un-chauffage-durable-pour-ma-maison-1_page-0001-722x1024.jpg 722w, https:\/\/energieberatung-seeland.ch\/wp-content\/uploads\/2024\/04\/Un-chauffage-durable-pour-ma-maison-1_page-0001-768x1089.jpg 768w, https:\/\/energieberatung-seeland.ch\/wp-content\/uploads\/2024\/04\/Un-chauffage-durable-pour-ma-maison-1_page-0001-1083x1536.jpg 1083w, https:\/\/energieberatung-seeland.ch\/wp-content\/uploads\/2024\/04\/Un-chauffage-durable-pour-ma-maison-1_page-0001-1444x2048.jpg 1444w, https:\/\/energieberatung-seeland.ch\/wp-content\/uploads\/2024\/04\/Un-chauffage-durable-pour-ma-maison-1_page-0001-8x12.jpg 8w\" sizes=\"auto, (max-width: 480px) 150px\" src=\"https:\/\/energieberatung-seeland.ch\/wp-content\/uploads\/2024\/04\/Un-chauffage-durable-pour-ma-maison-1_page-0001.jpg\" alt=\"Eine zukunftsf\u00e4hige Heizung f\u00fcr mein Haus\" class=\"uag-image-876\" width=\"722\" height=\"1024\" title=\"Un chauffage durable pour ma maison\" role=\"img\"\/><\/a><\/figure><\/div>\n<\/div>\n\n\n\n<div class=\"wp-block-uagb-container uagb-block-738c09cc\">\n<div class=\"wp-block-uagb-image uagb-block-c5ddcf41 wp-block-uagb-image--layout-default wp-block-uagb-image--effect-static wp-block-uagb-image--align-none\"><figure class=\"wp-block-uagb-image__figure\"><a class=\"\" href=\"https:\/\/energieberatung-seeland.ch\/wp-content\/uploads\/2024\/04\/Les-pompes-a-chaleur.pdf\" target=\"_blank\" rel=\"noreferrer noopener\"><img loading=\"lazy\" decoding=\"async\" srcset=\"https:\/\/energieberatung-seeland.ch\/wp-content\/uploads\/2024\/04\/Les-pompes-a-chaleur-1_page-0001-scaled.jpg 1811w, https:\/\/energieberatung-seeland.ch\/wp-content\/uploads\/2024\/04\/Les-pompes-a-chaleur-1_page-0001-212x300.jpg 212w, https:\/\/energieberatung-seeland.ch\/wp-content\/uploads\/2024\/04\/Les-pompes-a-chaleur-1_page-0001-724x1024.jpg 724w, https:\/\/energieberatung-seeland.ch\/wp-content\/uploads\/2024\/04\/Les-pompes-a-chaleur-1_page-0001-768x1086.jpg 768w, https:\/\/energieberatung-seeland.ch\/wp-content\/uploads\/2024\/04\/Les-pompes-a-chaleur-1_page-0001-1086x1536.jpg 1086w, https:\/\/energieberatung-seeland.ch\/wp-content\/uploads\/2024\/04\/Les-pompes-a-chaleur-1_page-0001-1448x2048.jpg 1448w, https:\/\/energieberatung-seeland.ch\/wp-content\/uploads\/2024\/04\/Les-pompes-a-chaleur-1_page-0001-8x12.jpg 8w\" sizes=\"auto, (max-width: 480px) 150px\" src=\"https:\/\/energieberatung-seeland.ch\/wp-content\/uploads\/2024\/04\/Les-pompes-a-chaleur-1_page-0001-scaled.jpg\" alt=\"W\u00e4rmepumpenheizung\" class=\"uag-image-871\" width=\"724\" height=\"1024\" title=\"Les pompes \u00e0 chaleur\" role=\"img\"\/><\/a><\/figure><\/div>\n<\/div>\n\n\n\n<div class=\"wp-block-uagb-container uagb-block-13554c95\">\n<div class=\"wp-block-uagb-image uagb-block-985c0862 wp-block-uagb-image--layout-default wp-block-uagb-image--effect-static wp-block-uagb-image--align-none\"><figure class=\"wp-block-uagb-image__figure\"><a class=\"\" href=\"https:\/\/energieberatung-seeland.ch\/wp-content\/uploads\/2024\/04\/Remplacement-des-chauffages-electriques-dans-les-habitations.pdf\" target=\"_blank\" rel=\"noreferrer noopener\"><img loading=\"lazy\" decoding=\"async\" srcset=\"https:\/\/energieberatung-seeland.ch\/wp-content\/uploads\/2024\/04\/8059-805.160-ECH_Bro_Elektroheizung_A5_F_WEB-1_page-0001.jpg 1749w, https:\/\/energieberatung-seeland.ch\/wp-content\/uploads\/2024\/04\/8059-805.160-ECH_Bro_Elektroheizung_A5_F_WEB-1_page-0001-211x300.jpg 211w, https:\/\/energieberatung-seeland.ch\/wp-content\/uploads\/2024\/04\/8059-805.160-ECH_Bro_Elektroheizung_A5_F_WEB-1_page-0001-722x1024.jpg 722w, https:\/\/energieberatung-seeland.ch\/wp-content\/uploads\/2024\/04\/8059-805.160-ECH_Bro_Elektroheizung_A5_F_WEB-1_page-0001-768x1089.jpg 768w, https:\/\/energieberatung-seeland.ch\/wp-content\/uploads\/2024\/04\/8059-805.160-ECH_Bro_Elektroheizung_A5_F_WEB-1_page-0001-1083x1536.jpg 1083w, https:\/\/energieberatung-seeland.ch\/wp-content\/uploads\/2024\/04\/8059-805.160-ECH_Bro_Elektroheizung_A5_F_WEB-1_page-0001-1444x2048.jpg 1444w, https:\/\/energieberatung-seeland.ch\/wp-content\/uploads\/2024\/04\/8059-805.160-ECH_Bro_Elektroheizung_A5_F_WEB-1_page-0001-8x12.jpg 8w\" sizes=\"auto, (max-width: 480px) 150px\" src=\"https:\/\/energieberatung-seeland.ch\/wp-content\/uploads\/2024\/04\/8059-805.160-ECH_Bro_Elektroheizung_A5_F_WEB-1_page-0001.jpg\" alt=\"Ersatz der Elektroheizung in Wohnbauten\" class=\"uag-image-868\" width=\"722\" height=\"1024\" title=\"Remplacement des chauffages \u00e9lectriques dans les habitations\" role=\"img\"\/><\/a><\/figure><\/div>\n<\/div>\n\n\n\n<div class=\"wp-block-uagb-container uagb-block-7cbac6bc\">\n<div class=\"wp-block-uagb-image uagb-block-2e286024 wp-block-uagb-image--layout-default wp-block-uagb-image--effect-static wp-block-uagb-image--align-none\"><figure class=\"wp-block-uagb-image__figure\"><a class=\"\" href=\"https:\/\/energieberatung-seeland.ch\/wp-content\/uploads\/2024\/04\/Remplacement-des-chauffage-maisons-individuelles.pdf\" target=\"_blank\" rel=\"noreferrer noopener\"><img loading=\"lazy\" decoding=\"async\" srcset=\"https:\/\/energieberatung-seeland.ch\/wp-content\/uploads\/2024\/04\/Remplacement-des-chauffage-maisons-individuelles-1_page-0001-scaled.jpg 1811w, https:\/\/energieberatung-seeland.ch\/wp-content\/uploads\/2024\/04\/Remplacement-des-chauffage-maisons-individuelles-1_page-0001-212x300.jpg 212w, https:\/\/energieberatung-seeland.ch\/wp-content\/uploads\/2024\/04\/Remplacement-des-chauffage-maisons-individuelles-1_page-0001-724x1024.jpg 724w, https:\/\/energieberatung-seeland.ch\/wp-content\/uploads\/2024\/04\/Remplacement-des-chauffage-maisons-individuelles-1_page-0001-768x1086.jpg 768w, https:\/\/energieberatung-seeland.ch\/wp-content\/uploads\/2024\/04\/Remplacement-des-chauffage-maisons-individuelles-1_page-0001-1086x1536.jpg 1086w, https:\/\/energieberatung-seeland.ch\/wp-content\/uploads\/2024\/04\/Remplacement-des-chauffage-maisons-individuelles-1_page-0001-1448x2048.jpg 1448w, https:\/\/energieberatung-seeland.ch\/wp-content\/uploads\/2024\/04\/Remplacement-des-chauffage-maisons-individuelles-1_page-0001-8x12.jpg 8w\" sizes=\"auto, (max-width: 480px) 150px\" src=\"https:\/\/energieberatung-seeland.ch\/wp-content\/uploads\/2024\/04\/Remplacement-des-chauffage-maisons-individuelles-1_page-0001-scaled.jpg\" alt=\"Heizungsersatz EFH\" class=\"uag-image-885\" width=\"724\" height=\"1024\" title=\"Remplacement des chauffage maisons individuelles\" role=\"img\"\/><\/a><\/figure><\/div>\n<\/div>\n\n\n\n<div class=\"wp-block-uagb-container uagb-block-2701ce47\">\n<div class=\"wp-block-uagb-image uagb-block-e1331f91 wp-block-uagb-image--layout-default wp-block-uagb-image--effect-static wp-block-uagb-image--align-none\"><figure class=\"wp-block-uagb-image__figure\"><a class=\"\" href=\"https:\/\/energieberatung-seeland.ch\/wp-content\/uploads\/2024\/04\/Remplacement-du-chauffage-grands-immeubles.pdf\" target=\"_blank\" rel=\"noreferrer noopener\"><img loading=\"lazy\" decoding=\"async\" srcset=\"https:\/\/energieberatung-seeland.ch\/wp-content\/uploads\/2024\/04\/Remplacement-du-chauffage-grands-immeubles-1_page-0001-scaled.jpg 1811w, https:\/\/energieberatung-seeland.ch\/wp-content\/uploads\/2024\/04\/Remplacement-du-chauffage-grands-immeubles-1_page-0001-212x300.jpg 212w, https:\/\/energieberatung-seeland.ch\/wp-content\/uploads\/2024\/04\/Remplacement-du-chauffage-grands-immeubles-1_page-0001-724x1024.jpg 724w, https:\/\/energieberatung-seeland.ch\/wp-content\/uploads\/2024\/04\/Remplacement-du-chauffage-grands-immeubles-1_page-0001-768x1086.jpg 768w, https:\/\/energieberatung-seeland.ch\/wp-content\/uploads\/2024\/04\/Remplacement-du-chauffage-grands-immeubles-1_page-0001-1086x1536.jpg 1086w, https:\/\/energieberatung-seeland.ch\/wp-content\/uploads\/2024\/04\/Remplacement-du-chauffage-grands-immeubles-1_page-0001-1448x2048.jpg 1448w, https:\/\/energieberatung-seeland.ch\/wp-content\/uploads\/2024\/04\/Remplacement-du-chauffage-grands-immeubles-1_page-0001-8x12.jpg 8w\" sizes=\"auto, (max-width: 480px) 150px\" src=\"https:\/\/energieberatung-seeland.ch\/wp-content\/uploads\/2024\/04\/Remplacement-du-chauffage-grands-immeubles-1_page-0001-scaled.jpg\" alt=\"Heizungsersatz MFH\" class=\"uag-image-890\" width=\"724\" height=\"1024\" title=\"Remplacement du chauffage grands immeubles\" role=\"img\"\/><\/a><\/figure><\/div>\n<\/div>\n\n\n\n<div class=\"wp-block-uagb-container uagb-block-dfd919e7\">\n<div class=\"wp-block-uagb-image uagb-block-bc3360a3 wp-block-uagb-image--layout-default wp-block-uagb-image--effect-static wp-block-uagb-image--align-none\"><figure class=\"wp-block-uagb-image__figure\"><a class=\"\" href=\"https:\/\/energieberatung-seeland.ch\/wp-content\/uploads\/2024\/04\/le-chauffage-intelligent.pdf\" target=\"_blank\" rel=\"noreferrer noopener\"><img loading=\"lazy\" decoding=\"async\" srcset=\"https:\/\/energieberatung-seeland.ch\/wp-content\/uploads\/2024\/04\/le-chauffage-intelligent-1_page-0001.jpg 1749w, https:\/\/energieberatung-seeland.ch\/wp-content\/uploads\/2024\/04\/le-chauffage-intelligent-1_page-0001-211x300.jpg 211w, https:\/\/energieberatung-seeland.ch\/wp-content\/uploads\/2024\/04\/le-chauffage-intelligent-1_page-0001-722x1024.jpg 722w, https:\/\/energieberatung-seeland.ch\/wp-content\/uploads\/2024\/04\/le-chauffage-intelligent-1_page-0001-768x1089.jpg 768w, https:\/\/energieberatung-seeland.ch\/wp-content\/uploads\/2024\/04\/le-chauffage-intelligent-1_page-0001-1083x1536.jpg 1083w, https:\/\/energieberatung-seeland.ch\/wp-content\/uploads\/2024\/04\/le-chauffage-intelligent-1_page-0001-1444x2048.jpg 1444w, https:\/\/energieberatung-seeland.ch\/wp-content\/uploads\/2024\/04\/le-chauffage-intelligent-1_page-0001-8x12.jpg 8w\" sizes=\"auto, (max-width: 480px) 150px\" src=\"https:\/\/energieberatung-seeland.ch\/wp-content\/uploads\/2024\/04\/le-chauffage-intelligent-1_page-0001.jpg\" alt=\"Smart heizen\" class=\"uag-image-895\" width=\"722\" height=\"1024\" title=\"le chauffage intelligent\" role=\"img\"\/><\/a><\/figure><\/div>\n<\/div>\n<\/div><\/div>\n\n\n\n<p><\/p>\n\n\n\n<p><\/p>\n\n\n\n<p><\/p>\n\n\n\n<p><\/p>\n\n\n\n<p><\/p>\n\n\n\n<p><\/p>\n\n\n\n<p><\/p>\n\n\n\n<p><\/p>\n\n\n\n<p><\/p>","protected":false},"excerpt":{"rendered":"<p>Planen Sie einen Heizungsersatz oder m\u00f6chten Sie mehr zum Thema Heizung erfahren? Hier finden Sie n\u00fctzliche Infos und Links rund um das Thema Heizung und Heizungsersatz. Infos zu F\u00f6rderbeitr\u00e4gen finden Sie unter &#8222;F\u00f6rdergelder \/ F\u00f6rderprogramme&#8222;.<\/p>","protected":false},"author":2,"featured_media":0,"parent":0,"menu_order":0,"comment_status":"closed","ping_status":"closed","template":"","meta":{"_uag_custom_page_level_css":"","site-sidebar-layout":"default","site-content-layout":"","ast-site-content-layout":"default","site-content-style":"default","site-sidebar-style":"default","ast-global-header-display":"","ast-banner-title-visibility":"","ast-main-header-display":"","ast-hfb-above-header-display":"","ast-hfb-below-header-display":"","ast-hfb-mobile-header-display":"","site-post-title":"","ast-breadcrumbs-content":"","ast-featured-img":"","footer-sml-layout":"","ast-disable-related-posts":"","theme-transparent-header-meta":"","adv-header-id-meta":"","stick-header-meta":"","header-above-stick-meta":"","header-main-stick-meta":"","header-below-stick-meta":"","astra-migrate-meta-layouts":"set","ast-page-background-enabled":"default","ast-page-background-meta":{"desktop":{"background-color":"var(--ast-global-color-4)","background-image":"","background-repeat":"repeat","background-position":"center center","background-size":"auto","background-attachment":"scroll","background-type":"","background-media":"","overlay-type":"","overlay-color":"","overlay-opacity":"","overlay-gradient":""},"tablet":{"background-color":"","background-image":"","background-repeat":"repeat","background-position":"center center","background-size":"auto","background-attachment":"scroll","background-type":"","background-media":"","overlay-type":"","overlay-color":"","overlay-opacity":"","overlay-gradient":""},"mobile":{"background-color":"","background-image":"","background-repeat":"repeat","background-position":"center center","background-size":"auto","background-attachment":"scroll","background-type":"","background-media":"","overlay-type":"","overlay-color":"","overlay-opacity":"","overlay-gradient":""}},"ast-content-background-meta":{"desktop":{"background-color":"var(--ast-global-color-5)","background-image":"","background-repeat":"repeat","background-position":"center center","background-size":"auto","background-attachment":"scroll","background-type":"","background-media":"","overlay-type":"","overlay-color":"","overlay-opacity":"","overlay-gradient":""},"tablet":{"background-color":"var(--ast-global-color-5)","background-image":"","background-repeat":"repeat","background-position":"center center","background-size":"auto","background-attachment":"scroll","background-type":"","background-media":"","overlay-type":"","overlay-color":"","overlay-opacity":"","overlay-gradient":""},"mobile":{"background-color":"var(--ast-global-color-5)","background-image":"","background-repeat":"repeat","background-position":"center center","background-size":"auto","background-attachment":"scroll","background-type":"","background-media":"","overlay-type":"","overlay-color":"","overlay-opacity":"","overlay-gradient":""}},"footnotes":""},"class_list":["post-855","page","type-page","status-publish","hentry"],"uagb_featured_image_src":{"full":false,"thumbnail":false,"medium":false,"medium_large":false,"large":false,"1536x1536":false,"2048x2048":false,"trp-custom-language-flag":false},"uagb_author_info":{"display_name":"Beat Bachmann","author_link":"https:\/\/energieberatung-seeland.ch\/fr_ch\/author\/lehnherre\/"},"uagb_comment_info":0,"uagb_excerpt":"Planen Sie einen Heizungsersatz oder m\u00f6chten Sie mehr zum Thema Heizung erfahren? Hier finden Sie n\u00fctzliche Infos und Links rund um das Thema Heizung und Heizungsersatz. Infos zu F\u00f6rderbeitr\u00e4gen finden Sie unter &#8222;F\u00f6rdergelder \/ F\u00f6rderprogramme&#8222;.","_links":{"self":[{"href":"https:\/\/energieberatung-seeland.ch\/fr_ch\/wp-json\/wp\/v2\/pages\/855","targetHints":{"allow":["GET"]}}],"collection":[{"href":"https:\/\/energieberatung-seeland.ch\/fr_ch\/wp-json\/wp\/v2\/pages"}],"about":[{"href":"https:\/\/energieberatung-seeland.ch\/fr_ch\/wp-json\/wp\/v2\/types\/page"}],"author":[{"embeddable":true,"href":"https:\/\/energieberatung-seeland.ch\/fr_ch\/wp-json\/wp\/v2\/users\/2"}],"replies":[{"embeddable":true,"href":"https:\/\/energieberatung-seeland.ch\/fr_ch\/wp-json\/wp\/v2\/comments?post=855"}],"version-history":[{"count":11,"href":"https:\/\/energieberatung-seeland.ch\/fr_ch\/wp-json\/wp\/v2\/pages\/855\/revisions"}],"predecessor-version":[{"id":1561,"href":"https:\/\/energieberatung-seeland.ch\/fr_ch\/wp-json\/wp\/v2\/pages\/855\/revisions\/1561"}],"wp:attachment":[{"href":"https:\/\/energieberatung-seeland.ch\/fr_ch\/wp-json\/wp\/v2\/media?parent=855"}],"curies":[{"name":"wp","href":"https:\/\/api.w.org\/{rel}","templated":true}]}}