{"id":9,"date":"2023-02-01T15:02:08","date_gmt":"2023-02-01T14:02:08","guid":{"rendered":"http:\/\/energieberatung-seeland.ch\/?page_id=9"},"modified":"2026-04-13T10:06:01","modified_gmt":"2026-04-13T08:06:01","slug":"home","status":"publish","type":"page","link":"https:\/\/energieberatung-seeland.ch\/fr_ch\/","title":{"rendered":"Bienvenue"},"content":{"rendered":"<div class=\"wp-block-uagb-container uagb-block-9e4081c4 alignfull uagb-is-root-container\"><div class=\"uagb-container-inner-blocks-wrap\">\n<div class=\"wp-block-uagb-container uagb-block-d9c151c6\">\n<div class=\"wp-block-uagb-image alignleft uagb-block-2105a61f wp-block-uagb-image--layout-default wp-block-uagb-image--effect-static wp-block-uagb-image--align-left\"><figure class=\"wp-block-uagb-image__figure\"><img loading=\"lazy\" decoding=\"async\" srcset=\"https:\/\/energieberatung-seeland.ch\/wp-content\/uploads\/2025\/10\/ECO-Black-20.png ,https:\/\/energieberatung-seeland.ch\/wp-content\/uploads\/2025\/10\/ECO-Black-20.png 780w, https:\/\/energieberatung-seeland.ch\/wp-content\/uploads\/2025\/10\/ECO-Black-20.png 360w\" sizes=\"auto, (max-width: 480px) 150px\" src=\"https:\/\/energieberatung-seeland.ch\/wp-content\/uploads\/2025\/10\/ECO-Black-20.png\" alt=\"\" class=\"uag-image-1760\" width=\"150\" height=\"150\" title=\"ECO-Black-20\" role=\"img\"\/><\/figure><\/div>\n<\/div>\n\n\n\n<div class=\"wp-block-uagb-container uagb-block-f7a3d585\">\n<div class=\"wp-block-buttons alignwide is-layout-flex wp-block-buttons-is-layout-flex\">\n<div class=\"wp-block-button has-custom-width wp-block-button__width-75\"><a class=\"wp-block-button__link wp-element-button\" href=\"https:\/\/outlook.office365.com\/book\/EBS@emchberger.onmicrosoft.com\/\" target=\"_blank\" rel=\"noreferrer noopener\">R\u00e9server un rendez-vous de consultation directement en ligne<\/a><\/div>\n<\/div>\n\n\n<\/div>\n<\/div><\/div>\n\n\n\n\n\n<p>Le but de cette institution est de proposer aux communes affili\u00e9es et \u00e0 la population des conseils neutres en mati\u00e8re d'\u00e9nergie (comme l'isolation thermique, le remplacement du chauffage, des renseignements sur les programmes d'encouragement et les prescriptions l\u00e9gales, etc.) par t\u00e9l\u00e9phone, par e-mail ou dans une salle de r\u00e9union \u00e0 Bienne. Contre une taxe (voir <a href=\"https:\/\/energieberatung-seeland.ch\/fr_ch\/angebot\/\" data-type=\"page\" data-id=\"177\">Offres<\/a>), des conseils peuvent \u00e9galement \u00eatre donn\u00e9s sur place, ce qui est particuli\u00e8rement utile pour les r\u00e9novations de chauffage et les r\u00e9novations globales.<\/p>\n\n\n\n<p>Le conseil en \u00e9nergie du Seeland est financ\u00e9 par les contributions des 61 communes affili\u00e9es, par une subvention du canton et par les recettes des conseils donn\u00e9s sur place.<\/p>\n\n\n\n<p>La construction ou la r\u00e9novation d'un b\u00e2timent est le moment id\u00e9al pour r\u00e9duire durablement la consommation d'\u00e9nergie et utiliser des \u00e9nergies renouvelables. Avec le service public de conseil en \u00e9nergie du Seeland, la r\u00e9gion dispose d'un service sp\u00e9cialis\u00e9 ind\u00e9pendant pour les questions \u00e9nerg\u00e9tiques. Il est g\u00e9r\u00e9 par <a href=\"https:\/\/www.seeland-biel-bienne.ch\/fr\/\" target=\"_blank\" rel=\"noreferrer noopener\">seeland.biel\/bienne<\/a> sur mandat du canton et aide les particuliers, les PME et les communes \u00e0 prendre les bonnes d\u00e9cisions.<\/p>\n\n\n\n<p>Le service public de conseil en \u00e9nergie du Seeland aide les propri\u00e9taires, les entreprises et les communes \u00e0 choisir le bon chauffage, \u00e0 passer aux \u00e9nergies renouvelables et \u00e0 prendre des mesures pour r\u00e9duire la consommation d'\u00e9nergie. Il dispose d'un grand savoir-faire et conna\u00eet les dispositions l\u00e9gales et les conditions cadres. Elle peut ainsi montrer \u00e0 ses clients comment proc\u00e9der pour r\u00e9aliser des investissements efficaces et profiter au mieux des aides et des subventions. Le conseil est ind\u00e9pendant des entreprises et des produits.<\/p>\n\n\n\n\n\n\n\n\n\n<p><strong>Communes :<\/strong><\/p>\n\n\n\n<p>61 communes du Seeland bernois sont membres de seeland.biel\/bienne. Trois communes du Jura bernois sont li\u00e9es \u00e0 seeland.biel\/bienne en tant que membres associ\u00e9s. Le p\u00e9rim\u00e8tre de seeland.biel\/bienne est identique \u00e0 l'arrondissement administratif du Seeland (unit\u00e9 administrative d\u00e9centralis\u00e9e du canton de Berne).<\/p>\n\n\n\n<div class=\"wp-block-uagb-image aligncenter uagb-block-18f310ee wp-block-uagb-image--layout-default wp-block-uagb-image--effect-static wp-block-uagb-image--align-center\"><figure class=\"wp-block-uagb-image__figure\"><a class=\"\" href=\"https:\/\/energieberatung-seeland.ch\/wp-content\/uploads\/2024\/04\/Karte_Mitglieder_2022_FR.pdf\" target=\"\" rel=\"noopener\"><img loading=\"lazy\" decoding=\"async\" srcset=\"https:\/\/energieberatung-seeland.ch\/wp-content\/uploads\/2024\/04\/Communes-scaled.jpg 2560w, https:\/\/energieberatung-seeland.ch\/wp-content\/uploads\/2024\/04\/Communes-300x230.jpg 300w, https:\/\/energieberatung-seeland.ch\/wp-content\/uploads\/2024\/04\/Communes-1024x786.jpg 1024w, https:\/\/energieberatung-seeland.ch\/wp-content\/uploads\/2024\/04\/Communes-768x589.jpg 768w, https:\/\/energieberatung-seeland.ch\/wp-content\/uploads\/2024\/04\/Communes-1536x1179.jpg 1536w, https:\/\/energieberatung-seeland.ch\/wp-content\/uploads\/2024\/04\/Communes-2048x1572.jpg 2048w, https:\/\/energieberatung-seeland.ch\/wp-content\/uploads\/2024\/04\/Communes-16x12.jpg 16w\" sizes=\"auto, (max-width: 480px) 150px\" src=\"https:\/\/energieberatung-seeland.ch\/wp-content\/uploads\/2024\/04\/Communes-scaled.jpg\" alt=\"\" class=\"uag-image-677\" width=\"834\" height=\"652\" title=\"Communes\" role=\"img\"\/><\/a><\/figure><\/div>\n\n\n\n<p><\/p>\n\n\n\n<figure class=\"wp-block-table aligncenter is-style-stripes\"><table><tbody><tr><td><a href=\"https:\/\/www.aarberg.ch\/de\" target=\"_blank\" rel=\"noreferrer noopener\">Aarberg<\/a><\/td><td><a href=\"http:\/\/www.aegerten.ch\/\" target=\"_blank\" rel=\"noreferrer noopener\">Aegerten<\/a><\/td><td><a href=\"https:\/\/www.arch-be.ch\/de\/index.php\" target=\"_blank\" rel=\"noreferrer noopener\">Arch<\/a><\/td><\/tr><tr><td><a href=\"https:\/\/www.bargen-be.ch\/\" target=\"_blank\" rel=\"noreferrer noopener\">Bargen<\/a><\/td><td><a href=\"http:\/\/www.bellmund.ch\/\" target=\"_blank\" rel=\"noreferrer noopener\">Bellmund<\/a><\/td><td><a href=\"https:\/\/www.biel-bienne.ch\/de\/pub\/biel_aktuell.cfm\" target=\"_blank\" rel=\"noreferrer noopener\">Biel\/Bienne<\/a><\/td><\/tr><tr><td><a href=\"https:\/\/www.bruegg.ch\/de\/index.php\" target=\"_blank\" rel=\"noreferrer noopener\">Br\u00fcgg<\/a><\/td><td><a href=\"http:\/\/www.bruettelen.ch\/\" target=\"_blank\" rel=\"noreferrer noopener\">Br\u00fcttelen<\/a><\/td><td><a href=\"https:\/\/www.bueetigen.ch\/\" target=\"_blank\" rel=\"noreferrer noopener\">B\u00fcetigen<\/a><\/td><\/tr><tr><td><a href=\"http:\/\/www.bueren.ch\/de\/index.php\" target=\"_blank\" rel=\"noreferrer noopener\">B\u00fcren an der Aare<\/a><\/td><td><a href=\"http:\/\/buehl.ch\/\" target=\"_blank\" rel=\"noreferrer noopener\">B\u00fchl<\/a><\/td><td><a href=\"https:\/\/www.diessbach.ch\/diessbach\/\" target=\"_blank\" rel=\"noreferrer noopener\">Diessbach<\/a><\/td><\/tr><tr><td><a href=\"https:\/\/www.dotzigen.ch\/web\/\" target=\"_blank\" rel=\"noreferrer noopener\">Dotzigen<\/a><\/td><td><a href=\"https:\/\/epsach.ch\/\" target=\"_blank\" rel=\"noreferrer noopener\">Epsach<\/a><\/td><td><a href=\"https:\/\/www.erlach.ch\/\" target=\"_blank\" rel=\"noreferrer noopener\">Erlach<\/a><\/td><\/tr><tr><td><a href=\"http:\/\/www.evilard.ch\/\" target=\"_blank\" rel=\"noreferrer noopener\">Evilard<\/a><\/td><td><a href=\"https:\/\/www.finsterhennen.ch\/\" target=\"_blank\" rel=\"noreferrer noopener\">Finsterhennen<\/a><\/td><td><a href=\"http:\/\/gals.ch\/\" target=\"_blank\" rel=\"noreferrer noopener\">Gals<\/a><\/td><\/tr><tr><td><a href=\"https:\/\/www.gampelen.ch\/\" target=\"_blank\" rel=\"noreferrer noopener\">Gampelen<\/a><\/td><td><a href=\"https:\/\/www.grossaffoltern.ch\/de\/index.php\" target=\"_blank\" rel=\"noreferrer noopener\">Grossaffoltern<\/a><\/td><td><a href=\"https:\/\/hagneck.ch\/\" target=\"_blank\" rel=\"noreferrer noopener\">Hagneck<\/a><\/td><\/tr><tr><td><a href=\"http:\/\/www.hermrigen.ch\/\" target=\"_blank\" rel=\"noreferrer noopener\">Hermrigen<\/a><\/td><td><a href=\"https:\/\/www.ins.ch\/de\/index.php\" target=\"_blank\" rel=\"noreferrer noopener\">Ins<\/a><\/td><td><a href=\"http:\/\/www.ipsach.ch\/index.php\" target=\"_blank\" rel=\"noreferrer noopener\">Ipsach<\/a><\/td><\/tr><tr><td><a href=\"http:\/\/www.jens.ch\/\" target=\"_blank\" rel=\"noreferrer noopener\">Jens<\/a><\/td><td><a href=\"http:\/\/www.kallnach.ch\/\" target=\"_blank\" rel=\"noreferrer noopener\">Kallnach<\/a><\/td><td><a href=\"http:\/\/www.kappelen.ch\/de\/\" target=\"_blank\" rel=\"noreferrer noopener\">Kappelen<\/a><\/td><\/tr><tr><td><a href=\"https:\/\/lengnau.ch\/\" target=\"_blank\" rel=\"noreferrer noopener\">Lengnau<\/a><\/td><td><a href=\"https:\/\/leuzigen.ch\/einwohnergemeinde-leuzigen\/index.php\" target=\"_blank\" rel=\"noreferrer noopener\">Leuzigen<\/a><\/td><td><a href=\"http:\/\/www.ligerz.ch\/\" target=\"_blank\" rel=\"noreferrer noopener\">Ligerz<\/a><\/td><\/tr><tr><td><a href=\"https:\/\/www.luescherz.ch\/startseite\" target=\"_blank\" rel=\"noreferrer noopener\">L\u00fcscherz<\/a><\/td><td><a href=\"https:\/\/www.lyss.ch\/de\/index.php\" target=\"_blank\" rel=\"noreferrer noopener\">Lyss<\/a><\/td><td><a href=\"http:\/\/www.meienried.ch\/\" target=\"_blank\" rel=\"noreferrer noopener\">Meienried<\/a><\/td><\/tr><tr><td><a href=\"http:\/\/www.meinisberg.ch\/\" target=\"_blank\" rel=\"noreferrer noopener\">Meinisberg<\/a><\/td><td><a href=\"http:\/\/www.merzligen.ch\/\" target=\"_blank\" rel=\"noreferrer noopener\">Merzligen<\/a><\/td><td><a href=\"https:\/\/www.moerigen.ch\/\" target=\"_blank\" rel=\"noreferrer noopener\">M\u00f6rigen<\/a><\/td><\/tr><tr><td><a href=\"https:\/\/www.muentschemier.ch\/de\/willkommen\/\" target=\"_blank\" rel=\"noreferrer noopener\">M\u00fcntschemier<\/a><\/td><td><a href=\"https:\/\/www.nidau.ch\/\" target=\"_blank\" rel=\"noreferrer noopener\">Nidau<\/a><\/td><td><a href=\"https:\/\/www.oberwil-bueren.ch\/\" target=\"_blank\" rel=\"noreferrer noopener\">Oberwil bei B\u00fcren<\/a><\/td><\/tr><tr><td><a href=\"https:\/\/www.orpund.ch\/\" target=\"_blank\" rel=\"noreferrer noopener\">Orpund<\/a><\/td><td><a href=\"https:\/\/pieterlen.ch\/\" target=\"_blank\" rel=\"noreferrer noopener\">Pieterlen<\/a><\/td><td><a href=\"http:\/\/www.port.ch\/de\/\" target=\"_blank\" rel=\"noreferrer noopener\">Port<\/a><\/td><\/tr><tr><td><a href=\"https:\/\/www.radelfingen.ch\/de\/startseite\/\" target=\"_blank\" rel=\"noreferrer noopener\">Radelfingen<\/a><\/td><td><a href=\"https:\/\/www.rapperswil-be.ch\/de\/index.php\" target=\"_blank\" rel=\"noreferrer noopener\">Rapperswil<\/a><\/td><td><a href=\"http:\/\/www.ruetibeibueren.ch\/\" target=\"_blank\" rel=\"noreferrer noopener\">R\u00fcti bei B\u00fcren<\/a><\/td><\/tr><tr><td><a href=\"https:\/\/www.safnern.ch\/de\/index.php\" target=\"_blank\" rel=\"noreferrer noopener\">Safnern<\/a><\/td><td><a href=\"https:\/\/www.gemeinde-scheuren.ch\/\" target=\"_blank\" rel=\"noreferrer noopener\">Scheuren<\/a><\/td><td><a href=\"http:\/\/www.schuepfen.ch\/de\/index.php\" target=\"_blank\" rel=\"noreferrer noopener\">Sch\u00fcpfen<\/a><\/td><\/tr><tr><td><a href=\"https:\/\/www.schwadernau.ch\/home\/\" target=\"_blank\" rel=\"noreferrer noopener\">Schwadernau<\/a><\/td><td><a href=\"https:\/\/www.seedorf.ch\/de\/index.php\" target=\"_blank\" rel=\"noreferrer noopener\">Seedorf<\/a><\/td><td><a href=\"https:\/\/www.siselen.ch\/\" target=\"_blank\" rel=\"noreferrer noopener\">Siselen<\/a><\/td><\/tr><tr><td><a href=\"https:\/\/www.studen.ch\/\" target=\"_blank\" rel=\"noreferrer noopener\">Studen<\/a><\/td><td><a href=\"https:\/\/www.sutz-lattrigen.ch\/de\/index.php\" target=\"_blank\" rel=\"noreferrer noopener\">Sutz-Lattrigen<\/a><\/td><td><a href=\"https:\/\/www.taeuffelen.ch\/de\/startseite\/\" target=\"_blank\" rel=\"noreferrer noopener\">T\u00e4uffelen-Gerolfingen<\/a><\/td><\/tr><tr><td><a href=\"http:\/\/www.treiten.ch\/gemeinde-treiten\/gemeinde\/index.php\" target=\"_blank\" rel=\"noreferrer noopener\">Treiten<\/a><\/td><td><a href=\"https:\/\/tschugg.ch\/\" target=\"_blank\" rel=\"noreferrer noopener\">Tschugg<\/a><\/td><td><a href=\"http:\/\/www.twann.ch\/de\/\" target=\"_blank\" rel=\"noreferrer noopener\">Twann-T\u00fcscherz<\/a><\/td><\/tr><tr><td><a href=\"https:\/\/vinelz.ch\/\" target=\"_blank\" rel=\"noreferrer noopener\">Vinelz<\/a><\/td><td><a href=\"https:\/\/www.walperswil.ch\/\" target=\"_blank\" rel=\"noreferrer noopener\">Walperswil<\/a><\/td><td><a href=\"https:\/\/www.wengi-be.ch\/\" target=\"_blank\" rel=\"noreferrer noopener\">Wengi bei B\u00fcren<\/a><\/td><\/tr><tr><td><a href=\"http:\/\/www.worben.ch\/de\/index.php\" target=\"_blank\" rel=\"noreferrer noopener\">Worben<\/a><\/td><\/tr><\/tbody><\/table><\/figure>\n\n\n\n<p><\/p>","protected":false},"excerpt":{"rendered":"<p>Zweck dieser Institution ist es, den angeschlossen Gemeinden und der Bev\u00f6lkerung eine neutrale Energieberatung (wie z.B. W\u00e4rmed\u00e4mmung, Heizungsersatz, Auskunft \u00fcber F\u00f6rderprogramme und gesetzliche Vorgaben etc.) am Telefon, per E-Mail oder im Sitzungszimmer in Biel anzubieten. Gegen eine Geb\u00fchr (siehe Angebot) k\u00f6nnen auch Beratungen vor Ort durchgef\u00fchrt werden, was besonders bei Heizungs- und Gesamtsanierungen sinnvoll ist. [&hellip;]<\/p>\n","protected":false},"author":2,"featured_media":0,"parent":0,"menu_order":0,"comment_status":"closed","ping_status":"closed","template":"","meta":{"_uag_custom_page_level_css":"","site-sidebar-layout":"no-sidebar","site-content-layout":"plain-container","ast-site-content-layout":"normal-width-container","site-content-style":"unboxed","site-sidebar-style":"unboxed","ast-global-header-display":"","ast-banner-title-visibility":"","ast-main-header-display":"","ast-hfb-above-header-display":"","ast-hfb-below-header-display":"","ast-hfb-mobile-header-display":"","site-post-title":"","ast-breadcrumbs-content":"","ast-featured-img":"","footer-sml-layout":"","ast-disable-related-posts":"","theme-transparent-header-meta":"disabled","adv-header-id-meta":"","stick-header-meta":"","header-above-stick-meta":"","header-main-stick-meta":"","header-below-stick-meta":"","astra-migrate-meta-layouts":"set","ast-page-background-enabled":"default","ast-page-background-meta":{"desktop":{"background-color":"var(--ast-global-color-4)","background-image":"","background-repeat":"repeat","background-position":"center center","background-size":"auto","background-attachment":"scroll","background-type":"","background-media":"","overlay-type":"","overlay-color":"","overlay-opacity":"","overlay-gradient":""},"tablet":{"background-color":"","background-image":"","background-repeat":"repeat","background-position":"center center","background-size":"auto","background-attachment":"scroll","background-type":"","background-media":"","overlay-type":"","overlay-color":"","overlay-opacity":"","overlay-gradient":""},"mobile":{"background-color":"","background-image":"","background-repeat":"repeat","background-position":"center center","background-size":"auto","background-attachment":"scroll","background-type":"","background-media":"","overlay-type":"","overlay-color":"","overlay-opacity":"","overlay-gradient":""}},"ast-content-background-meta":{"desktop":{"background-color":"var(--ast-global-color-5)","background-image":"","background-repeat":"repeat","background-position":"center center","background-size":"auto","background-attachment":"scroll","background-type":"","background-media":"","overlay-type":"","overlay-color":"","overlay-opacity":"","overlay-gradient":""},"tablet":{"background-color":"var(--ast-global-color-5)","background-image":"","background-repeat":"repeat","background-position":"center center","background-size":"auto","background-attachment":"scroll","background-type":"","background-media":"","overlay-type":"","overlay-color":"","overlay-opacity":"","overlay-gradient":""},"mobile":{"background-color":"var(--ast-global-color-5)","background-image":"","background-repeat":"repeat","background-position":"center center","background-size":"auto","background-attachment":"scroll","background-type":"","background-media":"","overlay-type":"","overlay-color":"","overlay-opacity":"","overlay-gradient":""}},"footnotes":""},"class_list":["post-9","page","type-page","status-publish","hentry"],"uagb_featured_image_src":{"full":false,"thumbnail":false,"medium":false,"medium_large":false,"large":false,"1536x1536":false,"2048x2048":false,"trp-custom-language-flag":false},"uagb_author_info":{"display_name":"Beat Bachmann","author_link":"https:\/\/energieberatung-seeland.ch\/fr_ch\/author\/lehnherre\/"},"uagb_comment_info":0,"uagb_excerpt":"Zweck dieser Institution ist es, den angeschlossen Gemeinden und der Bev\u00f6lkerung eine neutrale Energieberatung (wie z.B. W\u00e4rmed\u00e4mmung, Heizungsersatz, Auskunft \u00fcber F\u00f6rderprogramme und gesetzliche Vorgaben etc.) am Telefon, per E-Mail oder im Sitzungszimmer in Biel anzubieten. Gegen eine Geb\u00fchr (siehe Angebot) k\u00f6nnen auch Beratungen vor Ort durchgef\u00fchrt werden, was besonders bei Heizungs- und Gesamtsanierungen sinnvoll ist.\u2026","_links":{"self":[{"href":"https:\/\/energieberatung-seeland.ch\/fr_ch\/wp-json\/wp\/v2\/pages\/9","targetHints":{"allow":["GET"]}}],"collection":[{"href":"https:\/\/energieberatung-seeland.ch\/fr_ch\/wp-json\/wp\/v2\/pages"}],"about":[{"href":"https:\/\/energieberatung-seeland.ch\/fr_ch\/wp-json\/wp\/v2\/types\/page"}],"author":[{"embeddable":true,"href":"https:\/\/energieberatung-seeland.ch\/fr_ch\/wp-json\/wp\/v2\/users\/2"}],"replies":[{"embeddable":true,"href":"https:\/\/energieberatung-seeland.ch\/fr_ch\/wp-json\/wp\/v2\/comments?post=9"}],"version-history":[{"count":69,"href":"https:\/\/energieberatung-seeland.ch\/fr_ch\/wp-json\/wp\/v2\/pages\/9\/revisions"}],"predecessor-version":[{"id":1853,"href":"https:\/\/energieberatung-seeland.ch\/fr_ch\/wp-json\/wp\/v2\/pages\/9\/revisions\/1853"}],"wp:attachment":[{"href":"https:\/\/energieberatung-seeland.ch\/fr_ch\/wp-json\/wp\/v2\/media?parent=9"}],"curies":[{"name":"wp","href":"https:\/\/api.w.org\/{rel}","templated":true}]}}